{"id":1592,"date":"2013-11-27T16:42:52","date_gmt":"2013-11-27T15:42:52","guid":{"rendered":"http:\/\/beit-emoenah.nl\/26\/?page_id=1592"},"modified":"2019-08-24T20:37:10","modified_gmt":"2019-08-24T18:37:10","slug":"de-bruid-van-jhwh","status":"publish","type":"page","link":"https:\/\/beit-emoenah.nl\/26\/studies\/de-bruid-van-jhwh\/","title":{"rendered":"De Bruid van JHWH"},"content":{"rendered":"<p>Op deze pagina vindt u meer informatie over De Bruid van JHWH.<\/p>\n<p><strong><em>De \u201cBruid van Mashiach\u201d is niet de gemeente<\/em><\/strong><\/p>\n<p>Voorwoord betreffend de Bruid van Mashiach<\/p>\n<p>Er is een \u201cvrouw van het lam, de bruid van Mashiach\u201d, maar dat is niet de gemeente.<\/p>\n<p>De Schrift stelt duidelijk dat de \u201cde bruid, de vrouw des Lams\u201d het heilige Jerusalem is.<\/p>\n<p>Hitgalut (Openbaring) 21:9-10<strong><em><br \/>\n\u201cKom, ik zal u de bruid, de vrouw van het Lam, laten zien. En hij voerde mij weg in de geest op een grote en hoge berg en liet mij de grote stad zien, het heilige Jeruzalem, dat neerdaalde uit de hemel, bij God vandaan\u201d.<\/em><\/strong><\/p>\n<p>Het is niet mogelijk dat Openbaring 19:07 verwijst naar de gemeente (kerk)! Het moet iets anders zijn!<br \/>\nAls de gemeente (kerk) namelijk \u201cde bruid van Mashiach\u201d is dan moeten de christenen iets gedaan hebben om \u201czichzelf gereed\u201d gemaakt te hebben of ze moeten het nog doen.<\/p>\n<p>Hitgalut (Openbaring) 19:07 zegt:<br \/>\n<strong><em>\u201cLaten wij blij zijn en ons verheugen en Hem de heerlijkheid geven, want de bruiloft van het Lam is gekomen en Zijn vrouw heeft zich gereedgemaakt.\u201d<\/em><\/strong><\/p>\n<p>Dit vereist dat er \u201cwerken\u201d zouden moeten worden gedaan door christenen om verheerlijkt te worden, om gereed te worden, als gemeente van Mashiach. De Schrift zegt echter dat de gelovige rechtvaardig is gemaakt door Yeshua, en door Zijn offer geheiligd is. Alleen door geloof in Hem kan een mens gerechtvaardigd en geheiligd worden. Zo is dan, de gemeente (kerk), in Gods ogen al klaar.<\/p>\n<p>Daarnaast zou, als de Gemeente (kerk) \u201cde bruid, de vrouw des Lams\u201d zou zijn, die engel Johannes iets anders hebben laten zien namelijk \u2018de gemeente\u2019 (kerk), en niet het Heilige Jerusalem.<\/p>\n<p>Yeshua onderwees bovendien nergens dat Zijn lichaam <span style=\"text-decoration: underline;\">ook<\/span> zijn bruid is. En ook Shaul (Paulus) leert dit nergens.<\/p>\n<p>De gelovigen uit de heidenen worden in de hele Briet Chadasjah (het hele Nieuwe Testament) herhaaldelijk genoemd als \u201czonen van God\u201d, \u201chet Lichaam van Yeshua\u201d en \u201cde kerk\u201d, maar worden nergens \u201cde bruid van Yeshua\u201d genoemd.<\/p>\n<p align=\"center\">======================================================<\/p>\n<p>Uitleg<\/p>\n<p>De Eeuwige zelf heeft zich Zijn uitverkoren volk, Isra\u00ebl, persoonlijk <span style=\"text-decoration: underline;\">voor alle eeuwigheid<\/span> uitgekozen en uitverkoren tot Zijn bruid.<\/p>\n<p>Hosjea\u2019 (Hosea) 2:19-20<br \/>\n<strong><em>\u201cIk zal u <span style=\"text-decoration: underline;\">voor eeuwig tot Mijn bruid nemen<\/span>: ja, Ik zal u tot Mijn bruid nemen in gerechtigheid en in recht, in goedertierenheid en in barmhartigheid. <span style=\"text-decoration: underline;\">In trouw zal Ik u voor Mij als bruid nemen<\/span>; en u zult JHWH Elohim kennen\u201d.<\/em><\/strong><\/p>\n<p>Jesja\u2019jahoe (Jesaja) 54:5<br \/>\n<strong><em>\u201cWant <span style=\"text-decoration: underline;\">uw Maker is uw Man<\/span>, JHWH Elohim van de legermachten is Zijn Naam, en uw Verlosser is de Heilige van Isra\u00ebl, de Elohim van heel de aarde zal Hij genoemd worden\u201d.<\/em><\/strong><\/p>\n<p>Als de Eeuwige zelf, zoals onder andere in Hosea, zegt dat Isra\u00ebl voor eeuwig Zijn bruid zal zijn kan het niet zo zijn dat Hij dat in Briet Chadasjah ongedaan maakt.<br \/>\nMaar hoe zit het dan met de gelovigen uit de volkeren?<br \/>\nBriet Chadasjah leert ons dat de gemeente het <span style=\"text-decoration: underline;\">lichaam<\/span> van Yeshua is.<\/p>\n<p>Romim (Romeinen) 12:4-5<br \/>\n<strong><em>\u201cWant zoals wij in \u00e9\u00e9n lichaam vele leden hebben en de leden niet alle dezelfde functie hebben, zo zijn wij, hoewel velen, \u00e9\u00e9n lichaam in Mashiach, maar ieder afzonderlijk leden van elkaar\u201d.<\/em><\/strong><\/p>\n<p>Maar ook Yeshua zelf zegt hierover iets. In onder andere Johannes 12:32 spreekt Hij uit wat Hij aan het kruis zal doen, of beter, wat er zal worden gedaan als Hij van de aarde verhoogd is:<\/p>\n<p>Yochanan (Johannes) 12:32<br \/>\n<strong><em>\u201cEn Ik, als Ik van de aarde verhoogd ben, zal allen naar Mij toe trekken. (En dit zei Hij om aan te duiden welke dood Hij zou sterven.)\u201d<\/em><\/strong><\/p>\n<p>Als we deze tekst vanuit de grondteksten nader bestuderen en de Hebreeuwse uitleg overnemen zou er een andere vertaling naar voren komen die beter past in het handelen van de Eeuwige zelf. Een betere vertaling zou zijn:<\/p>\n<p><strong><em>\u201cEn Ik, als Ik van de aarde verhoogd ben, zal JHWH Elohim allen in Mij plaatsen. (En dit zei Hij om aan te duiden welke dood Hij zou sterven.)\u201d<\/em><\/strong><\/p>\n<p>Met deze vertaling wordt ook beter duidelijk dat het lichaam van Yeshua bestaat uit de gelovigen uit de volkeren die, nadat ze in het graf gelegen hebben, weer met Hem, in Hem, in eeuwig leven opstaan met hun verheerlijkte lichaam. Naast dat dit uitleg geeft aan de onderhavige studie geeft dit tevens een beter inzicht in diverse andere delen van het onderwijs van Yeshua aangaande de behoudenis van de gelovigen. Zie hiervoor de andere studies op deze website.<\/p>\n<p>In alle verzen van de Briet Chadasjah waar een vergelijking gebruikt wordt met Yeshua als bruidegom en de gemeente <strong><span style=\"text-decoration: underline;\">als<\/span><\/strong> bruid gaat het erom de eenheid van Hem en Zijn gemeente te beschrijven <strong><span style=\"text-decoration: underline;\">als<\/span><\/strong> dezelfde eenheid die er moet zijn tussen man en vrouw. Maar tevens wordt het daar gebruikt om vanuit de eenheid van Hem met Zijn gemeente, de eenheid tussen Hoofd (Yeshua) en Lichaam (de gemeente), en dus het belang van de trouw in en de onscheidbaarheid van het huwelijk te beschrijven. Nergens wordt de gemeente <strong><span style=\"text-decoration: underline;\">de<\/span><\/strong> bruid genoemd of als zodanig aangeduid.<\/p>\n<p>Als Yeshua dus &#8220;weerkomt&#8221; (of beter gezegd &#8220;Als HaShem komt&#8221;) met Zijn gemeente, Zijn lichaam, dan komt Hij dus als <span style=\"text-decoration: underline;\">bruidegom<\/span>. De gemeente is het lichaam van de bruidegom en Yeshua is het hoofd van de bruidegom. En in Openbaring 21 zien we dat Hij komt voor Zijn Bruid, het Heilige Jerusalem.<\/p>\n<p>Wat is dan dit Heilige Jerusalem als we eerder gezien hebben dat Isra\u00ebl de \u201cBruid voor eeuwig\u201d is?<\/p>\n<p>De Schrift leert dat Yeshua pas weerkomt als heel Isra\u00ebl naar Hem roept en er geen onbesnedene meer woont in Jerusalem:<\/p>\n<p>Mattithyahu (Matthe\u00fcs) 23:37-39:<br \/>\n<strong><em>\u201cJeruzalem, Jeruzalem, u die de profeten doodt en stenigt wie naar u toe gezonden zijn! Hoe vaak heb Ik uw kinderen bijeen willen brengen, op de wijze waarop een hen haar kuikens bijeenbrengt onder haar vleugels; maar u hebt niet gewild! Zie, uw huis wordt als een woestenij voor u achtergelaten. Want Ik zeg u: U zult Mij van nu af aan niet zien, totdat u zegt: Gezegend is Hij Die komt in de Naam van de Heere!\u201d<\/em><\/strong><\/p>\n<p>Jesja\u2019jahoe (Jesaja) 52:1<br \/>\n<strong><em>\u201cWaak op, waak op, trek uw sterkte aan, o Sion! trek uw sierlijke klederen\u00a0 aan, o Jeruzalem, gij heilige stad? want in u zal voortaan geen onbesnedene noch onreine meer komen\u201d.<\/em><\/strong><\/p>\n<p>De bruid uit Openbaring is dus het, door het offer van Yeshua, geheiligde (dan geheel gelovige) volk Isra\u00ebl dat woont in de geheiligde stad Jerusalem.<\/p>\n<p><strong><span style=\"text-decoration: underline;\">Dan zal het plan van de Eeuwige tot Zijn doel zijn gekomen!<\/span><\/strong><\/p>\n<p>De gehele schepping is dan terug naar de eenheid die JHWH Elohim van voor de grondlegging der wereld al voor ogen had.<br \/>\nHijzelf, JHWH, is \u201c<strong><em>\u00e9\u00e9n<\/em><\/strong>\u201d geworden met Zijn Lichaam, bestaand uit alle gelovigen uit de volkeren, en Zijn Bruid, bestaand uit Isra\u00ebl en Jerusalem.<\/p>\n","protected":false},"excerpt":{"rendered":"<p>Op deze pagina vindt u meer informatie over De Bruid van JHWH. De \u201cBruid van Mashiach\u201d is niet de gemeente Voorwoord betreffend [&hellip;]<\/p>\n","protected":false},"author":2,"featured_media":0,"parent":688,"menu_order":17,"comment_status":"closed","ping_status":"closed","template":"","meta":{"footnotes":""},"class_list":["post-1592","page","type-page","status-publish","hentry"],"yoast_head":"<!-- This site is optimized with the Yoast SEO plugin v27.2 - https:\/\/yoast.com\/product\/yoast-seo-wordpress\/ -->\n<title>De Bruid van JHWH | Beit Emoenah<\/title>\n<meta name=\"description\" content=\"De Bruid van JHWH bij Beit Emoenah. Bekijk alle informatie, veelgestelde vragen en neem vandaag nog contact met ons op voor persoonlijk advies.\" \/>\n<meta name=\"robots\" content=\"index, follow, max-snippet:-1, max-image-preview:large, max-video-preview:-1\" \/>\n<link rel=\"canonical\" href=\"https:\/\/beit-emoenah.nl\/26\/studies\/de-bruid-van-jhwh\/\" \/>\n<meta property=\"og:locale\" content=\"nl_NL\" \/>\n<meta property=\"og:type\" content=\"article\" \/>\n<meta property=\"og:title\" content=\"De Bruid van JHWH - Beit Emoenah\" \/>\n<meta property=\"og:description\" content=\"De Bruid van JHWH - Alle informatie bij Beit Emoenah.\" \/>\n<meta property=\"og:url\" content=\"https:\/\/beit-emoenah.nl\/26\/studies\/de-bruid-van-jhwh\/\" \/>\n<meta property=\"og:site_name\" content=\"Beit Emoenah\" \/>\n<meta property=\"article:modified_time\" content=\"2019-08-24T18:37:10+00:00\" \/>\n<meta name=\"twitter:card\" content=\"summary_large_image\" \/>\n<meta name=\"twitter:title\" content=\"De Bruid van JHWH - Beit Emoenah\" \/>\n<meta name=\"twitter:description\" content=\"De Bruid van JHWH - Alle informatie bij Beit Emoenah.\" \/>\n<meta name=\"twitter:label1\" content=\"Geschatte leestijd\" \/>\n\t<meta name=\"twitter:data1\" content=\"6 minuten\" \/>\n<script type=\"application\/ld+json\" class=\"yoast-schema-graph\">{\"@context\":\"https:\/\/schema.org\",\"@graph\":[{\"@type\":\"WebPage\",\"@id\":\"https:\/\/beit-emoenah.nl\/26\/studies\/de-bruid-van-jhwh\/\",\"url\":\"https:\/\/beit-emoenah.nl\/26\/studies\/de-bruid-van-jhwh\/\",\"name\":\"De Bruid van JHWH | Beit Emoenah\",\"isPartOf\":{\"@id\":\"https:\/\/beit-emoenah.nl\/26\/#website\"},\"datePublished\":\"2013-11-27T15:42:52+00:00\",\"dateModified\":\"2019-08-24T18:37:10+00:00\",\"description\":\"De Bruid van JHWH bij Beit Emoenah. Bekijk alle informatie, veelgestelde vragen en neem vandaag nog contact met ons op voor persoonlijk advies.\",\"breadcrumb\":{\"@id\":\"https:\/\/beit-emoenah.nl\/26\/studies\/de-bruid-van-jhwh\/#breadcrumb\"},\"inLanguage\":\"nl-NL\",\"potentialAction\":[{\"@type\":\"ReadAction\",\"target\":[\"https:\/\/beit-emoenah.nl\/26\/studies\/de-bruid-van-jhwh\/\"]}]},{\"@type\":\"BreadcrumbList\",\"@id\":\"https:\/\/beit-emoenah.nl\/26\/studies\/de-bruid-van-jhwh\/#breadcrumb\",\"itemListElement\":[{\"@type\":\"ListItem\",\"position\":1,\"name\":\"Home\",\"item\":\"https:\/\/beit-emoenah.nl\/26\/\"},{\"@type\":\"ListItem\",\"position\":2,\"name\":\"Studies\",\"item\":\"https:\/\/beit-emoenah.nl\/26\/studies\/\"},{\"@type\":\"ListItem\",\"position\":3,\"name\":\"De Bruid van JHWH\"}]},{\"@type\":\"WebSite\",\"@id\":\"https:\/\/beit-emoenah.nl\/26\/#website\",\"url\":\"https:\/\/beit-emoenah.nl\/26\/\",\"name\":\"Beit Emoenah\",\"description\":\"Huis van geloof, vertrouwen, kracht en liefde\",\"publisher\":{\"@id\":\"https:\/\/beit-emoenah.nl\/26\/#organization\"},\"potentialAction\":[{\"@type\":\"SearchAction\",\"target\":{\"@type\":\"EntryPoint\",\"urlTemplate\":\"https:\/\/beit-emoenah.nl\/26\/?s={search_term_string}\"},\"query-input\":{\"@type\":\"PropertyValueSpecification\",\"valueRequired\":true,\"valueName\":\"search_term_string\"}}],\"inLanguage\":\"nl-NL\"},{\"@type\":\"Organization\",\"@id\":\"https:\/\/beit-emoenah.nl\/26\/#organization\",\"name\":\"Beit Emoenah\",\"url\":\"https:\/\/beit-emoenah.nl\/26\/\",\"logo\":{\"@type\":\"ImageObject\",\"inLanguage\":\"nl-NL\",\"@id\":\"https:\/\/beit-emoenah.nl\/26\/#\/schema\/logo\/image\/\",\"url\":\"https:\/\/beit-emoenah.nl\/26\/wp-content\/uploads\/2024\/07\/Logo-beit-emoenah.jpeg\",\"contentUrl\":\"https:\/\/beit-emoenah.nl\/26\/wp-content\/uploads\/2024\/07\/Logo-beit-emoenah.jpeg\",\"width\":573,\"height\":480,\"caption\":\"Beit Emoenah\"},\"image\":{\"@id\":\"https:\/\/beit-emoenah.nl\/26\/#\/schema\/logo\/image\/\"}}]}<\/script>\n<!-- \/ Yoast SEO plugin. -->","yoast_head_json":{"title":"De Bruid van JHWH | Beit Emoenah","description":"De Bruid van JHWH bij Beit Emoenah. Bekijk alle informatie, veelgestelde vragen en neem vandaag nog contact met ons op voor persoonlijk advies.","robots":{"index":"index","follow":"follow","max-snippet":"max-snippet:-1","max-image-preview":"max-image-preview:large","max-video-preview":"max-video-preview:-1"},"canonical":"https:\/\/beit-emoenah.nl\/26\/studies\/de-bruid-van-jhwh\/","og_locale":"nl_NL","og_type":"article","og_title":"De Bruid van JHWH - Beit Emoenah","og_description":"De Bruid van JHWH - Alle informatie bij Beit Emoenah.","og_url":"https:\/\/beit-emoenah.nl\/26\/studies\/de-bruid-van-jhwh\/","og_site_name":"Beit Emoenah","article_modified_time":"2019-08-24T18:37:10+00:00","twitter_card":"summary_large_image","twitter_title":"De Bruid van JHWH - Beit Emoenah","twitter_description":"De Bruid van JHWH - Alle informatie bij Beit Emoenah.","twitter_misc":{"Geschatte leestijd":"6 minuten"},"schema":{"@context":"https:\/\/schema.org","@graph":[{"@type":"WebPage","@id":"https:\/\/beit-emoenah.nl\/26\/studies\/de-bruid-van-jhwh\/","url":"https:\/\/beit-emoenah.nl\/26\/studies\/de-bruid-van-jhwh\/","name":"De Bruid van JHWH | Beit Emoenah","isPartOf":{"@id":"https:\/\/beit-emoenah.nl\/26\/#website"},"datePublished":"2013-11-27T15:42:52+00:00","dateModified":"2019-08-24T18:37:10+00:00","description":"De Bruid van JHWH bij Beit Emoenah. Bekijk alle informatie, veelgestelde vragen en neem vandaag nog contact met ons op voor persoonlijk advies.","breadcrumb":{"@id":"https:\/\/beit-emoenah.nl\/26\/studies\/de-bruid-van-jhwh\/#breadcrumb"},"inLanguage":"nl-NL","potentialAction":[{"@type":"ReadAction","target":["https:\/\/beit-emoenah.nl\/26\/studies\/de-bruid-van-jhwh\/"]}]},{"@type":"BreadcrumbList","@id":"https:\/\/beit-emoenah.nl\/26\/studies\/de-bruid-van-jhwh\/#breadcrumb","itemListElement":[{"@type":"ListItem","position":1,"name":"Home","item":"https:\/\/beit-emoenah.nl\/26\/"},{"@type":"ListItem","position":2,"name":"Studies","item":"https:\/\/beit-emoenah.nl\/26\/studies\/"},{"@type":"ListItem","position":3,"name":"De Bruid van JHWH"}]},{"@type":"WebSite","@id":"https:\/\/beit-emoenah.nl\/26\/#website","url":"https:\/\/beit-emoenah.nl\/26\/","name":"Beit Emoenah","description":"Huis van geloof, vertrouwen, kracht en liefde","publisher":{"@id":"https:\/\/beit-emoenah.nl\/26\/#organization"},"potentialAction":[{"@type":"SearchAction","target":{"@type":"EntryPoint","urlTemplate":"https:\/\/beit-emoenah.nl\/26\/?s={search_term_string}"},"query-input":{"@type":"PropertyValueSpecification","valueRequired":true,"valueName":"search_term_string"}}],"inLanguage":"nl-NL"},{"@type":"Organization","@id":"https:\/\/beit-emoenah.nl\/26\/#organization","name":"Beit Emoenah","url":"https:\/\/beit-emoenah.nl\/26\/","logo":{"@type":"ImageObject","inLanguage":"nl-NL","@id":"https:\/\/beit-emoenah.nl\/26\/#\/schema\/logo\/image\/","url":"https:\/\/beit-emoenah.nl\/26\/wp-content\/uploads\/2024\/07\/Logo-beit-emoenah.jpeg","contentUrl":"https:\/\/beit-emoenah.nl\/26\/wp-content\/uploads\/2024\/07\/Logo-beit-emoenah.jpeg","width":573,"height":480,"caption":"Beit Emoenah"},"image":{"@id":"https:\/\/beit-emoenah.nl\/26\/#\/schema\/logo\/image\/"}}]}},"_links":{"self":[{"href":"https:\/\/beit-emoenah.nl\/26\/wp-json\/wp\/v2\/pages\/1592","targetHints":{"allow":["GET"]}}],"collection":[{"href":"https:\/\/beit-emoenah.nl\/26\/wp-json\/wp\/v2\/pages"}],"about":[{"href":"https:\/\/beit-emoenah.nl\/26\/wp-json\/wp\/v2\/types\/page"}],"author":[{"embeddable":true,"href":"https:\/\/beit-emoenah.nl\/26\/wp-json\/wp\/v2\/users\/2"}],"replies":[{"embeddable":true,"href":"https:\/\/beit-emoenah.nl\/26\/wp-json\/wp\/v2\/comments?post=1592"}],"version-history":[{"count":5,"href":"https:\/\/beit-emoenah.nl\/26\/wp-json\/wp\/v2\/pages\/1592\/revisions"}],"predecessor-version":[{"id":5184,"href":"https:\/\/beit-emoenah.nl\/26\/wp-json\/wp\/v2\/pages\/1592\/revisions\/5184"}],"up":[{"embeddable":true,"href":"https:\/\/beit-emoenah.nl\/26\/wp-json\/wp\/v2\/pages\/688"}],"wp:attachment":[{"href":"https:\/\/beit-emoenah.nl\/26\/wp-json\/wp\/v2\/media?parent=1592"}],"curies":[{"name":"wp","href":"https:\/\/api.w.org\/{rel}","templated":true}]}}