{"id":1615,"date":"2013-12-01T15:09:21","date_gmt":"2013-12-01T14:09:21","guid":{"rendered":"http:\/\/beit-emoenah.nl\/26\/?page_id=1615"},"modified":"2014-09-27T19:28:08","modified_gmt":"2014-09-27T18:28:08","slug":"zevende-trompet-het-koninkrijk-geopenbaard","status":"publish","type":"page","link":"https:\/\/beit-emoenah.nl\/26\/studies\/openbaring\/zevende-trompet-het-koninkrijk-geopenbaard\/","title":{"rendered":"Zevende trompet: het Koninkrijk geopenbaard"},"content":{"rendered":"<p>Op deze pagina vindt u meer informatie over Zevende trompet: het Koninkrijk geopenbaard.<\/p>\n<p><a href=\"http:\/\/beit-emoenah.nl\/26\/wp-content\/uploads\/2013\/12\/shofars-kotel-plein.png\"><img fetchpriority=\"high\" decoding=\"async\" class=\"size-medium wp-image-1616 alignright\" style=\"margin: 20px;\" title=\"shofars kotel plein\" src=\"http:\/\/beit-emoenah.nl\/26\/wp-content\/uploads\/2013\/12\/shofars-kotel-plein-300x225.png\" alt=\"\" width=\"300\" height=\"225\" srcset=\"https:\/\/beit-emoenah.nl\/26\/wp-content\/uploads\/2013\/12\/shofars-kotel-plein-300x225.png 300w, https:\/\/beit-emoenah.nl\/26\/wp-content\/uploads\/2013\/12\/shofars-kotel-plein-150x112.png 150w, https:\/\/beit-emoenah.nl\/26\/wp-content\/uploads\/2013\/12\/shofars-kotel-plein-400x300.png 400w, https:\/\/beit-emoenah.nl\/26\/wp-content\/uploads\/2013\/12\/shofars-kotel-plein.png 625w\" sizes=\"(max-width: 300px) 100vw, 300px\" \/><\/a>Openbaring 11:15 vertelt ons dat de koninkrijken van de wereld (Babylon) van JHWH worden en het koninkrijk van JHWH bij de zevende trompet wordt ingesteld.<\/p>\n<p><strong><em>Hitgalut (Openbaring) 11:15-19<br \/>\n\u201cEn de zevende engel blies op de bazuin, en er klonken luide stemmen in de hemel, die zeiden: De koninkrijken van de wereld zijn van onze Adonai en van Zijn Mashiach geworden, en Hij zal Koning zijn in alle eeuwigheid. En de vierentwintig ouderlingen, die voor Elohim op hun troon zitten, wierpen zich met hun gezicht ter aarde en aanbaden Elohim, en zeiden: Wij danken U, JHWH, Elohim de Almachtige, Die is en Die was en Die komt, omdat U Uw grote kracht ter hand hebt genomen en Koning geworden bent. En de volken zijn toornig geworden, en Uw toorn is gekomen en daarmee ook het tijdstip voor de doden om geoordeeld te worden, en om het loon te geven aan Uw dienstknechten, de profeten, en aan de heiligen en aan hen die Uw naam vrezen, de kleinen en de groten, en om hen te vernietigen die de aarde vernietigden. En de tempel van Elohim in de hemel werd geopend en de ark van Zijn verbond werd zichtbaar in Zijn tempel. En er kwamen bliksemstralen, stemmen, donderslagen, een aardbeving en grote hagel.\u201d<\/em><\/strong><\/p>\n<p>Maar wat is koninkrijk van JHWH? Er is een geestelijk en een fysiek aspect. Als we accepteren dat Yeshua ons verlost heeft en we vervolgens Zijn Geest ontvangen hebben worden wij leden van Zijn geestelijk koninkrijk, Zijn Lichaam. Dit is het koninkrijk waar Yochanan HaMatbil (Johannes de Doper) naar verwees toen hij zei dat het koninkrijk van God \u201cnabijgekomen\u201d was (d.w.z., aangeboden werd).<\/p>\n<p><strong><em>Marqaus (Markus) 1:14-15<br \/>\n\u201cEn nadat Johannes overgeleverd was, ging Yeshua naar Galilea en predikte het Evangelie van het Koninkrijk van Elohim, en Hij zei: De tijd is vervuld en het Koninkrijk van Elohim is nabijgekomen; bekeer u en geloof het Evangelie.\u201d<\/em><\/strong><\/p>\n<p>Yeshua zegt ons dat dit geestelijk koninkrijk \u201ckomt niet op waarneembare wijze\u201d (dat wil zeggen, kan niet worden gezien met de ogen), maar als het geestelijk koninkrijk van JHWH in ons.<\/p>\n<p><strong><em>Luqa (Lukas) 17:20-21<br \/>\n\u201cEn toen Hem door de Farizee\u00ebn gevraagd werd, wanneer het Koninkrijk van <strong><em>Elohim<\/em><\/strong>\u00a0zou komen, antwoordde Hij hun en zei: Het Koninkrijk van <strong><em>Elohim<\/em><\/strong>\u00a0komt niet op waarneembare wijze. En men zal niet zeggen: Zie hier of zie daar, want, zie, het Koninkrijk van <strong><em>Elohim<\/em><\/strong>\u00a0is binnen in u. {binnen in u-Of: in het midden van u\u200a}\u201d<\/em><\/strong><\/p>\n<p>Maar in aanvulling op het geestelijk aspect, zal er ook een vernieuwd fysiek koninkrijk (zoals er was in de dagen van de koningen David en Salomo) zijn. De leden van dit vernieuwde fysieke koninkrijk zullen de Geest van JHWH, de Ruach haKodesh, in zich dragen. Dit is het koninkrijk waarvoor Yeshua ons oproept om te bidden met de vraag aan JHWH om Zijn koninkrijk hier op aarde te vestigen, zoals het is vastgesteld en gevestigd in de hemel.<\/p>\n<p><strong><em>Mattityahu (Matthe\u00fcs) 6:10<br \/>\n\u201cUw Koninkrijk kome. Uw wil geschiede, zoals in de hemel zo ook op de aarde.\u201d<\/em><\/strong><\/p>\n<p>In een andere studie hebben we al uitgelegd date r twee sub-koninkrijken zijn binnen het grote Isra\u00ebl, Judah en Ephra\u00efm (ook Isra\u00ebl genoemd). Het noordelijke koninkrijk van Efra\u00efm (Isra\u00ebl) werd verstrooid na circa 722 voor Chr., en was in die tijd niet langer een koninkrijk. Dit is de reden waarom de apostelen Yeshua vroegen of Hij op dat moment van plan was om het koninkrijk te herstellen naar Isra\u00ebl (dat wil zeggen, Ephra\u00efm).<\/p>\n<p><strong><em>Ma\u2019asei (Handelingen) 1:6-8<br \/>\n\u201cZij dan die samengekomen waren, vroegen Hem: Adonai, zult U in deze tijd voor Isra\u00ebl het Koninkrijk weer herstellen? En Hij zei tegen hen: Het komt u niet toe de tijden of gelegenheden te weten die de Vader in Zijn eigen macht gesteld heeft, maar u zult de kracht van de Ruach haKodesh ontvangen, Die over u komen zal; en u zult Mijn getuigen zijn, zowel in Jeruzalem als in heel Judea en Samaria en tot aan het uiterste van de aarde\u201d<\/em><\/strong><\/p>\n<p>Yeshua zei dat de apostelen zich geen zorgen moeten maken over wanneer het fysieke koninkrijk in de plaats van Isra\u00ebl zou worden hersteld, hun taak was het alleen maar om de Ruach haKodesh te volgen, in het vertrouwen dat JHWH het zou leiden tot te zijner tijd. Echter, Openbaring 11:15 (hierboven) zegt dat het letterlijk koninkrijk zal worden hersteld bij de zevende trompet. Vers 18 vertelt ons ook dat dit is op het moment dat de doden geoordeeld zullen worden, en JHWH Zijn dienaren (de profeten en de heiligen) zal belonen. Dit is ook het moment waarop zij die de aarde vernietigden zullen worden vernietigd. Al deze veranderingen vormen een geestelijke \u201caardbeving\u201d (vers 19), die het veroorzaken van een herordening van de samenleving en de overheid vertegenwoordigt. Dit is waarschijnlijk ook waarover bij Dani\u00ebl 2:44-45 gesproken wordt waar geschreven staat dat JHWH Zijn koninkrijk zal opzetten, en alle andere koninkrijken van de aarde uit elkaar zal breken, om ze te verbrijzelen en teniet te doen.<\/p>\n<p><strong><em>Dani\u00ebl 2:44-45<br \/>\n\u201cIn de dagen van die koningen zal de Elohim van de hemel echter een Koninkrijk doen opkomen dat voor eeuwig niet te gronde zal gaan en waarvan de heerschappij niet op een ander volk zal overgaan. Het zal al die andere koninkrijken verbrijzelen en tenietdoen, maar zelf zal het voor eeuwig standhouden. Daarom hebt u gezien dat, niet door mensen handen, uit de berg een steen werd afgehouwen, die het ijzer, brons, leem, zilver en goud verbrijzelde. De grote Elohim heeft de koning laten weten wat er hierna geschieden zal. De droom is waar en de uitleg ervan betrouwbaar.\u201d<\/em><\/strong><\/p>\n<p>Dit is waarschijnlijk ook het moment waarop het hemelse gerechtshof van Dani\u00ebl 7:26 wordt ingezet, voor het wegnemen van Satans heerschappij, en om die aan de heiligen van de Allerhoogste te geven, omdat ze met Yeshua moeten regeren.<\/p>\n<p><strong><em>Dani\u00ebl 7:24-28<br \/>\n\u201cEn de tien horens duiden aan dat uit dat koninkrijk tien koningen zullen opstaan, en na hen zal een ander opstaan. Die zal verschillen van die er eerder geweest waren. Drie koningen zal hij vernederen. Woorden tegen de Allerhoogste zal hij spreken, de heiligen van de Allerhoogste zal hij te gronde richten. Hij zal erop uit zijn\u00a0 bepaalde tijden en de wet te veranderen, en zij zullen in zijn hand worden overgegeven voor een tijd, tijden en een halve tijd. Daarna zal het gerechtshof zitting houden: men zal hem zijn heerschappij ontnemen, hem verdelgen en volledig {volledig-Letterlijk: tot het einde.\u200a} vernietigen. Maar het koningschap en de heerschappij en de grootheid van de koninkrijken onder heel de hemel zullen gegeven worden aan het volk van de heiligen van de Allerhoogste. Zijn koninkrijk zal een eeuwig koninkrijk zijn, en alles wat heerschappij heeft, zal Hem eren en gehoorzamen. Hier is het einde van deze woorden. Wat mij, Dani\u00ebl, betreft-mijn gedachten verschrikten mij zeer, en mijn gelaatskleur veranderde. Deze woorden bewaarde ik echter in mijn hart.\u201d<\/em><\/strong><\/p>\n<p>Er komt een dag waarop de heiligen met Yeshua zullen regeren met ijzeren staf. Tijdens het 1000-jarig rijk zal Yeshua indirect heersen over de aarde, door middel van Zijn koninkrijk \/ Lichaam.<\/p>\n<p><strong><em>Hitgalut (Openbaring) 2:26-27<br \/>\n\u201cEn wie overwint en wie Mijn werken tot het einde toe in acht neemt, hem zal Ik macht geven over de heidenvolken. En hij zal hen hoeden met een ijzeren staf-zij zullen als kruiken van een pottenbakker verbrijzeld worden-zoals ook Ik die macht van Mijn Vader heb ontvangen.\u201d<\/em><\/strong><\/p>\n<p>Dit vindt waarschijnlijk plaats bij de zevende trompet, en omdat dit de laatste van de trompetten is, kan het ook de spreekwoordelijke \u2018laatste bazuin\u2019 zijn waarover Shaul schrijft in 1 Korinthi\u00ebrs.<\/p>\n<p><strong><em>Qorintim Aleph (1 Korinthi\u00ebrs) 15:52-53<br \/>\n\u201cin een ondeelbaar ogenblik, in een oogwenk, bij de laatste bazuin. Immers, de bazuin zal klinken en de doden zullen als onvergankelijke mensen opgewekt worden, en ook wij zullen veranderd worden. Want dit vergankelijke moet zich met onvergankelijkheid bekleden en dit sterfelijke moet zich met onsterfelijkheid bekleden.\u201d<\/em><\/strong><\/p>\n<p>Wanneer Shaul zegt dat de doden als onvergankelijke mensen worden opgewekt bij de zevende trompet, kan dit een verwijzing zijn naar de twee getuigen van JHWH (die zijn opgewekt net voor de zevende trompet), of het kan ook verwijzen naar de harpazo (opname) die plaatsvindt in Har Megiddo, die misschien 75 dagen na de zevende trompet plaatsvindt. Deze 75 dagen vertraging zou een contradictie zijn om dezelfde reden dat het Pascha en ongezuurde broden vaak algemeen wordt aangeduid als \u201chet Pascha\u201d (of \u201congezuurde broden\u201d), terwijl het Loofhuttenfeest en de Laatste Grote Dag vaak op een hoop gegooid worden als \u201chet Loofhuttenfeest\u201d.<\/p>\n<p>[We zullen daarom nader op de opname ingaan in een apart hoofdstuk over de Harpazo\/Opname\/inzameling.]<\/p>\n<p>De zevende trompet is ook waarschijnlijk als JHWH de plotselinge vernietiging genoemd in 1 Tessalonicenzen 5 uitvoert. JHWH zal geduldig proberen om de mensheid helemaal terug te krijgen bij Hem door de verdrukking, maar nadat ze Zijn twee getuigen doden, en dan \u201cvrede en veiligheid\u201d (nu dat de twee getuigen dood zijn) verklaren, zal JHWH plotseling vernietiging brengen over hen.<\/p>\n<p><strong><em>Thessaloniqim Aleph (1 Thessalonicenzen) 5:1-3<br \/>\n\u201cMaar wat de tijden en de gelegenheden betreft, broeders, is het voor u niet nodig dat men u schrijft. Want u weet zelf heel goed dat de dag van JHWH komt als een dief in de nacht. Want wanneer zij zullen zeggen: Er is vrede en veiligheid, dan zal een onverwacht verderf hun overkomen, zoals de barenswee\u00ebn een zwangere vrouw, en zij zullen het beslist niet ontvluchten.\u201d<\/em><\/strong><\/p>\n<p>Nu we het toch hierover hebben, laten we eens kijken naar de gelijkenis van de zwangere vrouw. Wanneer een vrouw zwanger is, draagt ze een steeds groeiende last over een lange tijdsperiode. Dit komt overeen met de zegels. Als haar tijd voor de bevalling nadert, wordt ze gegrepen door barenswee\u00ebn. Deze corresponderen met de trompetten. En tenslotte breken haar vliezen en komt het vruchtwater vrij, dat analoog is aan de bekers die worden uitgestort. Wanneer de bekers zijn uitgestort, wordt zij normaal gesproken gegrepen door ondraaglijke, zelfs verblindende pijn als ze bevalt van haar kind. In dit geval wordt het kind Isra\u00ebl verlost (de gelovigen die het juiste doen, om de juiste redenen, met de juiste hart).<\/p>\n<p>Net zoals het zevende zegel de trompetten inluidt, zo luidt de zevende trompet het uitstorten van de zeven schalen\/bekers in. We zullen nog terugkomen op de schalen\/bekers, maar voordat we hieraan toekomen neemt Openbaring \u201cons mee op een zijspoor\u201d door de hoofdstukken 12, 13, en de eerste helft van hoofdstuk 14, om ons veel meer inzicht in de wereld van het einde der tijden te geven. Dus laten we nu eerst deze \u201comweg\u201d even volgen, zodat we een paar \u201cinzet\u201d hoofdstukken kunnen verkennen, en dan zullen we later terugkeren naar de schalen\/bekers.<\/p>\n","protected":false},"excerpt":{"rendered":"<p>Op deze pagina vindt u meer informatie over Zevende trompet: het Koninkrijk geopenbaard. Openbaring 11:15 vertelt ons dat de koninkrijken van de [&hellip;]<\/p>\n","protected":false},"author":2,"featured_media":0,"parent":1558,"menu_order":8,"comment_status":"closed","ping_status":"closed","template":"","meta":{"footnotes":""},"class_list":["post-1615","page","type-page","status-publish","hentry"],"yoast_head":"<!-- This site is optimized with the Yoast SEO plugin v27.5 - https:\/\/yoast.com\/product\/yoast-seo-wordpress\/ -->\n<title>Zevende trompet: het Koninkrijk geopenbaard | Beit Emoenah<\/title>\n<meta name=\"description\" content=\"Openbaring 11:15 vertelt ons dat de koninkrijken van de wereld (Babylon) van JHWH worden en het koninkrijk van JHWH bij de zevende trompet wordt ingesteld.\" \/>\n<meta name=\"robots\" content=\"index, follow, max-snippet:-1, max-image-preview:large, max-video-preview:-1\" \/>\n<link rel=\"canonical\" href=\"https:\/\/beit-emoenah.nl\/26\/studies\/openbaring\/zevende-trompet-het-koninkrijk-geopenbaard\/\" \/>\n<meta property=\"og:locale\" content=\"nl_NL\" \/>\n<meta property=\"og:type\" content=\"article\" \/>\n<meta property=\"og:title\" content=\"Zevende trompet: het Koninkrijk geopenbaard - Beit Emoenah\" \/>\n<meta property=\"og:description\" content=\"Zevende trompet: het Koninkrijk geopenbaard - Alle informatie bij Beit Emoenah.\" \/>\n<meta property=\"og:url\" content=\"https:\/\/beit-emoenah.nl\/26\/studies\/openbaring\/zevende-trompet-het-koninkrijk-geopenbaard\/\" \/>\n<meta property=\"og:site_name\" content=\"Beit Emoenah\" \/>\n<meta property=\"article:modified_time\" content=\"2014-09-27T18:28:08+00:00\" \/>\n<meta property=\"og:image\" content=\"https:\/\/beit-emoenah.nl\/26\/wp-content\/uploads\/2013\/12\/shofars-kotel-plein.png\" \/>\n\t<meta property=\"og:image:width\" content=\"625\" \/>\n\t<meta property=\"og:image:height\" content=\"470\" \/>\n\t<meta property=\"og:image:type\" content=\"image\/png\" \/>\n<meta name=\"twitter:card\" content=\"summary_large_image\" \/>\n<meta name=\"twitter:title\" content=\"Zevende trompet: het Koninkrijk geopenbaard - Beit Emoenah\" \/>\n<meta name=\"twitter:description\" content=\"Zevende trompet: het Koninkrijk geopenbaard - Alle informatie bij Beit Emoenah.\" \/>\n<meta name=\"twitter:label1\" content=\"Geschatte leestijd\" \/>\n\t<meta name=\"twitter:data1\" content=\"9 minuten\" \/>\n<script type=\"application\/ld+json\" class=\"yoast-schema-graph\">{\"@context\":\"https:\\\/\\\/schema.org\",\"@graph\":[{\"@type\":\"WebPage\",\"@id\":\"https:\\\/\\\/beit-emoenah.nl\\\/26\\\/studies\\\/openbaring\\\/zevende-trompet-het-koninkrijk-geopenbaard\\\/\",\"url\":\"https:\\\/\\\/beit-emoenah.nl\\\/26\\\/studies\\\/openbaring\\\/zevende-trompet-het-koninkrijk-geopenbaard\\\/\",\"name\":\"Zevende trompet: het Koninkrijk geopenbaard | Beit Emoenah\",\"isPartOf\":{\"@id\":\"https:\\\/\\\/beit-emoenah.nl\\\/26\\\/#website\"},\"primaryImageOfPage\":{\"@id\":\"https:\\\/\\\/beit-emoenah.nl\\\/26\\\/studies\\\/openbaring\\\/zevende-trompet-het-koninkrijk-geopenbaard\\\/#primaryimage\"},\"image\":{\"@id\":\"https:\\\/\\\/beit-emoenah.nl\\\/26\\\/studies\\\/openbaring\\\/zevende-trompet-het-koninkrijk-geopenbaard\\\/#primaryimage\"},\"thumbnailUrl\":\"http:\\\/\\\/beit-emoenah.nl\\\/26\\\/wp-content\\\/uploads\\\/2013\\\/12\\\/shofars-kotel-plein-300x225.png\",\"datePublished\":\"2013-12-01T14:09:21+00:00\",\"dateModified\":\"2014-09-27T18:28:08+00:00\",\"description\":\"Openbaring 11:15 vertelt ons dat de koninkrijken van de wereld (Babylon) van JHWH worden en het koninkrijk van JHWH bij de zevende trompet wordt ingesteld.\",\"breadcrumb\":{\"@id\":\"https:\\\/\\\/beit-emoenah.nl\\\/26\\\/studies\\\/openbaring\\\/zevende-trompet-het-koninkrijk-geopenbaard\\\/#breadcrumb\"},\"inLanguage\":\"nl-NL\",\"potentialAction\":[{\"@type\":\"ReadAction\",\"target\":[\"https:\\\/\\\/beit-emoenah.nl\\\/26\\\/studies\\\/openbaring\\\/zevende-trompet-het-koninkrijk-geopenbaard\\\/\"]}]},{\"@type\":\"ImageObject\",\"inLanguage\":\"nl-NL\",\"@id\":\"https:\\\/\\\/beit-emoenah.nl\\\/26\\\/studies\\\/openbaring\\\/zevende-trompet-het-koninkrijk-geopenbaard\\\/#primaryimage\",\"url\":\"https:\\\/\\\/beit-emoenah.nl\\\/26\\\/wp-content\\\/uploads\\\/2013\\\/12\\\/shofars-kotel-plein.png\",\"contentUrl\":\"https:\\\/\\\/beit-emoenah.nl\\\/26\\\/wp-content\\\/uploads\\\/2013\\\/12\\\/shofars-kotel-plein.png\",\"width\":\"625\",\"height\":\"470\"},{\"@type\":\"BreadcrumbList\",\"@id\":\"https:\\\/\\\/beit-emoenah.nl\\\/26\\\/studies\\\/openbaring\\\/zevende-trompet-het-koninkrijk-geopenbaard\\\/#breadcrumb\",\"itemListElement\":[{\"@type\":\"ListItem\",\"position\":1,\"name\":\"Home\",\"item\":\"https:\\\/\\\/beit-emoenah.nl\\\/26\\\/\"},{\"@type\":\"ListItem\",\"position\":2,\"name\":\"Studies\",\"item\":\"https:\\\/\\\/beit-emoenah.nl\\\/26\\\/studies\\\/\"},{\"@type\":\"ListItem\",\"position\":3,\"name\":\"Openbaring\",\"item\":\"https:\\\/\\\/beit-emoenah.nl\\\/26\\\/studies\\\/openbaring\\\/\"},{\"@type\":\"ListItem\",\"position\":4,\"name\":\"Zevende trompet: het Koninkrijk geopenbaard\"}]},{\"@type\":\"WebSite\",\"@id\":\"https:\\\/\\\/beit-emoenah.nl\\\/26\\\/#website\",\"url\":\"https:\\\/\\\/beit-emoenah.nl\\\/26\\\/\",\"name\":\"Beit Emoenah\",\"description\":\"Huis van geloof, vertrouwen, kracht en liefde\",\"publisher\":{\"@id\":\"https:\\\/\\\/beit-emoenah.nl\\\/26\\\/#organization\"},\"potentialAction\":[{\"@type\":\"SearchAction\",\"target\":{\"@type\":\"EntryPoint\",\"urlTemplate\":\"https:\\\/\\\/beit-emoenah.nl\\\/26\\\/?s={search_term_string}\"},\"query-input\":{\"@type\":\"PropertyValueSpecification\",\"valueRequired\":true,\"valueName\":\"search_term_string\"}}],\"inLanguage\":\"nl-NL\"},{\"@type\":\"Organization\",\"@id\":\"https:\\\/\\\/beit-emoenah.nl\\\/26\\\/#organization\",\"name\":\"Beit Emoenah\",\"url\":\"https:\\\/\\\/beit-emoenah.nl\\\/26\\\/\",\"logo\":{\"@type\":\"ImageObject\",\"inLanguage\":\"nl-NL\",\"@id\":\"https:\\\/\\\/beit-emoenah.nl\\\/26\\\/#\\\/schema\\\/logo\\\/image\\\/\",\"url\":\"https:\\\/\\\/beit-emoenah.nl\\\/26\\\/wp-content\\\/uploads\\\/2024\\\/07\\\/Logo-beit-emoenah.jpeg\",\"contentUrl\":\"https:\\\/\\\/beit-emoenah.nl\\\/26\\\/wp-content\\\/uploads\\\/2024\\\/07\\\/Logo-beit-emoenah.jpeg\",\"width\":573,\"height\":480,\"caption\":\"Beit Emoenah\"},\"image\":{\"@id\":\"https:\\\/\\\/beit-emoenah.nl\\\/26\\\/#\\\/schema\\\/logo\\\/image\\\/\"}}]}<\/script>\n<!-- \/ Yoast SEO plugin. -->","yoast_head_json":{"title":"Zevende trompet: het Koninkrijk geopenbaard | Beit Emoenah","description":"Openbaring 11:15 vertelt ons dat de koninkrijken van de wereld (Babylon) van JHWH worden en het koninkrijk van JHWH bij de zevende trompet wordt ingesteld.","robots":{"index":"index","follow":"follow","max-snippet":"max-snippet:-1","max-image-preview":"max-image-preview:large","max-video-preview":"max-video-preview:-1"},"canonical":"https:\/\/beit-emoenah.nl\/26\/studies\/openbaring\/zevende-trompet-het-koninkrijk-geopenbaard\/","og_locale":"nl_NL","og_type":"article","og_title":"Zevende trompet: het Koninkrijk geopenbaard - Beit Emoenah","og_description":"Zevende trompet: het Koninkrijk geopenbaard - Alle informatie bij Beit Emoenah.","og_url":"https:\/\/beit-emoenah.nl\/26\/studies\/openbaring\/zevende-trompet-het-koninkrijk-geopenbaard\/","og_site_name":"Beit Emoenah","article_modified_time":"2014-09-27T18:28:08+00:00","og_image":[{"width":625,"height":470,"url":"https:\/\/beit-emoenah.nl\/26\/wp-content\/uploads\/2013\/12\/shofars-kotel-plein.png","type":"image\/png"}],"twitter_card":"summary_large_image","twitter_title":"Zevende trompet: het Koninkrijk geopenbaard - Beit Emoenah","twitter_description":"Zevende trompet: het Koninkrijk geopenbaard - Alle informatie bij Beit Emoenah.","twitter_misc":{"Geschatte leestijd":"9 minuten"},"schema":{"@context":"https:\/\/schema.org","@graph":[{"@type":"WebPage","@id":"https:\/\/beit-emoenah.nl\/26\/studies\/openbaring\/zevende-trompet-het-koninkrijk-geopenbaard\/","url":"https:\/\/beit-emoenah.nl\/26\/studies\/openbaring\/zevende-trompet-het-koninkrijk-geopenbaard\/","name":"Zevende trompet: het Koninkrijk geopenbaard | Beit Emoenah","isPartOf":{"@id":"https:\/\/beit-emoenah.nl\/26\/#website"},"primaryImageOfPage":{"@id":"https:\/\/beit-emoenah.nl\/26\/studies\/openbaring\/zevende-trompet-het-koninkrijk-geopenbaard\/#primaryimage"},"image":{"@id":"https:\/\/beit-emoenah.nl\/26\/studies\/openbaring\/zevende-trompet-het-koninkrijk-geopenbaard\/#primaryimage"},"thumbnailUrl":"http:\/\/beit-emoenah.nl\/26\/wp-content\/uploads\/2013\/12\/shofars-kotel-plein-300x225.png","datePublished":"2013-12-01T14:09:21+00:00","dateModified":"2014-09-27T18:28:08+00:00","description":"Openbaring 11:15 vertelt ons dat de koninkrijken van de wereld (Babylon) van JHWH worden en het koninkrijk van JHWH bij de zevende trompet wordt ingesteld.","breadcrumb":{"@id":"https:\/\/beit-emoenah.nl\/26\/studies\/openbaring\/zevende-trompet-het-koninkrijk-geopenbaard\/#breadcrumb"},"inLanguage":"nl-NL","potentialAction":[{"@type":"ReadAction","target":["https:\/\/beit-emoenah.nl\/26\/studies\/openbaring\/zevende-trompet-het-koninkrijk-geopenbaard\/"]}]},{"@type":"ImageObject","inLanguage":"nl-NL","@id":"https:\/\/beit-emoenah.nl\/26\/studies\/openbaring\/zevende-trompet-het-koninkrijk-geopenbaard\/#primaryimage","url":"https:\/\/beit-emoenah.nl\/26\/wp-content\/uploads\/2013\/12\/shofars-kotel-plein.png","contentUrl":"https:\/\/beit-emoenah.nl\/26\/wp-content\/uploads\/2013\/12\/shofars-kotel-plein.png","width":"625","height":"470"},{"@type":"BreadcrumbList","@id":"https:\/\/beit-emoenah.nl\/26\/studies\/openbaring\/zevende-trompet-het-koninkrijk-geopenbaard\/#breadcrumb","itemListElement":[{"@type":"ListItem","position":1,"name":"Home","item":"https:\/\/beit-emoenah.nl\/26\/"},{"@type":"ListItem","position":2,"name":"Studies","item":"https:\/\/beit-emoenah.nl\/26\/studies\/"},{"@type":"ListItem","position":3,"name":"Openbaring","item":"https:\/\/beit-emoenah.nl\/26\/studies\/openbaring\/"},{"@type":"ListItem","position":4,"name":"Zevende trompet: het Koninkrijk geopenbaard"}]},{"@type":"WebSite","@id":"https:\/\/beit-emoenah.nl\/26\/#website","url":"https:\/\/beit-emoenah.nl\/26\/","name":"Beit Emoenah","description":"Huis van geloof, vertrouwen, kracht en liefde","publisher":{"@id":"https:\/\/beit-emoenah.nl\/26\/#organization"},"potentialAction":[{"@type":"SearchAction","target":{"@type":"EntryPoint","urlTemplate":"https:\/\/beit-emoenah.nl\/26\/?s={search_term_string}"},"query-input":{"@type":"PropertyValueSpecification","valueRequired":true,"valueName":"search_term_string"}}],"inLanguage":"nl-NL"},{"@type":"Organization","@id":"https:\/\/beit-emoenah.nl\/26\/#organization","name":"Beit Emoenah","url":"https:\/\/beit-emoenah.nl\/26\/","logo":{"@type":"ImageObject","inLanguage":"nl-NL","@id":"https:\/\/beit-emoenah.nl\/26\/#\/schema\/logo\/image\/","url":"https:\/\/beit-emoenah.nl\/26\/wp-content\/uploads\/2024\/07\/Logo-beit-emoenah.jpeg","contentUrl":"https:\/\/beit-emoenah.nl\/26\/wp-content\/uploads\/2024\/07\/Logo-beit-emoenah.jpeg","width":573,"height":480,"caption":"Beit Emoenah"},"image":{"@id":"https:\/\/beit-emoenah.nl\/26\/#\/schema\/logo\/image\/"}}]}},"_links":{"self":[{"href":"https:\/\/beit-emoenah.nl\/26\/wp-json\/wp\/v2\/pages\/1615","targetHints":{"allow":["GET"]}}],"collection":[{"href":"https:\/\/beit-emoenah.nl\/26\/wp-json\/wp\/v2\/pages"}],"about":[{"href":"https:\/\/beit-emoenah.nl\/26\/wp-json\/wp\/v2\/types\/page"}],"author":[{"embeddable":true,"href":"https:\/\/beit-emoenah.nl\/26\/wp-json\/wp\/v2\/users\/2"}],"replies":[{"embeddable":true,"href":"https:\/\/beit-emoenah.nl\/26\/wp-json\/wp\/v2\/comments?post=1615"}],"version-history":[{"count":5,"href":"https:\/\/beit-emoenah.nl\/26\/wp-json\/wp\/v2\/pages\/1615\/revisions"}],"predecessor-version":[{"id":2136,"href":"https:\/\/beit-emoenah.nl\/26\/wp-json\/wp\/v2\/pages\/1615\/revisions\/2136"}],"up":[{"embeddable":true,"href":"https:\/\/beit-emoenah.nl\/26\/wp-json\/wp\/v2\/pages\/1558"}],"wp:attachment":[{"href":"https:\/\/beit-emoenah.nl\/26\/wp-json\/wp\/v2\/media?parent=1615"}],"curies":[{"name":"wp","href":"https:\/\/api.w.org\/{rel}","templated":true}]}}