{"id":17388,"date":"2025-11-20T12:18:07","date_gmt":"2025-11-20T10:18:07","guid":{"rendered":"https:\/\/beit-emoenah.nl\/26\/?page_id=17388"},"modified":"2025-11-24T12:10:20","modified_gmt":"2025-11-24T10:10:20","slug":"het-christendom-leert-een-valse-leer","status":"publish","type":"page","link":"https:\/\/beit-emoenah.nl\/26\/studies\/het-christendom-leert-een-valse-leer\/","title":{"rendered":"Het Christendom leert een valse leer"},"content":{"rendered":"<p>Op deze pagina vindt u meer informatie over Het Christendom leert een valse leer.<\/p>\n<p>Ik ga geen vrienden maken en zal waarschijnlijk een aantal vrienden verliezen maar dit moet me van het hart na het zoveelste zinloze gesprek met christenen:<\/p>\n<p style=\"font-weight: 400; text-align: center;\"><strong>Het Christendom leert een vals evangelie<\/strong><\/p>\n<p style=\"font-weight: 400; text-align: center;\">De grootste misleidingen:<\/p>\n<div>\n<p align=\"center\">\u201cAccepteer Jezus in je hart en alleen dan bent u gered\u201d<br \/>\n\u201cGods geboden, richtlijnen en feestdagen werden afgedaan aan het kruis\u201d<br \/>\n\u201cJezus verklaarde alle voedsel rein\u201d<br \/>\n\u201cDe Shabbat is alleen voor de Joden, de zondag is voor de gemeente\u201d<br \/>\n\u201cAls je de geboden uit het \u2018oude testament\u2019 doet ben je wettisch en niet gered\u201d<br \/>\n\u201cEen huwelijk mag ook tussen twee mannen of tussen twee vrouwen\u201d<br \/>\n\u201cGod heeft Isra\u00ebl vervangen door de gemeente uit de heidenen\u201d<br \/>\n\u201cDe gezette tijden van God zijn vervangen door Roomse (afgoden)feesten\u201d<\/p>\n<\/div>\n<p style=\"font-weight: 400;\"><strong>Dit is wat de Bijbel ons werkelijk leert:<\/strong><\/p>\n<p style=\"font-weight: 400;\">Openbaring 22:14<br \/>\n\u201cZalig zijn zij die Zijn geboden doen, zodat zij recht mogen hebben op de Boom des levens, en opdat zij door de poorten de stad mogen binnengaan\u201d.<\/p>\n<p style=\"font-weight: 400;\">Matthe\u00fcs 19:17<br \/>\n\u201cHij zei tegen hem: Waarom noemt u Mij goed? Niemand is goed behalve E\u00e9n, namelijk God. Maar wilt u tot het leven ingaan, neem dan de geboden in acht\u201d.<\/p>\n<p style=\"font-weight: 400;\">Johannes 14:15<br \/>\n\u201cAls u Mij liefhebt, neem dan Mijn geboden in acht\u201d.<\/p>\n<p style=\"font-weight: 400;\">Leviticus 18:5<br \/>\n\u201cMijn verordeningen en Mijn bepalingen moet u in acht nemen. De mens die ze houdt, zal erdoor leven. Ik ben de HEERE.\u201d<\/p>\n<p style=\"font-weight: 400;\">1 Johannes 2:4<br \/>\n\u201cWie zegt: Ik ken Hem, en Zijn geboden niet in acht neemt, is een leugenaar en in hem is de waarheid niet.\u201d<\/p>\n<p style=\"font-weight: 400;\">Numeri 15:15<br \/>\n\u201cVoor u, gemeente, en voor de vreemdeling die verblijft, geldt \u00e9\u00e9n verordening, een eeuwige verordening, al uw generaties door: net zoals u moet de vreemdeling voor het aangezicht van de Eeuwige zijn.\u201d<\/p>\n<p style=\"font-weight: 400;\">Matth. 5:16-18<br \/>\n\u201cDenk niet dat Ik gekomen ben om de Wet of de Profeten af te schaffen; Ik ben niet gekomen om die af te schaffen maar om te vervullen. Want, voorwaar, Ik zeg u: Totdat de hemel en de aarde voorbijgaan, zal er niet \u00e9\u00e9n jota of \u00e9\u00e9n tittel van de Wet voorbijgaan, totdat alles geschied is. Wie dan de geringste van deze geboden afschaft en de mensen zo onderwijst, zal de geringste genoemd worden in het Koninkrijk der hemelen; maar wie ze doet en onderwijst, die zal groot genoemd worden in het Koninkrijk der hemelen.\u201d<\/p>\n<p style=\"font-weight: 400;\">Hand. 15:19-22<br \/>\n\u201cDaarom ben ik van oordeel dat men het hun die zich uit de heidenen tot God bekeren, niet lastig moet maken, maar aan hen moet schrijven dat zij zich dienen te onthouden van de dingen die door de afgoden besmet zijn, van ontucht, van het verstikte en van bloed, want Mozes heeft van oude tijden af in elke stad mensen die hem prediken, want hij wordt elke sabbat in de synagogen onderwezen\u201d.<\/p>\n<p style=\"font-weight: 400;\">Eze. 36:26-27<br \/>\n\u201cIk zal maken dat u in Mijn verordeningen wandelt en dat u Mijn bepalingen in acht neemt en ze houdt.\u201d<\/p>\n<p style=\"font-weight: 400;\">Jes. 56:6<br \/>\n\u201cEn de vreemdelingen die zich bij de HEERE voegen om Hem te dienen en om de Naam van de HEERE lief te hebben, om Hem tot dienaren te zijn; allen die de sabbat in acht nemen, zodat zij hem niet ontheiligen, en die aan Mijn verbond vasthouden:\u00a0hen zal Ik ook brengen naar Mijn heilige berg, en Ik zal hen verblijden in Mijn huis\u201d.<\/p>\n<p style=\"font-weight: 400;\">Lukas 6:46-49<br \/>\n\u201cWaarom noemt u Mij: Heere, Heere, en doet niet wat Ik zeg?\u00a0Ieder die naar Mij toe komt en Mijn woorden hoort en ze doet, Ik zal u laten zien aan wie hij gelijk is.\u201d<\/p>\n<p style=\"font-weight: 400;\">Exodus 15:26<br \/>\n&#8220;Hij zei: Als u aandachtig luistert naar de stem van Adonai, uw God, en doet wat juist is in Zijn ogen, als u Zijn geboden gehoorzaamt en al Zijn verordeningen in acht neemt, dan zal Ik geen enkele van de ziekten over u brengen die Ik over Egypte gebracht heb, want Ik ben de HEERE, uw Heelmeester&#8221;.<\/p>\n","protected":false},"excerpt":{"rendered":"<p>Op deze pagina vindt u meer informatie over Het Christendom leert een valse leer. Ik ga geen vrienden maken en zal waarschijnlijk [&hellip;]<\/p>\n","protected":false},"author":2,"featured_media":0,"parent":688,"menu_order":112,"comment_status":"closed","ping_status":"closed","template":"","meta":{"footnotes":""},"class_list":["post-17388","page","type-page","status-publish","hentry"],"yoast_head":"<!-- This site is optimized with the Yoast SEO plugin v27.2 - https:\/\/yoast.com\/product\/yoast-seo-wordpress\/ -->\n<title>Het Christendom leert een valse leer | Beit Emoenah<\/title>\n<meta name=\"description\" content=\"Het Christendom leert een valse leer bij Beit Emoenah. Bekijk alle informatie, veelgestelde vragen en neem vandaag nog contact met ons op voor...\" \/>\n<meta name=\"robots\" content=\"index, follow, max-snippet:-1, max-image-preview:large, max-video-preview:-1\" \/>\n<link rel=\"canonical\" href=\"https:\/\/beit-emoenah.nl\/26\/studies\/het-christendom-leert-een-valse-leer\/\" \/>\n<meta property=\"og:locale\" content=\"nl_NL\" \/>\n<meta property=\"og:type\" content=\"article\" \/>\n<meta property=\"og:title\" content=\"Het Christendom leert een valse leer - Beit Emoenah\" \/>\n<meta property=\"og:description\" content=\"Het Christendom leert een valse leer - Alle informatie bij Beit Emoenah.\" \/>\n<meta property=\"og:url\" content=\"https:\/\/beit-emoenah.nl\/26\/studies\/het-christendom-leert-een-valse-leer\/\" \/>\n<meta property=\"og:site_name\" content=\"Beit Emoenah\" \/>\n<meta property=\"article:modified_time\" content=\"2025-11-24T10:10:20+00:00\" \/>\n<meta name=\"twitter:card\" content=\"summary_large_image\" \/>\n<meta name=\"twitter:title\" content=\"Het Christendom leert een valse leer - Beit Emoenah\" \/>\n<meta name=\"twitter:description\" content=\"Het Christendom leert een valse leer - Alle informatie bij Beit Emoenah.\" \/>\n<meta name=\"twitter:label1\" content=\"Geschatte leestijd\" \/>\n\t<meta name=\"twitter:data1\" content=\"3 minuten\" \/>\n<script type=\"application\/ld+json\" class=\"yoast-schema-graph\">{\"@context\":\"https:\/\/schema.org\",\"@graph\":[{\"@type\":\"WebPage\",\"@id\":\"https:\/\/beit-emoenah.nl\/26\/studies\/het-christendom-leert-een-valse-leer\/\",\"url\":\"https:\/\/beit-emoenah.nl\/26\/studies\/het-christendom-leert-een-valse-leer\/\",\"name\":\"Het Christendom leert een valse leer | Beit Emoenah\",\"isPartOf\":{\"@id\":\"https:\/\/beit-emoenah.nl\/26\/#website\"},\"datePublished\":\"2025-11-20T10:18:07+00:00\",\"dateModified\":\"2025-11-24T10:10:20+00:00\",\"description\":\"Het Christendom leert een valse leer bij Beit Emoenah. Bekijk alle informatie, veelgestelde vragen en neem vandaag nog contact met ons op voor...\",\"breadcrumb\":{\"@id\":\"https:\/\/beit-emoenah.nl\/26\/studies\/het-christendom-leert-een-valse-leer\/#breadcrumb\"},\"inLanguage\":\"nl-NL\",\"potentialAction\":[{\"@type\":\"ReadAction\",\"target\":[\"https:\/\/beit-emoenah.nl\/26\/studies\/het-christendom-leert-een-valse-leer\/\"]}]},{\"@type\":\"BreadcrumbList\",\"@id\":\"https:\/\/beit-emoenah.nl\/26\/studies\/het-christendom-leert-een-valse-leer\/#breadcrumb\",\"itemListElement\":[{\"@type\":\"ListItem\",\"position\":1,\"name\":\"Home\",\"item\":\"https:\/\/beit-emoenah.nl\/26\/\"},{\"@type\":\"ListItem\",\"position\":2,\"name\":\"Studies\",\"item\":\"https:\/\/beit-emoenah.nl\/26\/studies\/\"},{\"@type\":\"ListItem\",\"position\":3,\"name\":\"Het Christendom leert een valse leer\"}]},{\"@type\":\"WebSite\",\"@id\":\"https:\/\/beit-emoenah.nl\/26\/#website\",\"url\":\"https:\/\/beit-emoenah.nl\/26\/\",\"name\":\"Beit Emoenah\",\"description\":\"Huis van geloof, vertrouwen, kracht en liefde\",\"publisher\":{\"@id\":\"https:\/\/beit-emoenah.nl\/26\/#organization\"},\"potentialAction\":[{\"@type\":\"SearchAction\",\"target\":{\"@type\":\"EntryPoint\",\"urlTemplate\":\"https:\/\/beit-emoenah.nl\/26\/?s={search_term_string}\"},\"query-input\":{\"@type\":\"PropertyValueSpecification\",\"valueRequired\":true,\"valueName\":\"search_term_string\"}}],\"inLanguage\":\"nl-NL\"},{\"@type\":\"Organization\",\"@id\":\"https:\/\/beit-emoenah.nl\/26\/#organization\",\"name\":\"Beit Emoenah\",\"url\":\"https:\/\/beit-emoenah.nl\/26\/\",\"logo\":{\"@type\":\"ImageObject\",\"inLanguage\":\"nl-NL\",\"@id\":\"https:\/\/beit-emoenah.nl\/26\/#\/schema\/logo\/image\/\",\"url\":\"https:\/\/beit-emoenah.nl\/26\/wp-content\/uploads\/2024\/07\/Logo-beit-emoenah.jpeg\",\"contentUrl\":\"https:\/\/beit-emoenah.nl\/26\/wp-content\/uploads\/2024\/07\/Logo-beit-emoenah.jpeg\",\"width\":573,\"height\":480,\"caption\":\"Beit Emoenah\"},\"image\":{\"@id\":\"https:\/\/beit-emoenah.nl\/26\/#\/schema\/logo\/image\/\"}}]}<\/script>\n<!-- \/ Yoast SEO plugin. -->","yoast_head_json":{"title":"Het Christendom leert een valse leer | Beit Emoenah","description":"Het Christendom leert een valse leer bij Beit Emoenah. Bekijk alle informatie, veelgestelde vragen en neem vandaag nog contact met ons op voor...","robots":{"index":"index","follow":"follow","max-snippet":"max-snippet:-1","max-image-preview":"max-image-preview:large","max-video-preview":"max-video-preview:-1"},"canonical":"https:\/\/beit-emoenah.nl\/26\/studies\/het-christendom-leert-een-valse-leer\/","og_locale":"nl_NL","og_type":"article","og_title":"Het Christendom leert een valse leer - Beit Emoenah","og_description":"Het Christendom leert een valse leer - Alle informatie bij Beit Emoenah.","og_url":"https:\/\/beit-emoenah.nl\/26\/studies\/het-christendom-leert-een-valse-leer\/","og_site_name":"Beit Emoenah","article_modified_time":"2025-11-24T10:10:20+00:00","twitter_card":"summary_large_image","twitter_title":"Het Christendom leert een valse leer - Beit Emoenah","twitter_description":"Het Christendom leert een valse leer - Alle informatie bij Beit Emoenah.","twitter_misc":{"Geschatte leestijd":"3 minuten"},"schema":{"@context":"https:\/\/schema.org","@graph":[{"@type":"WebPage","@id":"https:\/\/beit-emoenah.nl\/26\/studies\/het-christendom-leert-een-valse-leer\/","url":"https:\/\/beit-emoenah.nl\/26\/studies\/het-christendom-leert-een-valse-leer\/","name":"Het Christendom leert een valse leer | Beit Emoenah","isPartOf":{"@id":"https:\/\/beit-emoenah.nl\/26\/#website"},"datePublished":"2025-11-20T10:18:07+00:00","dateModified":"2025-11-24T10:10:20+00:00","description":"Het Christendom leert een valse leer bij Beit Emoenah. Bekijk alle informatie, veelgestelde vragen en neem vandaag nog contact met ons op voor...","breadcrumb":{"@id":"https:\/\/beit-emoenah.nl\/26\/studies\/het-christendom-leert-een-valse-leer\/#breadcrumb"},"inLanguage":"nl-NL","potentialAction":[{"@type":"ReadAction","target":["https:\/\/beit-emoenah.nl\/26\/studies\/het-christendom-leert-een-valse-leer\/"]}]},{"@type":"BreadcrumbList","@id":"https:\/\/beit-emoenah.nl\/26\/studies\/het-christendom-leert-een-valse-leer\/#breadcrumb","itemListElement":[{"@type":"ListItem","position":1,"name":"Home","item":"https:\/\/beit-emoenah.nl\/26\/"},{"@type":"ListItem","position":2,"name":"Studies","item":"https:\/\/beit-emoenah.nl\/26\/studies\/"},{"@type":"ListItem","position":3,"name":"Het Christendom leert een valse leer"}]},{"@type":"WebSite","@id":"https:\/\/beit-emoenah.nl\/26\/#website","url":"https:\/\/beit-emoenah.nl\/26\/","name":"Beit Emoenah","description":"Huis van geloof, vertrouwen, kracht en liefde","publisher":{"@id":"https:\/\/beit-emoenah.nl\/26\/#organization"},"potentialAction":[{"@type":"SearchAction","target":{"@type":"EntryPoint","urlTemplate":"https:\/\/beit-emoenah.nl\/26\/?s={search_term_string}"},"query-input":{"@type":"PropertyValueSpecification","valueRequired":true,"valueName":"search_term_string"}}],"inLanguage":"nl-NL"},{"@type":"Organization","@id":"https:\/\/beit-emoenah.nl\/26\/#organization","name":"Beit Emoenah","url":"https:\/\/beit-emoenah.nl\/26\/","logo":{"@type":"ImageObject","inLanguage":"nl-NL","@id":"https:\/\/beit-emoenah.nl\/26\/#\/schema\/logo\/image\/","url":"https:\/\/beit-emoenah.nl\/26\/wp-content\/uploads\/2024\/07\/Logo-beit-emoenah.jpeg","contentUrl":"https:\/\/beit-emoenah.nl\/26\/wp-content\/uploads\/2024\/07\/Logo-beit-emoenah.jpeg","width":573,"height":480,"caption":"Beit Emoenah"},"image":{"@id":"https:\/\/beit-emoenah.nl\/26\/#\/schema\/logo\/image\/"}}]}},"_links":{"self":[{"href":"https:\/\/beit-emoenah.nl\/26\/wp-json\/wp\/v2\/pages\/17388","targetHints":{"allow":["GET"]}}],"collection":[{"href":"https:\/\/beit-emoenah.nl\/26\/wp-json\/wp\/v2\/pages"}],"about":[{"href":"https:\/\/beit-emoenah.nl\/26\/wp-json\/wp\/v2\/types\/page"}],"author":[{"embeddable":true,"href":"https:\/\/beit-emoenah.nl\/26\/wp-json\/wp\/v2\/users\/2"}],"replies":[{"embeddable":true,"href":"https:\/\/beit-emoenah.nl\/26\/wp-json\/wp\/v2\/comments?post=17388"}],"version-history":[{"count":5,"href":"https:\/\/beit-emoenah.nl\/26\/wp-json\/wp\/v2\/pages\/17388\/revisions"}],"predecessor-version":[{"id":17398,"href":"https:\/\/beit-emoenah.nl\/26\/wp-json\/wp\/v2\/pages\/17388\/revisions\/17398"}],"up":[{"embeddable":true,"href":"https:\/\/beit-emoenah.nl\/26\/wp-json\/wp\/v2\/pages\/688"}],"wp:attachment":[{"href":"https:\/\/beit-emoenah.nl\/26\/wp-json\/wp\/v2\/media?parent=17388"}],"curies":[{"name":"wp","href":"https:\/\/api.w.org\/{rel}","templated":true}]}}