{"id":4519,"date":"2018-10-12T16:50:50","date_gmt":"2018-10-12T14:50:50","guid":{"rendered":"https:\/\/beit-emoenah.nl\/26\/?page_id=4519"},"modified":"2019-04-02T16:04:16","modified_gmt":"2019-04-02T14:04:16","slug":"tzaddik","status":"publish","type":"page","link":"https:\/\/beit-emoenah.nl\/26\/studies\/tzaddik\/","title":{"rendered":"De pijn van Tzaddik zijn"},"content":{"rendered":"<p>Op deze pagina vindt u meer informatie over De pijn van Tzaddik zijn.<\/p>\n<p><em><span class=\"notranslate\">Door Nathan Lopes Cardozo<\/span><\/em><\/p>\n<p><span class=\"notranslate\">Wanneer we kijken naar de levens van de Avot, de drie voorvaderen van het volk van Isra\u00ebl, is het opmerkelijk om vast te stellen dat niet \u00e9\u00e9n van hen officieel een tzaddik (rechtvaardige man) werd genoemd door de Talmoedische en<\/span><span class=\"apple-converted-space\">\u00a0<\/span><span class=\"notranslate\">midraschische<\/span><span class=\"apple-converted-space\">\u00a0<\/span><span class=\"notranslate\">wijzen.<\/span><span class=\"apple-converted-space\">\u00a0<\/span><span class=\"notranslate\">Alleen Jacob&#8217;s zoon Joseph kreeg die titel.<\/span><span class=\"apple-converted-space\">\u00a0<\/span><span class=\"notranslate\">Dit is nogal vreemd, want het kan niet worden ontkend dat Abraham, Isaac en Jacob ook buitengewoon vrome mensen waren.<\/span><\/p>\n<p><span class=\"notranslate\">Het antwoord op dit raadsel is paradoxaal genoeg dat Jozef helemaal geen tzaddik leek te zijn.<\/span><span class=\"apple-converted-space\">\u00a0<\/span><span class=\"notranslate\">Als er al iets benoemd moest worden, was het omgekeerde wellicht nauwkeuriger geweest.<\/span><\/p>\n<p><span class=\"notranslate\">Er kan weinig twijfel over bestaan \u200b\u200bdat hij tijdens de regering van Jozef in Egypte moet worden gezien als een meedogenloze persoon die niet aarzelde om de levens van zijn medemensen ondraaglijk te maken, vooral die van zijn broers en vader.<\/span><span class=\"apple-converted-space\">\u00a0<\/span><span class=\"notranslate\">We moeten niet vergeten dat de Torah en de commentaren lezers een enorm voordeel bieden door hen het hele verhaal in slechts een paar hoofdstukken te vertellen, zodat ze geen tijd hebben om Joseph af te vallen voordat ze zijn gerechtigheid aan het einde van het verhaal ontdekken.<\/span><span class=\"apple-converted-space\">\u00a0<\/span><span class=\"notranslate\">Dit voorrecht werd echter niet verleend aan een van de mensen met wie Joseph daadwerkelijk een groot deel van zijn leven doorbracht.<\/span><\/p>\n<p><span class=\"notranslate\">Het leven van Joseph is het summum van een gecompliceerd menselijk bestaan \u200b\u200bin het extreme.<\/span><span class=\"apple-converted-space\">\u00a0<\/span><span class=\"notranslate\">Het is een leven waarin de menselijke omstandigheden verre van ideaal zijn.<\/span><span class=\"apple-converted-space\">\u00a0<\/span><span class=\"notranslate\">Er zijn geen zwart-wit keuzes waarin het gemakkelijk is om een \u200b\u200bstandpunt in te nemen en waar de goeden en slechteriken duidelijk worden ge\u00efdentificeerd.<\/span><span class=\"apple-converted-space\">\u00a0<\/span><span class=\"notranslate\">Elke keuze bevat een complexe mix van goed en slecht.<\/span><span class=\"apple-converted-space\">\u00a0<\/span><span class=\"notranslate\">Zelfs met de beste bedoelingen kunnen mensen soms niet helpen mensen die ze echt liefhebben<\/span><span class=\"apple-converted-space\">,\u00a0<\/span><span class=\"notranslate\">te schaden<\/span><span class=\"apple-converted-space\">\u00a0<\/span><span class=\"notranslate\">en<\/span><span class=\"apple-converted-space\">\u00a0<\/span><span class=\"notranslate\">gunsten te doen voor hen die corrupt zijn.<\/span><\/p>\n<p><span class=\"notranslate\">Als je het verhaal leest, vraag je je af wat Jozefs geest en hart hebben moeten doorstaan \u200b\u200btoen hij stelling nam tegen het volk van Egypte door alles wat ze bezaten op te kopen totdat hij de hele bevolking zonder persoonlijke bezittingen verliet en zo tot slaaf van de farao maakte.<\/span><span class=\"apple-converted-space\">\u00a0<\/span><span class=\"notranslate\">De tekst geeft ook duidelijk aan dat hij iedereen uit hun huizen ontwortelde en dat ze allemaal vluchtelingen werden in hun eigen land.<\/span><span class=\"apple-converted-space\">\u00a0<\/span><span class=\"notranslate\">Dit was niets minder dan massale bevolkingsoverdracht en verspreiding, een van de slechtste menselijke ervaringen.<\/span><span class=\"apple-converted-space\">\u00a0<\/span><span class=\"notranslate\">Commentatoren verklaren dat dit de enige manier was om het land te redden van nog grotere rampen en feitelijk de enige manier om de economie nieuw leven in te blazen.<\/span><span class=\"apple-converted-space\">\u00a0<\/span><span class=\"notranslate\">Toch moet het hem hoogst verontrust hebben om zo&#8217;n omwenteling in de natie teweeg te brengen.<\/span><span class=\"apple-converted-space\">\u00a0<\/span><span class=\"notranslate\">Weinigen moeten begrepen hebben wat hij gedaan heeft, en miljoenen moeten hem hebben vervloekt omdat hij hun leven ellendig heeft gemaakt.<\/span><\/p>\n<p><span class=\"notranslate\">Jozefs gedrag tegenover zijn vader en broers moet hem slapeloze nachten hebben veroorzaakt, jaar na jaar.<\/span><span class=\"apple-converted-space\">\u00a0<\/span><span class=\"notranslate\">Terwijl hij het land Egypte regeerde, vertelde hij zijn vader nooit dat hij nog leefde.<\/span><span class=\"apple-converted-space\">\u00a0<\/span><span class=\"notranslate\">Zijn eigen leven moet ondraaglijk zijn geweest elke keer dat hij aan zijn lijdende vader dacht.<\/span><\/p>\n<p><span class=\"notranslate\">Zijn vreselijk sterke strijd tegen zijn broers toen ze naar Egypte kwamen om voedsel te kopen, moet hem nachtmerries hebben bezorgd en hem ook depressief hebben gemaakt.<\/span><span class=\"apple-converted-space\">\u00a0<\/span>\u00a0<span class=\"apple-converted-space\">\u00a0<\/span><span class=\"notranslate\">Wat zullen mijn broeders en alle dienaren in het paleis van mij denken?<\/span><span class=\"apple-converted-space\">\u00a0<\/span>\u00a0<span class=\"apple-converted-space\">\u00a0<\/span><span class=\"notranslate\">Zonder twijfel, in hun ogen moet ik een wrede despoot lijken, op zoek naar sadistische manieren om mensen zoveel mogelijk pijn te doen.<\/span><span class=\"apple-converted-space\">\u00a0<\/span><span class=\"notranslate\">Wat denken ze van mij terwijl ik Simon opsluit en mijn broeders dwing Benjamin naar Egypte te brengen?<\/span><\/p>\n<p><span class=\"notranslate\">Toch, zoals veel commentatoren uitleggen, had hij geen andere keus dan te doen wat hij deed.<\/span><span class=\"apple-converted-space\">\u00a0<\/span><span class=\"notranslate\">In feite waren het zijn diepe toewijding en zorg voor hen die hem motiveerden.<\/span><span class=\"apple-converted-space\">\u00a0<\/span><span class=\"notranslate\">Zeker<\/span><span class=\"apple-converted-space\">\u00a0<\/span><span class=\"notranslate\">moet hij gedroomd hebben van de dag dat hij in staat zou zijn om de ware motivatie achter zijn harde acties aan hen te openbaren.<\/span><\/p>\n<p><span class=\"notranslate\">Maar zoals de Torah duidelijk onthult, zelfs<\/span><span class=\"apple-converted-space\">\u00a0<\/span><span class=\"notranslate\">dit is nooit gebeurd.<\/span><span class=\"apple-converted-space\">\u00a0<\/span><span class=\"notranslate\">Zijn vader wist nooit wat zijn ware motieven waren en zijn broers toonden duidelijk na de dood van hun vader dat ze vermoedden dat Joseph wraak op hen zou nemen.<\/span><span class=\"apple-converted-space\">\u00a0<\/span><span class=\"notranslate\">Hoe pijnlijk moet het voor Joseph geweest zijn toen hij zich realiseerde dat hij zelfs op zijn oude<\/span><span class=\"apple-converted-space\">\u00a0<\/span><span class=\"notranslate\">dag<\/span><span class=\"apple-converted-space\">\u00a0<\/span><span class=\"notranslate\">niemand kon vertellen waarom hij deed wat hij deed zonder te onthullen wat zijn broers hem feitelijk hadden aangedaan.<\/span><span class=\"apple-converted-space\">\u00a0<\/span><span class=\"notranslate\">En dat laatste was geen optie voor hem.<\/span><\/p>\n<p><span class=\"notranslate\">Hij was ervan overtuigd dat hij door naar zijn graf zou gaan terwijl hij door miljoenen bestempeld zou worden als een \u200b\u200bgenadeloze leider.<\/span><span class=\"apple-converted-space\">\u00a0<\/span><span class=\"notranslate\">Het feit dat hij de economie van het Egyptische volk redde, zou weinig uitmaken in de ogen van iedereen die nooit zou begrijpen waarom hij dat doel moest bereiken door de harde maatregelen die hij nam.<\/span><\/p>\n<p><span class=\"notranslate\">Wat een opluchting zou het voor hem geweest zijn als hij had geweten dat honderden jaren later de Torah en zijn commentatoren het hele verhaal zouden onthullen en zijn rechtvaardige bedoelingen zouden bewijzen.<\/span><\/p>\n<p><span class=\"notranslate\"><u>Dit is inderdaad de tragedie van praktisch elke tzaddik<\/u><\/span><span class=\"notranslate\">.<\/span><span class=\"apple-converted-space\">\u00a0<\/span><span class=\"notranslate\">Tzaddikim zijn voor het grootste deel mensen die niet in staat zijn om hun ware intenties en gerechtigheid te openbaren.<\/span><span class=\"apple-converted-space\">\u00a0<\/span><span class=\"notranslate\">Vaak<\/span><span class=\"apple-converted-space\">\u00a0<\/span><span class=\"notranslate\">moeten ze werken onder de meest pijnlijke omstandigheden, soms mensen kwetsen wanneer het de enige manier is om een \u200b\u200bnog grotere tragedie te voorkomen.<\/span><span class=\"apple-converted-space\">\u00a0<\/span><span class=\"notranslate\">Dit is de reden waarom ze niet altijd &#8220;aardige jongens&#8221; en &#8220;welgemanierde mensen&#8221; kunnen zijn.<\/span><\/p>\n<p><span class=\"notranslate\">Tzaddikim houdt vast aan een hoger doel;<\/span><span class=\"apple-converted-space\">\u00a0<\/span><span class=\"notranslate\">ze kunnen zichzelf niet toestaan met de wind mee te waaien.<\/span><span class=\"apple-converted-space\">\u00a0<\/span><span class=\"notranslate\">Het gezegde: &#8220;Wanneer je voor niets staat, val je voor alles&#8221; is op hen van toepassing.<\/span><span class=\"apple-converted-space\">\u00a0<\/span><span class=\"notranslate\">Maar als je ergens voor staat, kun je iemand een slechte naam geven, hoe nobel iemand ook is.<\/span><span class=\"apple-converted-space\">\u00a0<\/span><span class=\"notranslate\">Je kunt alleen maar hopen dat misschien ooit mensen zullen<\/span><span class=\"apple-converted-space\">\u00a0<\/span><span class=\"notranslate\">ontdekken waar je echt voor stond en hoe pijnlijk het was om een \u200b\u200b&#8221;verborgen tzaddik&#8221; te zijn. Helaas is er meestal weinig kans dat dit gebeurt.<\/span><span class=\"apple-converted-space\">\u00a0<\/span><span class=\"notranslate\">Immers, wie is zo bevoorrecht als Joseph dat zijn of haar echte<\/span><span class=\"apple-converted-space\">\u00a0v<\/span><span class=\"notranslate\">erhaal geschreven wordt in een eeuwig boek?<\/span><\/p>\n<p><span class=\"notranslate\">Dit is de reden waarom de titel &#8220;tzaddik&#8221; speciaal aan Jozef werd geschonken.<\/span><span class=\"apple-converted-space\">\u00a0<\/span><span class=\"notranslate\">Hoewel het waar is dat zijn vader, grootvader en overgrootvader illustere mensen waren, realiseerden de wijzen zich dat alleen Jozef zo \u200b\u200bveel moest doen waaraan hij een hekel had om te moeten doen, om een \u200b\u200bechte tzaddik te worden.<\/span><span class=\"apple-converted-space\">\u00a0<\/span><span class=\"notranslate\">In feite maakt de Midrash het overduidelijk dat het de harde maatregelen die hij nam zijn die hem de titel &#8220;tzaddik&#8221; opleverde.<\/span><\/p>\n<p><span class=\"notranslate\">Rechtvaardig zijn, met het volle besef dat niemand ooit het echte verhaal zal kennen, en dat je daden veroordeeld worden, is een van de meest pijnlijke menselijke ervaringen en een grote tragedie.<\/span><span class=\"apple-converted-space\">\u00a0<\/span><span class=\"notranslate\">Alleen de wetenschap dat de Eeuwige het echte verhaal kent en de overtuiging dat het belangrijker is dat anderen baat hebben bij iemands daden dan verzekerd te zijn van de erkenning van iemands werkelijke bedoelingen, geeft het ultieme gevoel van spirituele voldoening waarnaar de tzaddik streeft .<\/span><\/p>\n<p><em><span class=\"notranslate\">Rabbi Dr. Nathan Lopes Cardozo is de oprichter en decaan van de David Cardozo Academy, evenals de auteur van 13 boeken en talrijke artikelen in zowel het Engels als het Hebreeuws.<\/span><span class=\"apple-converted-space\">\u00a0<\/span><span class=\"notranslate\">Afkomstig uit Nederland staat Rabbi Cardozo bekend om zijn originele en vaak onbevreesde controversi\u00eble inzichten in het jodendom.<\/span><\/em><\/p>\n<p>&nbsp;<\/p>\n<p>Om ons te helpen te begrijpen wat integriteit betekent, vertellen we ook nog het volgende waargebeurde verhaal als voorbeeld:<\/p>\n<p>Een rijke weduwe stierf jong en liet een aanzienlijke nalatenschap achter. Voordat ze stierf, riep ze haar dochter, die oud genoeg was om te trouwen, bij zich en zei tegen haar: &#8220;Ik zal al mijn bezittingen aan jou overlaten als erfenis, op voorwaarde dat je naar een specifieke yeshiva gaat en de Rosj Yeshiva vraagt \u200b\u200bom je gereed te maken om met zijn beste yeshiva-student te trouwen. Het meisje volgde de instructies van haar moeder op en ontmoette de Rosh Yeshiva die haar adviseerde met Ruben, de meest prominente student van de yeshiva, te trouwen. De jonge vrouw ontmoette Ruben twee keer en zonder al te veel aandacht aan te besteden besloot ze met hem te trouwen.<\/p>\n<p>Een paar dagen later, kort voor de dag van het huwelijksfeest, hoorde het meisje dat Ruben niet de beste student in de Yeshiva was; de beste student was Shimon. Het was duidelijk verontrustend voor haar dat als zij met Ruben trouwde, zij tegen de wensen van haar moeder inging. Het meisje wist niet wat te doen, ondanks de aanbeveling van de Rosh Yeshiva. Ze was zo overduidelijk radeloos dat Ruben het merkte en om een \u200b\u200bverklaring vroeg. Ze legde de situatie vervolgens aan hem uit. Aangezien Ruben een rechtvaardige man was, die erg nauwgezet was in verband met diefstal, en wilde vermijden te profiteren van een situatie waarvoor hij nu ongeschikt leek, zei hij tegen zijn verloofde: \u201cIk begrijp uw schaamte, en u hebt gelijk, het is mogelijk dat als je met me trouwt, je de wensen van je moeder niet zult vervullen. Daarom wil ik je vrijzetten en je de mogelijkheid geven te trouwen met wie je wilt. Ik vergeef je en je hebt absoluut geen noodzaak je te verontschuldigen\u201d.<\/p>\n<p>De twee gingen uiteen. Niettemin vroeg het meisje aan Ruben om haar een verklaring van afstand en vergiffenis te schrijven. Al gauw was ze verloofd en trouwde ze met Shimon. Er gingen vervolgens enkele maanden voorbij tot op een mooie dag, een belangrijke Rosj Yeshiva verscheen in de yeshiva van Ruben en Shimon. Hij vroeg de Rosj Yeshiva om hem kennis te laten maken met een getalenteerde student die als Rav kon dienen in zijn Yeshiva. Zonder aarzeling introduceerde de Rav Ruben. Hij werd opgeroepen en hem werd de vooraanstaande positie aangeboden, maar hij weigerde tot grote verrassing van beide rabbijnen. Elke andere student zou gevleid zijn geweest door een aanbod van dat kaliber. Hoezeer ze ook probeerden hem over te halen de oproep te aanvaarden en hoezeer ze ook argumenteerden dat hij de Torah onder het Joodse volk kon verspreiden bleef Ruben weigeren.<\/p>\n<p>De Rosj Yeshiva vertrok. De Rav en Ruben bleven alleen achter.<\/p>\n<p>Ruben legde uit: \u201cIk weet dat veel mensen ervan zouden dromen om deze Yeshiva te leiden, maar &#8230; hoe kan ik deze afspraak accepteren? Als het meisje met wie ik zou gaan trouwen op de hoogte wordt gebracht dat ik ben aangenomen om deze functie te nemen, zou ze kunnen voelen dat ze een slechte keuze heeft gemaakt en met de verkeerde man is getrouwd, en dat zal bij haar grote onrust veroorzaken. Ik geef er de voorkeur aan deze functie te weigeren om te voorkomen dat ik een wees kwetst\u201d.<\/p>\n<p>Het gedrag van Ruben is per definitie het ultieme voorbeeld van oprechtheid en integriteit!<\/p>\n","protected":false},"excerpt":{"rendered":"<p>Op deze pagina vindt u meer informatie over De pijn van Tzaddik zijn. Door Nathan Lopes Cardozo Wanneer we kijken naar de [&hellip;]<\/p>\n","protected":false},"author":2,"featured_media":0,"parent":688,"menu_order":101,"comment_status":"closed","ping_status":"closed","template":"","meta":{"footnotes":""},"class_list":["post-4519","page","type-page","status-publish","hentry"],"yoast_head":"<!-- This site is optimized with the Yoast SEO plugin v27.5 - https:\/\/yoast.com\/product\/yoast-seo-wordpress\/ -->\n<title>De pijn van Tzaddik zijn | Beit Emoenah<\/title>\n<meta name=\"description\" content=\"De pijn van Tzaddik zijn bij Beit Emoenah. Bekijk alle informatie, veelgestelde vragen en neem vandaag nog contact met ons op voor persoonlijk advies.\" \/>\n<meta name=\"robots\" content=\"index, follow, max-snippet:-1, max-image-preview:large, max-video-preview:-1\" \/>\n<link rel=\"canonical\" href=\"https:\/\/beit-emoenah.nl\/26\/studies\/tzaddik\/\" \/>\n<meta property=\"og:locale\" content=\"nl_NL\" \/>\n<meta property=\"og:type\" content=\"article\" \/>\n<meta property=\"og:title\" content=\"De pijn van Tzaddik zijn - Beit Emoenah\" \/>\n<meta property=\"og:description\" content=\"De pijn van Tzaddik zijn - Alle informatie bij Beit Emoenah.\" \/>\n<meta property=\"og:url\" content=\"https:\/\/beit-emoenah.nl\/26\/studies\/tzaddik\/\" \/>\n<meta property=\"og:site_name\" content=\"Beit Emoenah\" \/>\n<meta property=\"article:modified_time\" content=\"2019-04-02T14:04:16+00:00\" \/>\n<meta name=\"twitter:card\" content=\"summary_large_image\" \/>\n<meta name=\"twitter:title\" content=\"De pijn van Tzaddik zijn - Beit Emoenah\" \/>\n<meta name=\"twitter:description\" content=\"De pijn van Tzaddik zijn - Alle informatie bij Beit Emoenah.\" \/>\n<meta name=\"twitter:label1\" content=\"Geschatte leestijd\" \/>\n\t<meta name=\"twitter:data1\" content=\"9 minuten\" \/>\n<script type=\"application\/ld+json\" class=\"yoast-schema-graph\">{\"@context\":\"https:\\\/\\\/schema.org\",\"@graph\":[{\"@type\":\"WebPage\",\"@id\":\"https:\\\/\\\/beit-emoenah.nl\\\/26\\\/studies\\\/tzaddik\\\/\",\"url\":\"https:\\\/\\\/beit-emoenah.nl\\\/26\\\/studies\\\/tzaddik\\\/\",\"name\":\"De pijn van Tzaddik zijn | Beit Emoenah\",\"isPartOf\":{\"@id\":\"https:\\\/\\\/beit-emoenah.nl\\\/26\\\/#website\"},\"datePublished\":\"2018-10-12T14:50:50+00:00\",\"dateModified\":\"2019-04-02T14:04:16+00:00\",\"description\":\"De pijn van Tzaddik zijn bij Beit Emoenah. Bekijk alle informatie, veelgestelde vragen en neem vandaag nog contact met ons op voor persoonlijk advies.\",\"breadcrumb\":{\"@id\":\"https:\\\/\\\/beit-emoenah.nl\\\/26\\\/studies\\\/tzaddik\\\/#breadcrumb\"},\"inLanguage\":\"nl-NL\",\"potentialAction\":[{\"@type\":\"ReadAction\",\"target\":[\"https:\\\/\\\/beit-emoenah.nl\\\/26\\\/studies\\\/tzaddik\\\/\"]}]},{\"@type\":\"BreadcrumbList\",\"@id\":\"https:\\\/\\\/beit-emoenah.nl\\\/26\\\/studies\\\/tzaddik\\\/#breadcrumb\",\"itemListElement\":[{\"@type\":\"ListItem\",\"position\":1,\"name\":\"Home\",\"item\":\"https:\\\/\\\/beit-emoenah.nl\\\/26\\\/\"},{\"@type\":\"ListItem\",\"position\":2,\"name\":\"Studies\",\"item\":\"https:\\\/\\\/beit-emoenah.nl\\\/26\\\/studies\\\/\"},{\"@type\":\"ListItem\",\"position\":3,\"name\":\"De pijn van Tzaddik zijn\"}]},{\"@type\":\"WebSite\",\"@id\":\"https:\\\/\\\/beit-emoenah.nl\\\/26\\\/#website\",\"url\":\"https:\\\/\\\/beit-emoenah.nl\\\/26\\\/\",\"name\":\"Beit Emoenah\",\"description\":\"Huis van geloof, vertrouwen, kracht en liefde\",\"publisher\":{\"@id\":\"https:\\\/\\\/beit-emoenah.nl\\\/26\\\/#organization\"},\"potentialAction\":[{\"@type\":\"SearchAction\",\"target\":{\"@type\":\"EntryPoint\",\"urlTemplate\":\"https:\\\/\\\/beit-emoenah.nl\\\/26\\\/?s={search_term_string}\"},\"query-input\":{\"@type\":\"PropertyValueSpecification\",\"valueRequired\":true,\"valueName\":\"search_term_string\"}}],\"inLanguage\":\"nl-NL\"},{\"@type\":\"Organization\",\"@id\":\"https:\\\/\\\/beit-emoenah.nl\\\/26\\\/#organization\",\"name\":\"Beit Emoenah\",\"url\":\"https:\\\/\\\/beit-emoenah.nl\\\/26\\\/\",\"logo\":{\"@type\":\"ImageObject\",\"inLanguage\":\"nl-NL\",\"@id\":\"https:\\\/\\\/beit-emoenah.nl\\\/26\\\/#\\\/schema\\\/logo\\\/image\\\/\",\"url\":\"https:\\\/\\\/beit-emoenah.nl\\\/26\\\/wp-content\\\/uploads\\\/2024\\\/07\\\/Logo-beit-emoenah.jpeg\",\"contentUrl\":\"https:\\\/\\\/beit-emoenah.nl\\\/26\\\/wp-content\\\/uploads\\\/2024\\\/07\\\/Logo-beit-emoenah.jpeg\",\"width\":573,\"height\":480,\"caption\":\"Beit Emoenah\"},\"image\":{\"@id\":\"https:\\\/\\\/beit-emoenah.nl\\\/26\\\/#\\\/schema\\\/logo\\\/image\\\/\"}}]}<\/script>\n<!-- \/ Yoast SEO plugin. -->","yoast_head_json":{"title":"De pijn van Tzaddik zijn | Beit Emoenah","description":"De pijn van Tzaddik zijn bij Beit Emoenah. Bekijk alle informatie, veelgestelde vragen en neem vandaag nog contact met ons op voor persoonlijk advies.","robots":{"index":"index","follow":"follow","max-snippet":"max-snippet:-1","max-image-preview":"max-image-preview:large","max-video-preview":"max-video-preview:-1"},"canonical":"https:\/\/beit-emoenah.nl\/26\/studies\/tzaddik\/","og_locale":"nl_NL","og_type":"article","og_title":"De pijn van Tzaddik zijn - Beit Emoenah","og_description":"De pijn van Tzaddik zijn - Alle informatie bij Beit Emoenah.","og_url":"https:\/\/beit-emoenah.nl\/26\/studies\/tzaddik\/","og_site_name":"Beit Emoenah","article_modified_time":"2019-04-02T14:04:16+00:00","twitter_card":"summary_large_image","twitter_title":"De pijn van Tzaddik zijn - Beit Emoenah","twitter_description":"De pijn van Tzaddik zijn - Alle informatie bij Beit Emoenah.","twitter_misc":{"Geschatte leestijd":"9 minuten"},"schema":{"@context":"https:\/\/schema.org","@graph":[{"@type":"WebPage","@id":"https:\/\/beit-emoenah.nl\/26\/studies\/tzaddik\/","url":"https:\/\/beit-emoenah.nl\/26\/studies\/tzaddik\/","name":"De pijn van Tzaddik zijn | Beit Emoenah","isPartOf":{"@id":"https:\/\/beit-emoenah.nl\/26\/#website"},"datePublished":"2018-10-12T14:50:50+00:00","dateModified":"2019-04-02T14:04:16+00:00","description":"De pijn van Tzaddik zijn bij Beit Emoenah. Bekijk alle informatie, veelgestelde vragen en neem vandaag nog contact met ons op voor persoonlijk advies.","breadcrumb":{"@id":"https:\/\/beit-emoenah.nl\/26\/studies\/tzaddik\/#breadcrumb"},"inLanguage":"nl-NL","potentialAction":[{"@type":"ReadAction","target":["https:\/\/beit-emoenah.nl\/26\/studies\/tzaddik\/"]}]},{"@type":"BreadcrumbList","@id":"https:\/\/beit-emoenah.nl\/26\/studies\/tzaddik\/#breadcrumb","itemListElement":[{"@type":"ListItem","position":1,"name":"Home","item":"https:\/\/beit-emoenah.nl\/26\/"},{"@type":"ListItem","position":2,"name":"Studies","item":"https:\/\/beit-emoenah.nl\/26\/studies\/"},{"@type":"ListItem","position":3,"name":"De pijn van Tzaddik zijn"}]},{"@type":"WebSite","@id":"https:\/\/beit-emoenah.nl\/26\/#website","url":"https:\/\/beit-emoenah.nl\/26\/","name":"Beit Emoenah","description":"Huis van geloof, vertrouwen, kracht en liefde","publisher":{"@id":"https:\/\/beit-emoenah.nl\/26\/#organization"},"potentialAction":[{"@type":"SearchAction","target":{"@type":"EntryPoint","urlTemplate":"https:\/\/beit-emoenah.nl\/26\/?s={search_term_string}"},"query-input":{"@type":"PropertyValueSpecification","valueRequired":true,"valueName":"search_term_string"}}],"inLanguage":"nl-NL"},{"@type":"Organization","@id":"https:\/\/beit-emoenah.nl\/26\/#organization","name":"Beit Emoenah","url":"https:\/\/beit-emoenah.nl\/26\/","logo":{"@type":"ImageObject","inLanguage":"nl-NL","@id":"https:\/\/beit-emoenah.nl\/26\/#\/schema\/logo\/image\/","url":"https:\/\/beit-emoenah.nl\/26\/wp-content\/uploads\/2024\/07\/Logo-beit-emoenah.jpeg","contentUrl":"https:\/\/beit-emoenah.nl\/26\/wp-content\/uploads\/2024\/07\/Logo-beit-emoenah.jpeg","width":573,"height":480,"caption":"Beit Emoenah"},"image":{"@id":"https:\/\/beit-emoenah.nl\/26\/#\/schema\/logo\/image\/"}}]}},"_links":{"self":[{"href":"https:\/\/beit-emoenah.nl\/26\/wp-json\/wp\/v2\/pages\/4519","targetHints":{"allow":["GET"]}}],"collection":[{"href":"https:\/\/beit-emoenah.nl\/26\/wp-json\/wp\/v2\/pages"}],"about":[{"href":"https:\/\/beit-emoenah.nl\/26\/wp-json\/wp\/v2\/types\/page"}],"author":[{"embeddable":true,"href":"https:\/\/beit-emoenah.nl\/26\/wp-json\/wp\/v2\/users\/2"}],"replies":[{"embeddable":true,"href":"https:\/\/beit-emoenah.nl\/26\/wp-json\/wp\/v2\/comments?post=4519"}],"version-history":[{"count":3,"href":"https:\/\/beit-emoenah.nl\/26\/wp-json\/wp\/v2\/pages\/4519\/revisions"}],"predecessor-version":[{"id":4949,"href":"https:\/\/beit-emoenah.nl\/26\/wp-json\/wp\/v2\/pages\/4519\/revisions\/4949"}],"up":[{"embeddable":true,"href":"https:\/\/beit-emoenah.nl\/26\/wp-json\/wp\/v2\/pages\/688"}],"wp:attachment":[{"href":"https:\/\/beit-emoenah.nl\/26\/wp-json\/wp\/v2\/media?parent=4519"}],"curies":[{"name":"wp","href":"https:\/\/api.w.org\/{rel}","templated":true}]}}