{"id":4776,"date":"2018-12-30T17:11:24","date_gmt":"2018-12-30T15:11:24","guid":{"rendered":"https:\/\/beit-emoenah.nl\/26\/?page_id=4776"},"modified":"2019-12-17T12:26:18","modified_gmt":"2019-12-17T10:26:18","slug":"opname-ja-of-nee","status":"publish","type":"page","link":"https:\/\/beit-emoenah.nl\/26\/studies-2\/opname-ja-of-nee\/","title":{"rendered":"&#8220;Opname&#8221;,  ja of nee?"},"content":{"rendered":"<p>Op deze pagina vindt u meer informatie over &#8220;Opname&#8221;,  ja of nee?.<\/p>\n<p><strong><em>Het vergelijken van de plagen in Exodus met de plagen in Openbaring is leerzaam. Wat ontbreekt in het Exodus-hoofdstuk is de &#8220;opname&#8221;.<\/em><\/strong><\/p>\n<p>De griezelige gelijkenis van de plagen van Openbaring en de plagen van Exodus heeft de aandacht van veel bijbelstudenten gekregen. Wat natuurlijk ontbreekt in Exodus is de zogenaamde &#8220;opname&#8221;. En het zal een echte Bijbelstudent dan ook niet verbazen dat de zogenaamde &#8220;opname&#8221; ook niet in Openbaring te vinden is.<\/p>\n<p>Het concept van een &#8220;opname&#8221; komt in de eerste plaats uit deze passage:<\/p>\n<p><em>Maar ik wil niet, broeders, dat u onwetend bent ten aanzien van hen die ontslapen zijn, opdat u niet bedroefd bent zoals ook de anderen, die geen hoop hebben. Want als wij geloven dat Jezus gestorven en opgestaan is, zal ook God op dezelfde wijze hen die in Jezus ontslapen zijn, terugbrengen met Hem. Want dit zeggen wij u met een woord van de Heere, dat wij die levend zullen overblijven tot de komst van de Heere, de ontslapenen beslist niet zullen voorgaan. Want de Heere Zelf zal met een geroep, met de stem van een aartsengel en met een bazuin van God neerdalen uit de hemel. En de doden die in Christus zijn, zullen eerst opstaan. Daarna zullen wij, <strong>de levenden die overgebleven zijn, samen met hen opgenomen worden in de wolken, naar een ontmoeting met de Heere in de lucht<\/strong>. En zo zullen wij altijd bij de Heere zijn. Zo dan, troost elkaar met deze woorden. Maar wat de tijden en de gelegenheden betreft, broeders, is het voor u niet nodig dat men u schrijft. Want u weet zelf heel goed dat de dag van <strong>de Heere komt als een dief in de nacht<\/strong>. Want wanneer zij zullen zeggen: Er is vrede en veiligheid, dan zal een onverwacht verderf hun overkomen, zoals de barenswee\u00ebn een zwangere vrouw, en zij zullen het beslist niet ontvluchten. Maar u, broeders, bent niet in duisternis, zodat die dag u als een dief zou overvallen. U bent allen kinderen van het licht en kinderen van de dag. Wij zijn niet van de nacht en ook niet van de duisternis.<br \/>\n<\/em>1 Thess. 4:13-5:4<\/p>\n<p>Natuurlijk herinnert de vermelding van een &#8220;dief in de nacht&#8221; sommigen aan de passage uit Matthe\u00fcs 24 die populair werd gemaakt door de serie \u201cLeft Behind\u201d:<\/p>\n<p><em>Maar die dag en dat uur is aan niemand bekend, ook aan de engelen in de hemel niet, maar alleen aan Mijn Vader. Zoals de dagen van Noach waren, zo zal ook de komst van de Zoon des mensen zijn. Want zoals ze bezig waren in de dagen voor de zondvloed met eten, drinken, trouwen en ten huwelijk geven, tot aan de dag waarop Noach de ark binnenging, en het niet merkten, totdat de zondvloed kwam en hen allen wegnam, zo zal ook de komst van de Zoon des mensen zijn. Dan zullen er twee op de akker zijn; de \u00e9\u00e9n zal weggenomen en de ander zal achtergelaten worden. Er zullen twee vrouwen malen met de molen; de \u00e9\u00e9n zal weggenomen en de ander zal achtergelaten worden. Wees dan waakzaam, want u weet niet op welk moment uw Heere komen zal. Maar weet dit, dat als de heer des huizes geweten had in welke nachtwake <strong>de dief\u00a0<\/strong>komen zou, hij waakzaam geweest zou zijn, en niet in zijn huis zou hebben laten inbreken.<br \/>\n<\/em>Matth. 24:36-43<\/p>\n<p>Het lijkt allemaal vrij voor de hand te liggen voor iedereen die in de dispensatietheorie wordt onderwezen. Voor hen is er een opname van gelovigen voorafgaand aan de &#8220;Grote Verdrukking&#8221;. <strong>Voor hen moet dat zo zijn<\/strong>.<\/p>\n<p>Geliefden, &#8220;opname-theologie&#8221; is een uitvinding van dispensationalisme. Het staat <u>niet<\/u>\u00a0in Exodus en <u>niet<\/u>\u00a0in Openbaring. Het staat niet in Daniel. Het staat niet in Matthe\u00fcs 24, en zelfs niet in 1 Thess. 4. Oh, wees zeker er zullen wezens &#8220;binnengehaald&#8221; worden om de Messias te ontmoeten, maar er is geen speciale opname van gelovigen voordat Isra\u00ebl &#8220;de moeite van Jakob&#8221; ondergaat. Deze lering is een noodzakelijke leer van het dispensationalisme &#8211; uitgevonden om het zogenaamde &#8216;kerktijdperk&#8217; uit te leggen en waarom de profeten niet over de &#8216;kerk&#8217; maar over &#8216;Isra\u00ebl&#8217; spreken. Misschien ken je hun logica: \u201c<em>God had een volk, dat was Isra\u00ebl &#8230; toen schakelde hij over naar de kerk, zij werden zijn volk &#8230; en later zal hij de kerk uit deze wereld opnemen en daarna zal hij veranderen en terugkeren naar Isra\u00ebl &#8211; zij zullen dan weer Zijn volk zijn<\/em>\u201d.<\/p>\n<p>Voor degenen die het \u201cvoedsel\u201d van Tim LaHaye lezen, jullie hebben hopelijk dan ook daadwerkelijk Matth 24 gelezen en weten dat zijn visie om \u201cleft behind\u201d te worden precies omgekeerd is. Geliefden, in <strong>de dagen van Noach<\/strong>, en in de profetie van Yeshua, werden de rechtvaardigen <strong>niet\u00a0<\/strong>&#8220;opgenomen&#8221; of &#8220;weggenomen&#8221; &#8211; nee, het zijn <strong>de goddelozen die worden weggenomen<\/strong>. <strong>De rechtvaardigen zijn degenen die worden &#8216;achtergelaten&#8217;<\/strong>. Geloof me niet op mijn woord maar lees het eens opnieuw:<\/p>\n<p><em>Zoals de dagen van Noach waren, zo zal ook de komst van de Zoon des mensen zijn. Want zoals ze bezig waren in de dagen voor de zondvloed met eten, drinken, trouwen en ten huwelijk geven, tot aan de dag waarop Noach de ark binnenging, <strong>en het niet merkten, totdat de zondvloed kwam en hen allen wegnam<\/strong>, <strong>zo zal ook de komst van de Zoon des mensen zijn<\/strong>. Dan zullen er twee op de akker zijn; de \u00e9\u00e9n zal weggenomen en de ander zal achtergelaten worden. Er zullen twee vrouwen malen met de molen; <strong>de \u00e9\u00e9n zal weggenomen<\/strong>en de ander zal achtergelaten worden.<\/em><br \/>\nMatth 24:37-41<\/p>\n<p>Bedenk dat in de Schrift <strong>de rechtvaardigen altijd zijn achtergebleven. Het zijn telkens weer de goddelozen die worden weggenomen<\/strong>.<\/p>\n<p>We kennen allemaal het kwaad dat &#8216;vervangingstheologie&#8217; wordt genoemd. Dispensationalisme lijkt heel goedaardig. Zeker, dispensationalisten zijn veel vriendelijker tegenover Isra\u00ebl. Hoe dan ook, Dispensationalisme is <strong>vals\u00a0<\/strong>en je kunt een dispensationalist altijd herkennen door te vragen naar de &#8220;Opname&#8221;.<\/p>\n<p>Houd moed, geliefden. Jullie zijn ge\u00ebnt op en verbonden met Isra\u00ebl (Romeinen 11, Efezi\u00ebrs 2-3), er is een tijd van beproevingen die over de hele aarde komt. God zal Isra\u00ebl bewaren &#8211; <strong>niet\u00a0<\/strong>door haar uit de wereld te halen, maar door haar <strong>te behouden\u00a0<\/strong>als een eeuwig getuigenis van Zijn trouw. En met Isra\u00ebl allen die Emoenah (het Geloof, het Vertrouwen, de Kracht en de Liefde) in Yeshua hebben behouden.<\/p>\n<p>Overweeg het volgende: in Exodus kwamen de eerste drie plagen over alle inwoners van Egypte, zowel de Isra\u00ebliet als de Egyptenaar. Echter, bij de laatste zeven plagen keken de Isra\u00eblieten slechts toe, omdat <strong>alleen de Egyptenaren\u00a0<\/strong>die plagen ervoeren. Interessant. Zeven plagen &#8230; net als in Openbaring 15.<\/p>\n<p>Worden de rechtvaardigen &#8216;opgenomen&#8217; of &#8216;meegenomen&#8217; v\u00f3\u00f3r de tijd van beproevingen? \u2013 nee! De Bijbel leert dat Isra\u00ebl, en degenen die aan haar zijn toegevoegd, <strong>in die tijd zullen worden bewaard<\/strong>.<\/p>\n<p>Tot 3 keer gaat het over het inzamelen van de oogst en het verrassende is dat de gelovigen die verzegeld zijn in Yeshua niet als eerste worden weggenomen. Uit alle gelijkenissen blijkt dat zij die NIET verzegeld zijn door geloof in Yeshua worden weggenomen en zelfs verbrandt worden.<\/p>\n<p>Math. 13:30<br \/>\nMath. 13: 41-43<br \/>\nMath. 13: 49-50<\/p>\n<p>Iets om thuis verder te bestuderen, zeer de moeite waard.<\/p>\n<p><strong>Het onkruid tussen de tarwe<\/strong><br \/>\n24 Een andere gelijkenis hield Hij hun voor. Hij zei: Het Koninkrijk der hemelen is gelijk aan iemand die goed zaad zaaide in zijn akker.<br \/>\n25 Maar toen de mensen sliepen, kwam zijn vijand en zaaide onkruid tussen de tarwe, en ging weg.<br \/>\n26 Toen het gewas opkwam en vrucht voortbracht, kwam ook het onkruid tevoorschijn.<br \/>\n27 De dienaren van de heer des huizes gingen naar hem toe en zeiden: Heer, hebt u niet goed zaad in uw akker gezaaid? Waar komt dan dit onkruid vandaan?<br \/>\n28 Hij zei tegen hen: Een vijandig mens heeft dat gedaan. De dienaren zeiden tegen hem: Wilt u dan dat wij erheen gaan en het verzamelen?<br \/>\n29 Maar hij zei: Nee, opdat u bij het verzamelen van het onkruid niet misschien tegelijk ook de tarwe <em>zelf<\/em>uittrekt.<br \/>\n30 Laat ze allebei samen tot de oogst opgroeien, en in de oogsttijd zal ik tegen de maaiers zeggen: Verzamel eerst het onkruid en bind het in bossen om het te verbranden, maar breng de tarwe bijeen in mijn schuur. van de wereld..<\/p>\n<p><strong>Uitleg van de gelijkenis van het onkruid<\/strong><br \/>\n36 Toen Jezus de menigte had laten weggaan, ging Hij naar huis. En Zijn discipelen kwamen bij Hem en zeiden: Verklaar ons de gelijkenis van het onkruid op de akker.<br \/>\n37 Hij antwoordde en zei tegen hen: Hij die het goede zaad zaait, is de Zoon des mensen.<br \/>\n38 De akker is de wereld, het goede zaad zijn de kinderen van het Koninkrijk en het onkruid zijn de kinderen van de boze.<br \/>\n39 De vijand die het gezaaid heeft, is de duivel; de oogst is de voleinding van de wereld en de maaiers zijn engelen.<br \/>\n40 Zoals dan het onkruid verzameld en met vuur verbrand wordt, zo zal het <em>ook<\/em>zijn bij de voleinding van deze wereld:<br \/>\n41 de Zoon des mensen zal Zijn engelen uitzenden, en zij zullen uit Zijn Koninkrijk verzamelen alle struikelblokken, en hen die de wetteloosheid doen,<br \/>\n42 en zij zullen hen in de vurige oven werpen; daar zal gejammer zijn en tandengeknars.<br \/>\n43 Dan zullen de rechtvaardigen stralen als de zon, in het Koninkrijk van hun Vader. Wie oren heeft om te horen, laat hij horen.<\/p>\n<p><strong>Het visnet<\/strong><br \/>\n47 Het Koninkrijk der hemelen is ook gelijk aan een net, uitgeworpen in de zee, dat allerlei soorten <em>vissen<\/em>bijeenbrengt.<br \/>\n48 Als het vol geworden is, trekken <em>de vissers<\/em>het op de oever. Ze gaan zitten en verzamelen de goede <em>vissen<\/em>in vaten, maar de slechte gooien zij weg.<br \/>\n49 Zo zal het bij de voleinding van de wereld zijn: de engelen zullen uitgaan en de slechten uit het midden van de rechtvaardigen afzonderen,<br \/>\n50 en zij zullen hen in de vurige oven werpen; daar zal gejammer zijn en tandengeknars.<br \/>\n51 Jezus zei tegen hen: Hebt u dit alles begrepen? Zij zeiden tegen Hem: Ja, Heere.<br \/>\n52 Hij zei tegen hen: Daarom, iedere schriftgeleerde, in het Koninkrijk der hemelen onderwezen, is gelijk aan een heer des huizes die uit zijn voorraad nieuwe en oude dingen tevoorschijn haalt.<\/p>\n<p>1 Thess 4 spreekt over \u201cwij levenden die achterblijven tot de komst\u2026.\u201d:<br \/>\n\u201cwij levenden die achterblijven\u201d gaat dus over Matth 24 en \u201ctot de komst\u201d wijst naar het eindmoment van het 1000 jarig rijk waar nogmaals ieder voor de troon van Hashem verschijnt.<\/p>\n<p>Matth. 24:40 wordt het woord paralamban\u00f5 gebruikt in het Grieks en in Hebreeuws \u05dc\u05db\u05d7\u05ea\u00a0wat beiden neerkomt op wegnemen, sterker nog het betekent; bijeenbrengen om buiten te sluiten (receive to be discharged in het engels).<br \/>\nparalamban\u00f5 slaat dus op hen die verzameld worden om vervolgens weggedaan\/vernietigt te worden.<\/p>\n","protected":false},"excerpt":{"rendered":"<p>Op deze pagina vindt u meer informatie over &#8220;Opname&#8221;, ja of nee?. Het vergelijken van de plagen in Exodus met de plagen [&hellip;]<\/p>\n","protected":false},"author":2,"featured_media":0,"parent":3480,"menu_order":54,"comment_status":"closed","ping_status":"closed","template":"","meta":{"footnotes":""},"class_list":["post-4776","page","type-page","status-publish","hentry"],"yoast_head":"<!-- This site is optimized with the Yoast SEO plugin v27.2 - https:\/\/yoast.com\/product\/yoast-seo-wordpress\/ -->\n<title>&#8220;Opname&#8221;, ja of nee? | Beit Emoenah<\/title>\n<meta name=\"description\" content=\"Het vergelijken van de plagen in Exodus met de plagen in Openbaring is leerzaam. Wat ontbreekt in het Exodus-hoofdstuk is de &quot;opname&quot;.\" \/>\n<meta name=\"robots\" content=\"index, follow, max-snippet:-1, max-image-preview:large, max-video-preview:-1\" \/>\n<link rel=\"canonical\" href=\"https:\/\/beit-emoenah.nl\/26\/studies-2\/opname-ja-of-nee\/\" \/>\n<meta property=\"og:locale\" content=\"nl_NL\" \/>\n<meta property=\"og:type\" content=\"article\" \/>\n<meta property=\"og:title\" content=\"&#8220;Opname&#8221;, ja of nee? - Beit Emoenah\" \/>\n<meta property=\"og:description\" content=\"&#8220;Opname&#8221;, ja of nee? - Alle informatie bij Beit Emoenah.\" \/>\n<meta property=\"og:url\" content=\"https:\/\/beit-emoenah.nl\/26\/studies-2\/opname-ja-of-nee\/\" \/>\n<meta property=\"og:site_name\" content=\"Beit Emoenah\" \/>\n<meta property=\"article:modified_time\" content=\"2019-12-17T10:26:18+00:00\" \/>\n<meta name=\"twitter:card\" content=\"summary_large_image\" \/>\n<meta name=\"twitter:title\" content=\"&#8220;Opname&#8221;, ja of nee? - Beit Emoenah\" \/>\n<meta name=\"twitter:description\" content=\"&#8220;Opname&#8221;, ja of nee? - Alle informatie bij Beit Emoenah.\" \/>\n<meta name=\"twitter:label1\" content=\"Geschatte leestijd\" \/>\n\t<meta name=\"twitter:data1\" content=\"9 minuten\" \/>\n<script type=\"application\/ld+json\" class=\"yoast-schema-graph\">{\"@context\":\"https:\/\/schema.org\",\"@graph\":[{\"@type\":\"WebPage\",\"@id\":\"https:\/\/beit-emoenah.nl\/26\/studies-2\/opname-ja-of-nee\/\",\"url\":\"https:\/\/beit-emoenah.nl\/26\/studies-2\/opname-ja-of-nee\/\",\"name\":\"&#8220;Opname&#8221;, ja of nee? | Beit Emoenah\",\"isPartOf\":{\"@id\":\"https:\/\/beit-emoenah.nl\/26\/#website\"},\"datePublished\":\"2018-12-30T15:11:24+00:00\",\"dateModified\":\"2019-12-17T10:26:18+00:00\",\"description\":\"Het vergelijken van de plagen in Exodus met de plagen in Openbaring is leerzaam. Wat ontbreekt in het Exodus-hoofdstuk is de \\\"opname\\\".\",\"breadcrumb\":{\"@id\":\"https:\/\/beit-emoenah.nl\/26\/studies-2\/opname-ja-of-nee\/#breadcrumb\"},\"inLanguage\":\"nl-NL\",\"potentialAction\":[{\"@type\":\"ReadAction\",\"target\":[\"https:\/\/beit-emoenah.nl\/26\/studies-2\/opname-ja-of-nee\/\"]}]},{\"@type\":\"BreadcrumbList\",\"@id\":\"https:\/\/beit-emoenah.nl\/26\/studies-2\/opname-ja-of-nee\/#breadcrumb\",\"itemListElement\":[{\"@type\":\"ListItem\",\"position\":1,\"name\":\"Home\",\"item\":\"https:\/\/beit-emoenah.nl\/26\/\"},{\"@type\":\"ListItem\",\"position\":2,\"name\":\"Studies\",\"item\":\"https:\/\/beit-emoenah.nl\/26\/studies-2\/\"},{\"@type\":\"ListItem\",\"position\":3,\"name\":\"&#8220;Opname&#8221;, ja of nee?\"}]},{\"@type\":\"WebSite\",\"@id\":\"https:\/\/beit-emoenah.nl\/26\/#website\",\"url\":\"https:\/\/beit-emoenah.nl\/26\/\",\"name\":\"Beit Emoenah\",\"description\":\"Huis van geloof, vertrouwen, kracht en liefde\",\"publisher\":{\"@id\":\"https:\/\/beit-emoenah.nl\/26\/#organization\"},\"potentialAction\":[{\"@type\":\"SearchAction\",\"target\":{\"@type\":\"EntryPoint\",\"urlTemplate\":\"https:\/\/beit-emoenah.nl\/26\/?s={search_term_string}\"},\"query-input\":{\"@type\":\"PropertyValueSpecification\",\"valueRequired\":true,\"valueName\":\"search_term_string\"}}],\"inLanguage\":\"nl-NL\"},{\"@type\":\"Organization\",\"@id\":\"https:\/\/beit-emoenah.nl\/26\/#organization\",\"name\":\"Beit Emoenah\",\"url\":\"https:\/\/beit-emoenah.nl\/26\/\",\"logo\":{\"@type\":\"ImageObject\",\"inLanguage\":\"nl-NL\",\"@id\":\"https:\/\/beit-emoenah.nl\/26\/#\/schema\/logo\/image\/\",\"url\":\"https:\/\/beit-emoenah.nl\/26\/wp-content\/uploads\/2024\/07\/Logo-beit-emoenah.jpeg\",\"contentUrl\":\"https:\/\/beit-emoenah.nl\/26\/wp-content\/uploads\/2024\/07\/Logo-beit-emoenah.jpeg\",\"width\":573,\"height\":480,\"caption\":\"Beit Emoenah\"},\"image\":{\"@id\":\"https:\/\/beit-emoenah.nl\/26\/#\/schema\/logo\/image\/\"}}]}<\/script>\n<!-- \/ Yoast SEO plugin. -->","yoast_head_json":{"title":"&#8220;Opname&#8221;, ja of nee? | Beit Emoenah","description":"Het vergelijken van de plagen in Exodus met de plagen in Openbaring is leerzaam. Wat ontbreekt in het Exodus-hoofdstuk is de \"opname\".","robots":{"index":"index","follow":"follow","max-snippet":"max-snippet:-1","max-image-preview":"max-image-preview:large","max-video-preview":"max-video-preview:-1"},"canonical":"https:\/\/beit-emoenah.nl\/26\/studies-2\/opname-ja-of-nee\/","og_locale":"nl_NL","og_type":"article","og_title":"&#8220;Opname&#8221;, ja of nee? - Beit Emoenah","og_description":"&#8220;Opname&#8221;, ja of nee? - Alle informatie bij Beit Emoenah.","og_url":"https:\/\/beit-emoenah.nl\/26\/studies-2\/opname-ja-of-nee\/","og_site_name":"Beit Emoenah","article_modified_time":"2019-12-17T10:26:18+00:00","twitter_card":"summary_large_image","twitter_title":"&#8220;Opname&#8221;, ja of nee? - Beit Emoenah","twitter_description":"&#8220;Opname&#8221;, ja of nee? - Alle informatie bij Beit Emoenah.","twitter_misc":{"Geschatte leestijd":"9 minuten"},"schema":{"@context":"https:\/\/schema.org","@graph":[{"@type":"WebPage","@id":"https:\/\/beit-emoenah.nl\/26\/studies-2\/opname-ja-of-nee\/","url":"https:\/\/beit-emoenah.nl\/26\/studies-2\/opname-ja-of-nee\/","name":"&#8220;Opname&#8221;, ja of nee? | Beit Emoenah","isPartOf":{"@id":"https:\/\/beit-emoenah.nl\/26\/#website"},"datePublished":"2018-12-30T15:11:24+00:00","dateModified":"2019-12-17T10:26:18+00:00","description":"Het vergelijken van de plagen in Exodus met de plagen in Openbaring is leerzaam. Wat ontbreekt in het Exodus-hoofdstuk is de \"opname\".","breadcrumb":{"@id":"https:\/\/beit-emoenah.nl\/26\/studies-2\/opname-ja-of-nee\/#breadcrumb"},"inLanguage":"nl-NL","potentialAction":[{"@type":"ReadAction","target":["https:\/\/beit-emoenah.nl\/26\/studies-2\/opname-ja-of-nee\/"]}]},{"@type":"BreadcrumbList","@id":"https:\/\/beit-emoenah.nl\/26\/studies-2\/opname-ja-of-nee\/#breadcrumb","itemListElement":[{"@type":"ListItem","position":1,"name":"Home","item":"https:\/\/beit-emoenah.nl\/26\/"},{"@type":"ListItem","position":2,"name":"Studies","item":"https:\/\/beit-emoenah.nl\/26\/studies-2\/"},{"@type":"ListItem","position":3,"name":"&#8220;Opname&#8221;, ja of nee?"}]},{"@type":"WebSite","@id":"https:\/\/beit-emoenah.nl\/26\/#website","url":"https:\/\/beit-emoenah.nl\/26\/","name":"Beit Emoenah","description":"Huis van geloof, vertrouwen, kracht en liefde","publisher":{"@id":"https:\/\/beit-emoenah.nl\/26\/#organization"},"potentialAction":[{"@type":"SearchAction","target":{"@type":"EntryPoint","urlTemplate":"https:\/\/beit-emoenah.nl\/26\/?s={search_term_string}"},"query-input":{"@type":"PropertyValueSpecification","valueRequired":true,"valueName":"search_term_string"}}],"inLanguage":"nl-NL"},{"@type":"Organization","@id":"https:\/\/beit-emoenah.nl\/26\/#organization","name":"Beit Emoenah","url":"https:\/\/beit-emoenah.nl\/26\/","logo":{"@type":"ImageObject","inLanguage":"nl-NL","@id":"https:\/\/beit-emoenah.nl\/26\/#\/schema\/logo\/image\/","url":"https:\/\/beit-emoenah.nl\/26\/wp-content\/uploads\/2024\/07\/Logo-beit-emoenah.jpeg","contentUrl":"https:\/\/beit-emoenah.nl\/26\/wp-content\/uploads\/2024\/07\/Logo-beit-emoenah.jpeg","width":573,"height":480,"caption":"Beit Emoenah"},"image":{"@id":"https:\/\/beit-emoenah.nl\/26\/#\/schema\/logo\/image\/"}}]}},"_links":{"self":[{"href":"https:\/\/beit-emoenah.nl\/26\/wp-json\/wp\/v2\/pages\/4776","targetHints":{"allow":["GET"]}}],"collection":[{"href":"https:\/\/beit-emoenah.nl\/26\/wp-json\/wp\/v2\/pages"}],"about":[{"href":"https:\/\/beit-emoenah.nl\/26\/wp-json\/wp\/v2\/types\/page"}],"author":[{"embeddable":true,"href":"https:\/\/beit-emoenah.nl\/26\/wp-json\/wp\/v2\/users\/2"}],"replies":[{"embeddable":true,"href":"https:\/\/beit-emoenah.nl\/26\/wp-json\/wp\/v2\/comments?post=4776"}],"version-history":[{"count":5,"href":"https:\/\/beit-emoenah.nl\/26\/wp-json\/wp\/v2\/pages\/4776\/revisions"}],"predecessor-version":[{"id":5391,"href":"https:\/\/beit-emoenah.nl\/26\/wp-json\/wp\/v2\/pages\/4776\/revisions\/5391"}],"up":[{"embeddable":true,"href":"https:\/\/beit-emoenah.nl\/26\/wp-json\/wp\/v2\/pages\/3480"}],"wp:attachment":[{"href":"https:\/\/beit-emoenah.nl\/26\/wp-json\/wp\/v2\/media?parent=4776"}],"curies":[{"name":"wp","href":"https:\/\/api.w.org\/{rel}","templated":true}]}}