{"id":6394,"date":"2021-10-11T15:23:29","date_gmt":"2021-10-11T13:23:29","guid":{"rendered":"https:\/\/beit-emoenah.nl\/26\/?page_id=6394"},"modified":"2024-03-28T12:27:01","modified_gmt":"2024-03-28T10:27:01","slug":"psalm-19","status":"publish","type":"page","link":"https:\/\/beit-emoenah.nl\/26\/studies-2\/psalm-19\/","title":{"rendered":"Psalm 19"},"content":{"rendered":"<p>Psalm 19 Studie van Karaitisch Messiaans Studiegenootschap<\/p>\n<p>Psalm 19:10<br \/>\n<em>\u201cDe vreze des HEEREN is rein, bestaande tot in eeuwigheid, de rechten des HEEREN zijn waarheid, samen zijn zij rechtvaardig\u201d.<\/em><\/p>\n<p>Om deze tekst volledig te kunnen begrijpen gaan we om te beginnen eerst vers 8 tot 15 lezen. Zo krijgen we een compleet beeld van de context.<\/p>\n<p>Psalm 19:8-15<br \/>\n<em>\u201c8 De wet des HEEREN is volmaakt, bekerende de ziel; de getuigenis des HEEREN is gewis, den slechte wijsheid gevende. 9 De bevelen des HEEREN zijn recht, verblijdende het hart; het gebod des HEEREN is zuiver, verlichtende de ogen. 10 De vreze des HEEREN is rein, bestaande tot in eeuwigheid, de rechten des HEEREN zijn waarheid, samen zijn zij rechtvaardig. 11 Zij zijn begeerlijker dan goud, ja, dan veel fijn goud; en zoeter dan honig en honigzeem. 12 Ook wordt Uw knecht door dezelve klaarlijk vermaand; in het houden van die is grote loon. 13 Wie zou de afdwalingen verstaan? Reinig mij van de verborgene afdwalingen. 14 Houd Uw knecht ook terug van trotsheden; laat ze niet over mij heersen; dan zal ik oprecht zijn en rein van grote overtreding. 15 Laat de redenen mijns monds, en de overdenking mijns harten welbehagelijk zijn voor Uw aangezicht, o HEERE, mijn Rotssteen en mijn Verlosser!\u201d<\/em><\/p>\n<p>Psalm 19:8<br \/>\n<em>\u201c8 De wet des HEEREN is volmaakt, bekerende de ziel; de getuigenis des HEEREN is gewis, den slechte wijsheid gevende.\u201d<\/em><\/p>\n<p>In vers 8 wordt heel duidelijk gesteld dat de Thora volmaakt is, en dat het ons aanzet tot bekering, tevens zal het wijsheid geven aan de \u201cslechte\u201d. De slechte kan men ook vertalen als eenvoudig en openminded aangezien het is vertaald vanuit het Hebreeuwse woord peti \u05e4\u05b6\u05bc\u05bd\u05ea\u05b4\u05d9 . \u201cDe Slechte\u201d heeft dus geen enkele betrekking op slechte intenties of afgoderij.<\/p>\n<p>Psalm 19:9<br \/>\n<em>\u201cDe bevelen des HEEREN zijn recht, verblijdende het hart; het gebod des HEEREN is zuiver, verlichtende de ogen.\u201d<\/em><\/p>\n<p>In vers 9 lezen we dat Zijn bevelen recht zijn en het hart verblijden. Oftewel, als je bemoediging nodig hebt ga dan eens beginnen met uzelf te disciplineren om dagelijks te verdiepen in de Thora. Dus niet ditgene van mensen af laten hangen.<\/p>\n<p>Want waar staat het \u00fcberhaupt dat mensen elkaar dienen te bemoedigen?<\/p>\n<p>De kerk onderwijst men dat we elkaar daarvoor nodig hebben terwijl de Thora buiten beschouwing wordt gelaten; DAT KAN NIET. DAN TRAP JE ELKAAR ALLEEN MAAR VERDER IN DE PUT. Je doet er zeker goed aan om met broeders en zusters samen te komen die leven volgens de Thora, maar dan nog, de Thora verblijdt het hart, niet de mensen. Tevens staat er ook dat de ogen verlicht zullen worden door het zuivere gebod. Verlicht is vertaald vanuit het Hebreeuwse \u05d0\u05d5\u05b9\u05e8 OR en betekent ook wel het licht ontvangen, het licht worden en uitstralen.<\/p>\n<p>Uiteraard hebben we allemaal wel eens gehoord dat we als christenen een licht voor de naties dienen te zijn. Wat mij betreft is dit volstrekte flauwekul als men de Thora buiten beschouwing wilt houden, dat lukt niet, dan verspreid je pure duisternis.<\/p>\n<p>Psalm 19:10<br \/>\n<em>\u201cDe vreze des HEEREN is rein, bestaande tot in eeuwigheid, de rechten des HEEREN zijn waarheid, samen zijn zij rechtvaardig.\u201d<\/em><\/p>\n<p>Vers 10 hier lezen we dat de vreze des Heren bestaat tot in eeuwigheid. Wat wordt daarmee bedoeld? Een mens dat de Heere vreest leeft in eeuwigheid, en het zijn dezen welke met Hem regeren zullen, ondanks dat hun leven slechts tijdelijk is op de huidige aarde.<\/p>\n<p>De rechten des Heren zijn uiteraard een verwijzing naar de Thora, net als de andere zaken die in dit stuk genoemd worden.<\/p>\n<p>Samen zijn zij rechtvaardig: met \u201csamen\u201d wordt hier gewezen op \u201cHem vrezen\u201d en \u201cDe Waarheid\u201d deze in combinatie is rechtvaardig. Het \u00e9\u00e9n kan niet zonder het ander. Daarom zegt Yeshua ook tegen de Farizee\u00ebn:<\/p>\n<p>Matte\u00fcs 15:6<br \/>\n<em>\u201c6 En gij hebt alzo Gods gebod krachteloos gemaakt door uw inzetting.\u201d<\/em><\/p>\n<p>Oftewel de waarheid is krachteloos in een mensenleven als men er niets mee doet. De Farizee\u00ebn leefde immers niet volgens de Thora, maar volgens tradities van mensen.<\/p>\n<p>Psalm 19:11<br \/>\n<em>\u201cZij zijn begeerlijker dan goud, ja, dan veel fijn goud; en zoeter dan honig en honigzeem.\u201d<\/em><\/p>\n<p>Vers 11: de vreze des Heren en de waarheid, deze samen, zijn begeerlijker dan goud en zoeter dan honing.<\/p>\n<p>Begeerlijker en zoeter zijn een omschrijving van belevingen. Niet zozeer een feitelijke omschrijving van wat er wel of niet meer waard zou zijn.<\/p>\n<p>Zowel de vreze des Heren als wel de kennis van Waarheid, is iets waar we in moeten groeien. Na verloop van tijd en groei zal men gaan ervaren dat de vreze des Heren en de kennis van Waarheid, belangrijker wordt in persoonlijke beleving dan materialistisch welzijn, hetgeen wordt omschreven als goud en honing.<\/p>\n<p>Psalm 19:12<br \/>\n<em>\u201cOok wordt Uw knecht door dezelve klaarlijk vermaand; in het houden van die is grote loon.\u201d<\/em><\/p>\n<p>Vers 12:\u00a0Zowel de vreze des Heren als wel de kennis van Waarheid, is hetgeen waardoor een mens vermaand zal worden. Wie zich alzo laat vermanen zal zelfs rijkelijk beloond worden.<\/p>\n<p>Vaak horen we in de kerk dat we elkaar moeten vermanen en terechtwijzen. En dat klopt helemaal, het is echter onmogelijk indien men dit zonder de Thora doet. Dan ontbreekt het simpelweg aan waarheid en vreze des Heren.<\/p>\n<p>Als iemand je denkt te kunnen terechtwijzen, kan dit alleen op basis van de Thora.<\/p>\n<p>Wie in de waan is dat de Thora zou hebben afgedaan, kan dus nooit iemand op een gezonde manier terechtwijzen. Hij zal dat dan doen volgens een christelijk moreel kompas, hetgeen wijst richting ROME. Slecht plan.<\/p>\n<p>Psalm 19:13<br \/>\n<em>\u201cWie zou de afdwalingen verstaan? Reinig mij van de verborgene afdwalingen.\u201d<\/em><\/p>\n<p>Uiteraard weten we allemaal dat we waakzaam dienen te zijn voor dwaalleren.<\/p>\n<p>In deze context lezen we dat men van verborgen afdwalingen gereinigd wordt door de waarheid en de vreze des Heren.<\/p>\n<p>De Thora is dus hetgeen dat ons zal behoeden in deze afdwalingen, het zal ons de smalle weg laten bewandelen.<\/p>\n<p>Wie stelt dat de Thora zou hebben afgedaan, blijft dus in een dwaalleer, zelfs al wordt er nog zo hard geroepen dat Jezus de waarheid is. Als je niet weet wat die waarheid inhoud is het gewoon een loze kreet.<\/p>\n<p>Psalm 19:14<br \/>\n<em>\u201cHoud Uw knecht ook terug van trotsheden; laat ze niet over mij heersen; dan zal ik oprecht zijn en rein van grote overtreding.\u201d<\/em><\/p>\n<p>In deze context van waarheid en de vreze des Heren, zien we dat ze ons zullen weerhouden van hoogmoed.<\/p>\n<p>Hoogmoed is eveneens een beladen term die men nog wel eens voor elkaars voeten werpt, in een poging om iemand te corrigeren en soms ook om deze manipulatief te kleineren.<\/p>\n<p>Hier lezen we echter dat het houden van de Thora ons weerhoudt van hoogmoed. Dit houdt dus in dat hoogmoed altijd het tegenovergestelde van de Thora is; dus wetteloosheid.<\/p>\n<p>Zo dienen we hoogmoed dus vast te stellen, en niet volgens een onderbuikgevoel jegens een betreffende houding van iemand.<\/p>\n<p>Psalm 19:15<br \/>\n<em>&#8220;Laat de redenen mijns monds, en de overdenking mijns harten welbehagelijk zijn voor Uw aangezicht, o HEERE, mijn Rotssteen en mijn Verlosser!&#8221;<\/em><\/p>\n<p>Psalm 19 wordt afgesloten met een mooie bekende tekst, welke uiteraard in dezelfde context is geschreven als de voorgaande verzen.<\/p>\n<p>De <em>\u201cwoorden van mijn mond en de overdenking van mijn hart\u201d<\/em><\/p>\n<p>Zijn welgevallig zijn voor Zijn aangezicht, indien deze dus volgens waarheid en vreze des Heren zijn, hetgeen in ware essentie, de Thora is.<\/p>\n","protected":false},"excerpt":{"rendered":"<p>Psalm 19 Studie van Karaitisch Messiaans Studiegenootschap Psalm 19:10 \u201cDe vreze des HEEREN is rein, bestaande tot in eeuwigheid, de rechten des [&hellip;]<\/p>\n","protected":false},"author":2,"featured_media":0,"parent":3480,"menu_order":107,"comment_status":"closed","ping_status":"closed","template":"","meta":{"footnotes":""},"class_list":["post-6394","page","type-page","status-publish","hentry"],"yoast_head":"<!-- This site is optimized with the Yoast SEO plugin v27.5 - https:\/\/yoast.com\/product\/yoast-seo-wordpress\/ -->\n<title>Psalm 19 | Beit Emoenah<\/title>\n<meta name=\"description\" content=\"Psalm 19 Studie van Karaitisch Messiaans Studiegenootschap \u201cDe vreze des HEEREN is rein, bestaande tot in eeuwigheid, de rechten des HEEREN zijn...\" \/>\n<meta name=\"robots\" content=\"index, follow, max-snippet:-1, max-image-preview:large, max-video-preview:-1\" \/>\n<link rel=\"canonical\" href=\"https:\/\/beit-emoenah.nl\/26\/studies-2\/psalm-19\/\" \/>\n<meta property=\"og:locale\" content=\"nl_NL\" \/>\n<meta property=\"og:type\" content=\"article\" \/>\n<meta property=\"og:title\" content=\"Psalm 19 - Beit Emoenah\" \/>\n<meta property=\"og:description\" content=\"Psalm 19 - Alle informatie bij Beit Emoenah.\" \/>\n<meta property=\"og:url\" content=\"https:\/\/beit-emoenah.nl\/26\/studies-2\/psalm-19\/\" \/>\n<meta property=\"og:site_name\" content=\"Beit Emoenah\" \/>\n<meta property=\"article:modified_time\" content=\"2024-03-28T10:27:01+00:00\" \/>\n<meta name=\"twitter:card\" content=\"summary_large_image\" \/>\n<meta name=\"twitter:title\" content=\"Psalm 19 - Beit Emoenah\" \/>\n<meta name=\"twitter:description\" content=\"Psalm 19 - Alle informatie bij Beit Emoenah.\" \/>\n<meta name=\"twitter:label1\" content=\"Geschatte leestijd\" \/>\n\t<meta name=\"twitter:data1\" content=\"6 minuten\" \/>\n<script type=\"application\/ld+json\" class=\"yoast-schema-graph\">{\"@context\":\"https:\\\/\\\/schema.org\",\"@graph\":[{\"@type\":\"WebPage\",\"@id\":\"https:\\\/\\\/beit-emoenah.nl\\\/26\\\/studies-2\\\/psalm-19\\\/\",\"url\":\"https:\\\/\\\/beit-emoenah.nl\\\/26\\\/studies-2\\\/psalm-19\\\/\",\"name\":\"Psalm 19 | Beit Emoenah\",\"isPartOf\":{\"@id\":\"https:\\\/\\\/beit-emoenah.nl\\\/26\\\/#website\"},\"datePublished\":\"2021-10-11T13:23:29+00:00\",\"dateModified\":\"2024-03-28T10:27:01+00:00\",\"description\":\"Psalm 19 Studie van Karaitisch Messiaans Studiegenootschap \u201cDe vreze des HEEREN is rein, bestaande tot in eeuwigheid, de rechten des HEEREN zijn...\",\"breadcrumb\":{\"@id\":\"https:\\\/\\\/beit-emoenah.nl\\\/26\\\/studies-2\\\/psalm-19\\\/#breadcrumb\"},\"inLanguage\":\"nl-NL\",\"potentialAction\":[{\"@type\":\"ReadAction\",\"target\":[\"https:\\\/\\\/beit-emoenah.nl\\\/26\\\/studies-2\\\/psalm-19\\\/\"]}]},{\"@type\":\"BreadcrumbList\",\"@id\":\"https:\\\/\\\/beit-emoenah.nl\\\/26\\\/studies-2\\\/psalm-19\\\/#breadcrumb\",\"itemListElement\":[{\"@type\":\"ListItem\",\"position\":1,\"name\":\"Home\",\"item\":\"https:\\\/\\\/beit-emoenah.nl\\\/26\\\/\"},{\"@type\":\"ListItem\",\"position\":2,\"name\":\"Studies\",\"item\":\"https:\\\/\\\/beit-emoenah.nl\\\/26\\\/studies-2\\\/\"},{\"@type\":\"ListItem\",\"position\":3,\"name\":\"Psalm 19\"}]},{\"@type\":\"WebSite\",\"@id\":\"https:\\\/\\\/beit-emoenah.nl\\\/26\\\/#website\",\"url\":\"https:\\\/\\\/beit-emoenah.nl\\\/26\\\/\",\"name\":\"Beit Emoenah\",\"description\":\"Huis van geloof, vertrouwen, kracht en liefde\",\"publisher\":{\"@id\":\"https:\\\/\\\/beit-emoenah.nl\\\/26\\\/#organization\"},\"potentialAction\":[{\"@type\":\"SearchAction\",\"target\":{\"@type\":\"EntryPoint\",\"urlTemplate\":\"https:\\\/\\\/beit-emoenah.nl\\\/26\\\/?s={search_term_string}\"},\"query-input\":{\"@type\":\"PropertyValueSpecification\",\"valueRequired\":true,\"valueName\":\"search_term_string\"}}],\"inLanguage\":\"nl-NL\"},{\"@type\":\"Organization\",\"@id\":\"https:\\\/\\\/beit-emoenah.nl\\\/26\\\/#organization\",\"name\":\"Beit Emoenah\",\"url\":\"https:\\\/\\\/beit-emoenah.nl\\\/26\\\/\",\"logo\":{\"@type\":\"ImageObject\",\"inLanguage\":\"nl-NL\",\"@id\":\"https:\\\/\\\/beit-emoenah.nl\\\/26\\\/#\\\/schema\\\/logo\\\/image\\\/\",\"url\":\"https:\\\/\\\/beit-emoenah.nl\\\/26\\\/wp-content\\\/uploads\\\/2024\\\/07\\\/Logo-beit-emoenah.jpeg\",\"contentUrl\":\"https:\\\/\\\/beit-emoenah.nl\\\/26\\\/wp-content\\\/uploads\\\/2024\\\/07\\\/Logo-beit-emoenah.jpeg\",\"width\":573,\"height\":480,\"caption\":\"Beit Emoenah\"},\"image\":{\"@id\":\"https:\\\/\\\/beit-emoenah.nl\\\/26\\\/#\\\/schema\\\/logo\\\/image\\\/\"}}]}<\/script>\n<!-- \/ Yoast SEO plugin. -->","yoast_head_json":{"title":"Psalm 19 | Beit Emoenah","description":"Psalm 19 Studie van Karaitisch Messiaans Studiegenootschap \u201cDe vreze des HEEREN is rein, bestaande tot in eeuwigheid, de rechten des HEEREN zijn...","robots":{"index":"index","follow":"follow","max-snippet":"max-snippet:-1","max-image-preview":"max-image-preview:large","max-video-preview":"max-video-preview:-1"},"canonical":"https:\/\/beit-emoenah.nl\/26\/studies-2\/psalm-19\/","og_locale":"nl_NL","og_type":"article","og_title":"Psalm 19 - Beit Emoenah","og_description":"Psalm 19 - Alle informatie bij Beit Emoenah.","og_url":"https:\/\/beit-emoenah.nl\/26\/studies-2\/psalm-19\/","og_site_name":"Beit Emoenah","article_modified_time":"2024-03-28T10:27:01+00:00","twitter_card":"summary_large_image","twitter_title":"Psalm 19 - Beit Emoenah","twitter_description":"Psalm 19 - Alle informatie bij Beit Emoenah.","twitter_misc":{"Geschatte leestijd":"6 minuten"},"schema":{"@context":"https:\/\/schema.org","@graph":[{"@type":"WebPage","@id":"https:\/\/beit-emoenah.nl\/26\/studies-2\/psalm-19\/","url":"https:\/\/beit-emoenah.nl\/26\/studies-2\/psalm-19\/","name":"Psalm 19 | Beit Emoenah","isPartOf":{"@id":"https:\/\/beit-emoenah.nl\/26\/#website"},"datePublished":"2021-10-11T13:23:29+00:00","dateModified":"2024-03-28T10:27:01+00:00","description":"Psalm 19 Studie van Karaitisch Messiaans Studiegenootschap \u201cDe vreze des HEEREN is rein, bestaande tot in eeuwigheid, de rechten des HEEREN zijn...","breadcrumb":{"@id":"https:\/\/beit-emoenah.nl\/26\/studies-2\/psalm-19\/#breadcrumb"},"inLanguage":"nl-NL","potentialAction":[{"@type":"ReadAction","target":["https:\/\/beit-emoenah.nl\/26\/studies-2\/psalm-19\/"]}]},{"@type":"BreadcrumbList","@id":"https:\/\/beit-emoenah.nl\/26\/studies-2\/psalm-19\/#breadcrumb","itemListElement":[{"@type":"ListItem","position":1,"name":"Home","item":"https:\/\/beit-emoenah.nl\/26\/"},{"@type":"ListItem","position":2,"name":"Studies","item":"https:\/\/beit-emoenah.nl\/26\/studies-2\/"},{"@type":"ListItem","position":3,"name":"Psalm 19"}]},{"@type":"WebSite","@id":"https:\/\/beit-emoenah.nl\/26\/#website","url":"https:\/\/beit-emoenah.nl\/26\/","name":"Beit Emoenah","description":"Huis van geloof, vertrouwen, kracht en liefde","publisher":{"@id":"https:\/\/beit-emoenah.nl\/26\/#organization"},"potentialAction":[{"@type":"SearchAction","target":{"@type":"EntryPoint","urlTemplate":"https:\/\/beit-emoenah.nl\/26\/?s={search_term_string}"},"query-input":{"@type":"PropertyValueSpecification","valueRequired":true,"valueName":"search_term_string"}}],"inLanguage":"nl-NL"},{"@type":"Organization","@id":"https:\/\/beit-emoenah.nl\/26\/#organization","name":"Beit Emoenah","url":"https:\/\/beit-emoenah.nl\/26\/","logo":{"@type":"ImageObject","inLanguage":"nl-NL","@id":"https:\/\/beit-emoenah.nl\/26\/#\/schema\/logo\/image\/","url":"https:\/\/beit-emoenah.nl\/26\/wp-content\/uploads\/2024\/07\/Logo-beit-emoenah.jpeg","contentUrl":"https:\/\/beit-emoenah.nl\/26\/wp-content\/uploads\/2024\/07\/Logo-beit-emoenah.jpeg","width":573,"height":480,"caption":"Beit Emoenah"},"image":{"@id":"https:\/\/beit-emoenah.nl\/26\/#\/schema\/logo\/image\/"}}]}},"_links":{"self":[{"href":"https:\/\/beit-emoenah.nl\/26\/wp-json\/wp\/v2\/pages\/6394","targetHints":{"allow":["GET"]}}],"collection":[{"href":"https:\/\/beit-emoenah.nl\/26\/wp-json\/wp\/v2\/pages"}],"about":[{"href":"https:\/\/beit-emoenah.nl\/26\/wp-json\/wp\/v2\/types\/page"}],"author":[{"embeddable":true,"href":"https:\/\/beit-emoenah.nl\/26\/wp-json\/wp\/v2\/users\/2"}],"replies":[{"embeddable":true,"href":"https:\/\/beit-emoenah.nl\/26\/wp-json\/wp\/v2\/comments?post=6394"}],"version-history":[{"count":2,"href":"https:\/\/beit-emoenah.nl\/26\/wp-json\/wp\/v2\/pages\/6394\/revisions"}],"predecessor-version":[{"id":12051,"href":"https:\/\/beit-emoenah.nl\/26\/wp-json\/wp\/v2\/pages\/6394\/revisions\/12051"}],"up":[{"embeddable":true,"href":"https:\/\/beit-emoenah.nl\/26\/wp-json\/wp\/v2\/pages\/3480"}],"wp:attachment":[{"href":"https:\/\/beit-emoenah.nl\/26\/wp-json\/wp\/v2\/media?parent=6394"}],"curies":[{"name":"wp","href":"https:\/\/api.w.org\/{rel}","templated":true}]}}