{"id":6485,"date":"2021-11-10T13:12:31","date_gmt":"2021-11-10T11:12:31","guid":{"rendered":"https:\/\/beit-emoenah.nl\/26\/?page_id=6485"},"modified":"2026-04-01T08:43:37","modified_gmt":"2026-04-01T06:43:37","slug":"jerusalem-israel-ring-boomplantactie","status":"publish","type":"page","link":"https:\/\/beit-emoenah.nl\/26\/israel-ondersteuning\/jerusalem-israel-ring-boomplantactie\/","title":{"rendered":"Jerusalem Isra\u00ebl Ring boomplantactie"},"content":{"rendered":"<p>Op deze pagina vindt u meer informatie over Jerusalem Isra\u00ebl Ring boomplantactie.<\/p>\n<div class=\"entry-content\">\n<p>Onze Goldin Ring Actie en vervolgens de Jerusalem Ring Actie zijn tot nu toe een groot succes gebleken. De beoogde 1000 olijfbomen van de Goldin Ring Actie zijn daadwerkelijk geplant in Isra\u00ebl rondom Gaza als symbolische oproep \u201cBreng Hadar Goldin en Oron Shaul thuis\u201d. Van de Jerusalem Ring zijn er inmiddels 800 bomen van de 1000 geplant rondom Jerusalem in Judea en Samaria.<\/p>\n<p><a href=\"https:\/\/beit-emoenah.nl\/26\/wp-content\/uploads\/2021\/05\/WhatsApp-Image-2021-06-04-at-12.12.07-1.jpeg\"><img fetchpriority=\"high\" decoding=\"async\" class=\"alignleft size-medium wp-image-6125\" src=\"https:\/\/beit-emoenah.nl\/26\/wp-content\/uploads\/2021\/05\/WhatsApp-Image-2021-06-04-at-12.12.07-1-169x300.jpeg\" alt=\"\" width=\"169\" height=\"300\" srcset=\"https:\/\/beit-emoenah.nl\/26\/wp-content\/uploads\/2021\/05\/WhatsApp-Image-2021-06-04-at-12.12.07-1-169x300.jpeg 169w, https:\/\/beit-emoenah.nl\/26\/wp-content\/uploads\/2021\/05\/WhatsApp-Image-2021-06-04-at-12.12.07-1-768x1365.jpeg 768w, https:\/\/beit-emoenah.nl\/26\/wp-content\/uploads\/2021\/05\/WhatsApp-Image-2021-06-04-at-12.12.07-1-576x1024.jpeg 576w, https:\/\/beit-emoenah.nl\/26\/wp-content\/uploads\/2021\/05\/WhatsApp-Image-2021-06-04-at-12.12.07-1-230x409.jpeg 230w, https:\/\/beit-emoenah.nl\/26\/wp-content\/uploads\/2021\/05\/WhatsApp-Image-2021-06-04-at-12.12.07-1-350x622.jpeg 350w, https:\/\/beit-emoenah.nl\/26\/wp-content\/uploads\/2021\/05\/WhatsApp-Image-2021-06-04-at-12.12.07-1-480x853.jpeg 480w, https:\/\/beit-emoenah.nl\/26\/wp-content\/uploads\/2021\/05\/WhatsApp-Image-2021-06-04-at-12.12.07-1.jpeg 810w\" sizes=\"(max-width: 169px) 100vw, 169px\" \/><\/a><\/p>\n<p>Wij richten ons nog steeds op wat haShem ons allemaal, door de gebeurtenissen van de laatste jaren met deze actie, en door Zijn oproep heen heeft laat zien.<br \/>\nWe willen door het planten van Olijfbomen laten zien dat we deze oproep met alle kracht proclameren!<\/p>\n<h4 style=\"text-align: center;\"><span style=\"color: #ff0000;\"><strong>En die oproep is:<\/strong><\/span><\/h4>\n<h4 style=\"text-align: center;\"><span style=\"color: #ff0000;\"><strong><em><u>\u201cAm Isra\u00ebl Chai in Isra\u00ebl\u201d. <\/u><\/em><\/strong><strong><em><u>\u201cHeel Isra\u00ebl Leeft in Isra\u00ebl\u201d<\/u><\/em><\/strong><\/span><\/h4>\n<p>Dit betekent dat we als \u201cAm Isra\u00ebl Chai International\u201d nu bezig zijn met de actie <strong><em>\u201cJerusalem Isra\u00ebl Ring\u201d<\/em><\/strong> rondom Jerusalem en dus in Judea en Samaria als symbool voor heel Erets Isra\u00ebl.<br \/>\nHet staat zo mooi verwoord in het Achttiengebed:<\/p>\n<p><em>Blaas de grote bazuin voor onze vrijheid en steek op het teken voor de inzameling van onze ballingen, en zamel ons tezamen in, uit de vier hoeken der aarde. Gezegend Gij, Heere, Die inzamelt de verstrooiden van Zijn volk Isra\u00ebl.<\/em><\/p>\n<p><i>En keer in erbarmen terug naar Jeruzalem, Uw stad, en woon in haar, zoals Gij gesproken hebt; bouw haar, binnenkort in onze dagen, tot een bouwwerk voor altijd, en bereid in haar spoedig de zetel van David.<\/i><\/p>\n<figure id=\"attachment_5887\" aria-describedby=\"caption-attachment-5887\" style=\"width: 321px\" class=\"wp-caption alignleft\"><a href=\"https:\/\/beit-emoenah.nl\/26\/wp-content\/uploads\/2021\/02\/20190517_125742.jpg\"><img decoding=\"async\" class=\"wp-image-5887\" src=\"https:\/\/beit-emoenah.nl\/26\/wp-content\/uploads\/2021\/02\/20190517_125742-300x146.jpg\" sizes=\"(max-width: 321px) 100vw, 321px\" srcset=\"https:\/\/beit-emoenah.nl\/26\/wp-content\/uploads\/2021\/02\/20190517_125742-300x146.jpg 300w, https:\/\/beit-emoenah.nl\/26\/wp-content\/uploads\/2021\/02\/20190517_125742-768x373.jpg 768w, https:\/\/beit-emoenah.nl\/26\/wp-content\/uploads\/2021\/02\/20190517_125742-1024x498.jpg 1024w, https:\/\/beit-emoenah.nl\/26\/wp-content\/uploads\/2021\/02\/20190517_125742-830x403.jpg 830w, https:\/\/beit-emoenah.nl\/26\/wp-content\/uploads\/2021\/02\/20190517_125742-230x112.jpg 230w, https:\/\/beit-emoenah.nl\/26\/wp-content\/uploads\/2021\/02\/20190517_125742-350x170.jpg 350w, https:\/\/beit-emoenah.nl\/26\/wp-content\/uploads\/2021\/02\/20190517_125742-480x233.jpg 480w\" alt=\"\" width=\"321\" height=\"156\" \/><\/a><figcaption id=\"caption-attachment-5887\" class=\"wp-caption-text\">de eerste aanplant in Tekuma in 2018<\/figcaption><\/figure>\n<figure id=\"attachment_7440\" aria-describedby=\"caption-attachment-7440\" style=\"width: 343px\" class=\"wp-caption alignright\"><a href=\"https:\/\/beit-emoenah.nl\/26\/wp-content\/uploads\/2022\/11\/9438e895-1d93-475a-a8dd-23c84a4bcdf7.jpg\"><img decoding=\"async\" class=\"wp-image-7440\" src=\"https:\/\/beit-emoenah.nl\/26\/wp-content\/uploads\/2022\/11\/9438e895-1d93-475a-a8dd-23c84a4bcdf7-300x140.jpg\" alt=\"\" width=\"343\" height=\"160\" srcset=\"https:\/\/beit-emoenah.nl\/26\/wp-content\/uploads\/2022\/11\/9438e895-1d93-475a-a8dd-23c84a4bcdf7-300x140.jpg 300w, https:\/\/beit-emoenah.nl\/26\/wp-content\/uploads\/2022\/11\/9438e895-1d93-475a-a8dd-23c84a4bcdf7-1024x478.jpg 1024w, https:\/\/beit-emoenah.nl\/26\/wp-content\/uploads\/2022\/11\/9438e895-1d93-475a-a8dd-23c84a4bcdf7-768x359.jpg 768w, https:\/\/beit-emoenah.nl\/26\/wp-content\/uploads\/2022\/11\/9438e895-1d93-475a-a8dd-23c84a4bcdf7-1536x717.jpg 1536w, https:\/\/beit-emoenah.nl\/26\/wp-content\/uploads\/2022\/11\/9438e895-1d93-475a-a8dd-23c84a4bcdf7-830x388.jpg 830w, https:\/\/beit-emoenah.nl\/26\/wp-content\/uploads\/2022\/11\/9438e895-1d93-475a-a8dd-23c84a4bcdf7-230x107.jpg 230w, https:\/\/beit-emoenah.nl\/26\/wp-content\/uploads\/2022\/11\/9438e895-1d93-475a-a8dd-23c84a4bcdf7-350x163.jpg 350w, https:\/\/beit-emoenah.nl\/26\/wp-content\/uploads\/2022\/11\/9438e895-1d93-475a-a8dd-23c84a4bcdf7-480x224.jpg 480w, https:\/\/beit-emoenah.nl\/26\/wp-content\/uploads\/2022\/11\/9438e895-1d93-475a-a8dd-23c84a4bcdf7.jpg 2000w\" sizes=\"(max-width: 343px) 100vw, 343px\" \/><\/a><figcaption id=\"caption-attachment-7440\" class=\"wp-caption-text\">de boomgaard in Tekuma in juli 2023<\/figcaption><\/figure>\n<p>Deze actie blijft dus nadrukkelijk <strong>aandacht vragen voor de terugkeer van <\/strong>h\u00e9\u00e9l Isra\u00ebl.<br \/>\n\u201cHeel\u201d Isra\u00ebl betekent voor haShem en ons: Land, Volk en Jerusalem als EEN!<\/p>\n<p>&nbsp;<\/p>\n<p>Daarom lanceren we, namens de \u201cAm Isra\u00ebl Chai International Movement\u201d, nog een keer een nieuwe oproep:<br \/>\n<span style=\"color: #ff0000;\"><strong>Steun Isra\u00ebl en laat via je geschenk aan deze actie zien dat heel Isra\u00ebl zal leven!<br \/>\nPlant met ons ook de laatste 200 bomen om dit getuigenis kracht bij te zetten.<\/strong><\/span><\/p>\n<p>HaShem zegt: \u201cWie U zegenen zal ik zegenen\u201d;<\/p>\n<\/div>\n","protected":false},"excerpt":{"rendered":"<p>Op deze pagina vindt u meer informatie over Jerusalem Isra\u00ebl Ring boomplantactie. Onze Goldin Ring Actie en vervolgens de Jerusalem Ring Actie [&hellip;]<\/p>\n","protected":false},"author":2,"featured_media":0,"parent":3133,"menu_order":9,"comment_status":"closed","ping_status":"closed","template":"","meta":{"footnotes":""},"class_list":["post-6485","page","type-page","status-publish","hentry"],"yoast_head":"<!-- This site is optimized with the Yoast SEO plugin v27.2 - https:\/\/yoast.com\/product\/yoast-seo-wordpress\/ -->\n<title>Jerusalem Isra\u00ebl Ring boomplantactie | Beit Emoenah<\/title>\n<meta name=\"description\" content=\"Onze Goldin Ring Actie en vervolgens de Jerusalem Ring Actie zijn tot nu toe een groot succes gebleken. Bekijk het bij Beit Emoenah.\" \/>\n<meta name=\"robots\" content=\"index, follow, max-snippet:-1, max-image-preview:large, max-video-preview:-1\" \/>\n<link rel=\"canonical\" href=\"https:\/\/beit-emoenah.nl\/26\/israel-ondersteuning\/jerusalem-israel-ring-boomplantactie\/\" \/>\n<meta property=\"og:locale\" content=\"nl_NL\" \/>\n<meta property=\"og:type\" content=\"article\" \/>\n<meta property=\"og:title\" content=\"Jerusalem Isra\u00ebl Ring boomplantactie - Beit Emoenah\" \/>\n<meta property=\"og:description\" content=\"Jerusalem Isra\u00ebl Ring boomplantactie - Alle informatie bij Beit Emoenah.\" \/>\n<meta property=\"og:url\" content=\"https:\/\/beit-emoenah.nl\/26\/israel-ondersteuning\/jerusalem-israel-ring-boomplantactie\/\" \/>\n<meta property=\"og:site_name\" content=\"Beit Emoenah\" \/>\n<meta property=\"article:modified_time\" content=\"2026-04-01T06:43:37+00:00\" \/>\n<meta property=\"og:image\" content=\"https:\/\/beit-emoenah.nl\/26\/wp-content\/uploads\/2021\/05\/WhatsApp-Image-2021-06-04-at-12.12.07-1.jpeg\" \/>\n\t<meta property=\"og:image:width\" content=\"810\" \/>\n\t<meta property=\"og:image:height\" content=\"1440\" \/>\n\t<meta property=\"og:image:type\" content=\"image\/jpeg\" \/>\n<meta name=\"twitter:card\" content=\"summary_large_image\" \/>\n<meta name=\"twitter:title\" content=\"Jerusalem Isra\u00ebl Ring boomplantactie - Beit Emoenah\" \/>\n<meta name=\"twitter:description\" content=\"Jerusalem Isra\u00ebl Ring boomplantactie - Alle informatie bij Beit Emoenah.\" \/>\n<meta name=\"twitter:label1\" content=\"Geschatte leestijd\" \/>\n\t<meta name=\"twitter:data1\" content=\"3 minuten\" \/>\n<script type=\"application\/ld+json\" class=\"yoast-schema-graph\">{\"@context\":\"https:\/\/schema.org\",\"@graph\":[{\"@type\":\"WebPage\",\"@id\":\"https:\/\/beit-emoenah.nl\/26\/israel-ondersteuning\/jerusalem-israel-ring-boomplantactie\/\",\"url\":\"https:\/\/beit-emoenah.nl\/26\/israel-ondersteuning\/jerusalem-israel-ring-boomplantactie\/\",\"name\":\"Jerusalem Isra\u00ebl Ring boomplantactie | Beit Emoenah\",\"isPartOf\":{\"@id\":\"https:\/\/beit-emoenah.nl\/26\/#website\"},\"primaryImageOfPage\":{\"@id\":\"https:\/\/beit-emoenah.nl\/26\/israel-ondersteuning\/jerusalem-israel-ring-boomplantactie\/#primaryimage\"},\"image\":{\"@id\":\"https:\/\/beit-emoenah.nl\/26\/israel-ondersteuning\/jerusalem-israel-ring-boomplantactie\/#primaryimage\"},\"thumbnailUrl\":\"https:\/\/beit-emoenah.nl\/26\/wp-content\/uploads\/2021\/05\/WhatsApp-Image-2021-06-04-at-12.12.07-1-169x300.jpeg\",\"datePublished\":\"2021-11-10T11:12:31+00:00\",\"dateModified\":\"2026-04-01T06:43:37+00:00\",\"description\":\"Onze Goldin Ring Actie en vervolgens de Jerusalem Ring Actie zijn tot nu toe een groot succes gebleken. Bekijk het bij Beit Emoenah.\",\"breadcrumb\":{\"@id\":\"https:\/\/beit-emoenah.nl\/26\/israel-ondersteuning\/jerusalem-israel-ring-boomplantactie\/#breadcrumb\"},\"inLanguage\":\"nl-NL\",\"potentialAction\":[{\"@type\":\"ReadAction\",\"target\":[\"https:\/\/beit-emoenah.nl\/26\/israel-ondersteuning\/jerusalem-israel-ring-boomplantactie\/\"]}]},{\"@type\":\"ImageObject\",\"inLanguage\":\"nl-NL\",\"@id\":\"https:\/\/beit-emoenah.nl\/26\/israel-ondersteuning\/jerusalem-israel-ring-boomplantactie\/#primaryimage\",\"url\":\"https:\/\/beit-emoenah.nl\/26\/wp-content\/uploads\/2021\/05\/WhatsApp-Image-2021-06-04-at-12.12.07-1.jpeg\",\"contentUrl\":\"https:\/\/beit-emoenah.nl\/26\/wp-content\/uploads\/2021\/05\/WhatsApp-Image-2021-06-04-at-12.12.07-1.jpeg\",\"width\":810,\"height\":1440},{\"@type\":\"BreadcrumbList\",\"@id\":\"https:\/\/beit-emoenah.nl\/26\/israel-ondersteuning\/jerusalem-israel-ring-boomplantactie\/#breadcrumb\",\"itemListElement\":[{\"@type\":\"ListItem\",\"position\":1,\"name\":\"Home\",\"item\":\"https:\/\/beit-emoenah.nl\/26\/\"},{\"@type\":\"ListItem\",\"position\":2,\"name\":\"Isra\u00ebl ondersteuning\/support\",\"item\":\"https:\/\/beit-emoenah.nl\/26\/israel-ondersteuning\/\"},{\"@type\":\"ListItem\",\"position\":3,\"name\":\"Jerusalem Isra\u00ebl Ring boomplantactie\"}]},{\"@type\":\"WebSite\",\"@id\":\"https:\/\/beit-emoenah.nl\/26\/#website\",\"url\":\"https:\/\/beit-emoenah.nl\/26\/\",\"name\":\"Beit Emoenah\",\"description\":\"Huis van geloof, vertrouwen, kracht en liefde\",\"publisher\":{\"@id\":\"https:\/\/beit-emoenah.nl\/26\/#organization\"},\"potentialAction\":[{\"@type\":\"SearchAction\",\"target\":{\"@type\":\"EntryPoint\",\"urlTemplate\":\"https:\/\/beit-emoenah.nl\/26\/?s={search_term_string}\"},\"query-input\":{\"@type\":\"PropertyValueSpecification\",\"valueRequired\":true,\"valueName\":\"search_term_string\"}}],\"inLanguage\":\"nl-NL\"},{\"@type\":\"Organization\",\"@id\":\"https:\/\/beit-emoenah.nl\/26\/#organization\",\"name\":\"Beit Emoenah\",\"url\":\"https:\/\/beit-emoenah.nl\/26\/\",\"logo\":{\"@type\":\"ImageObject\",\"inLanguage\":\"nl-NL\",\"@id\":\"https:\/\/beit-emoenah.nl\/26\/#\/schema\/logo\/image\/\",\"url\":\"https:\/\/beit-emoenah.nl\/26\/wp-content\/uploads\/2024\/07\/Logo-beit-emoenah.jpeg\",\"contentUrl\":\"https:\/\/beit-emoenah.nl\/26\/wp-content\/uploads\/2024\/07\/Logo-beit-emoenah.jpeg\",\"width\":573,\"height\":480,\"caption\":\"Beit Emoenah\"},\"image\":{\"@id\":\"https:\/\/beit-emoenah.nl\/26\/#\/schema\/logo\/image\/\"}}]}<\/script>\n<!-- \/ Yoast SEO plugin. -->","yoast_head_json":{"title":"Jerusalem Isra\u00ebl Ring boomplantactie | Beit Emoenah","description":"Onze Goldin Ring Actie en vervolgens de Jerusalem Ring Actie zijn tot nu toe een groot succes gebleken. Bekijk het bij Beit Emoenah.","robots":{"index":"index","follow":"follow","max-snippet":"max-snippet:-1","max-image-preview":"max-image-preview:large","max-video-preview":"max-video-preview:-1"},"canonical":"https:\/\/beit-emoenah.nl\/26\/israel-ondersteuning\/jerusalem-israel-ring-boomplantactie\/","og_locale":"nl_NL","og_type":"article","og_title":"Jerusalem Isra\u00ebl Ring boomplantactie - Beit Emoenah","og_description":"Jerusalem Isra\u00ebl Ring boomplantactie - Alle informatie bij Beit Emoenah.","og_url":"https:\/\/beit-emoenah.nl\/26\/israel-ondersteuning\/jerusalem-israel-ring-boomplantactie\/","og_site_name":"Beit Emoenah","article_modified_time":"2026-04-01T06:43:37+00:00","og_image":[{"width":810,"height":1440,"url":"https:\/\/beit-emoenah.nl\/26\/wp-content\/uploads\/2021\/05\/WhatsApp-Image-2021-06-04-at-12.12.07-1.jpeg","type":"image\/jpeg"}],"twitter_card":"summary_large_image","twitter_title":"Jerusalem Isra\u00ebl Ring boomplantactie - Beit Emoenah","twitter_description":"Jerusalem Isra\u00ebl Ring boomplantactie - Alle informatie bij Beit Emoenah.","twitter_misc":{"Geschatte leestijd":"3 minuten"},"schema":{"@context":"https:\/\/schema.org","@graph":[{"@type":"WebPage","@id":"https:\/\/beit-emoenah.nl\/26\/israel-ondersteuning\/jerusalem-israel-ring-boomplantactie\/","url":"https:\/\/beit-emoenah.nl\/26\/israel-ondersteuning\/jerusalem-israel-ring-boomplantactie\/","name":"Jerusalem Isra\u00ebl Ring boomplantactie | Beit Emoenah","isPartOf":{"@id":"https:\/\/beit-emoenah.nl\/26\/#website"},"primaryImageOfPage":{"@id":"https:\/\/beit-emoenah.nl\/26\/israel-ondersteuning\/jerusalem-israel-ring-boomplantactie\/#primaryimage"},"image":{"@id":"https:\/\/beit-emoenah.nl\/26\/israel-ondersteuning\/jerusalem-israel-ring-boomplantactie\/#primaryimage"},"thumbnailUrl":"https:\/\/beit-emoenah.nl\/26\/wp-content\/uploads\/2021\/05\/WhatsApp-Image-2021-06-04-at-12.12.07-1-169x300.jpeg","datePublished":"2021-11-10T11:12:31+00:00","dateModified":"2026-04-01T06:43:37+00:00","description":"Onze Goldin Ring Actie en vervolgens de Jerusalem Ring Actie zijn tot nu toe een groot succes gebleken. Bekijk het bij Beit Emoenah.","breadcrumb":{"@id":"https:\/\/beit-emoenah.nl\/26\/israel-ondersteuning\/jerusalem-israel-ring-boomplantactie\/#breadcrumb"},"inLanguage":"nl-NL","potentialAction":[{"@type":"ReadAction","target":["https:\/\/beit-emoenah.nl\/26\/israel-ondersteuning\/jerusalem-israel-ring-boomplantactie\/"]}]},{"@type":"ImageObject","inLanguage":"nl-NL","@id":"https:\/\/beit-emoenah.nl\/26\/israel-ondersteuning\/jerusalem-israel-ring-boomplantactie\/#primaryimage","url":"https:\/\/beit-emoenah.nl\/26\/wp-content\/uploads\/2021\/05\/WhatsApp-Image-2021-06-04-at-12.12.07-1.jpeg","contentUrl":"https:\/\/beit-emoenah.nl\/26\/wp-content\/uploads\/2021\/05\/WhatsApp-Image-2021-06-04-at-12.12.07-1.jpeg","width":810,"height":1440},{"@type":"BreadcrumbList","@id":"https:\/\/beit-emoenah.nl\/26\/israel-ondersteuning\/jerusalem-israel-ring-boomplantactie\/#breadcrumb","itemListElement":[{"@type":"ListItem","position":1,"name":"Home","item":"https:\/\/beit-emoenah.nl\/26\/"},{"@type":"ListItem","position":2,"name":"Isra\u00ebl ondersteuning\/support","item":"https:\/\/beit-emoenah.nl\/26\/israel-ondersteuning\/"},{"@type":"ListItem","position":3,"name":"Jerusalem Isra\u00ebl Ring boomplantactie"}]},{"@type":"WebSite","@id":"https:\/\/beit-emoenah.nl\/26\/#website","url":"https:\/\/beit-emoenah.nl\/26\/","name":"Beit Emoenah","description":"Huis van geloof, vertrouwen, kracht en liefde","publisher":{"@id":"https:\/\/beit-emoenah.nl\/26\/#organization"},"potentialAction":[{"@type":"SearchAction","target":{"@type":"EntryPoint","urlTemplate":"https:\/\/beit-emoenah.nl\/26\/?s={search_term_string}"},"query-input":{"@type":"PropertyValueSpecification","valueRequired":true,"valueName":"search_term_string"}}],"inLanguage":"nl-NL"},{"@type":"Organization","@id":"https:\/\/beit-emoenah.nl\/26\/#organization","name":"Beit Emoenah","url":"https:\/\/beit-emoenah.nl\/26\/","logo":{"@type":"ImageObject","inLanguage":"nl-NL","@id":"https:\/\/beit-emoenah.nl\/26\/#\/schema\/logo\/image\/","url":"https:\/\/beit-emoenah.nl\/26\/wp-content\/uploads\/2024\/07\/Logo-beit-emoenah.jpeg","contentUrl":"https:\/\/beit-emoenah.nl\/26\/wp-content\/uploads\/2024\/07\/Logo-beit-emoenah.jpeg","width":573,"height":480,"caption":"Beit Emoenah"},"image":{"@id":"https:\/\/beit-emoenah.nl\/26\/#\/schema\/logo\/image\/"}}]}},"_links":{"self":[{"href":"https:\/\/beit-emoenah.nl\/26\/wp-json\/wp\/v2\/pages\/6485","targetHints":{"allow":["GET"]}}],"collection":[{"href":"https:\/\/beit-emoenah.nl\/26\/wp-json\/wp\/v2\/pages"}],"about":[{"href":"https:\/\/beit-emoenah.nl\/26\/wp-json\/wp\/v2\/types\/page"}],"author":[{"embeddable":true,"href":"https:\/\/beit-emoenah.nl\/26\/wp-json\/wp\/v2\/users\/2"}],"replies":[{"embeddable":true,"href":"https:\/\/beit-emoenah.nl\/26\/wp-json\/wp\/v2\/comments?post=6485"}],"version-history":[{"count":5,"href":"https:\/\/beit-emoenah.nl\/26\/wp-json\/wp\/v2\/pages\/6485\/revisions"}],"predecessor-version":[{"id":17476,"href":"https:\/\/beit-emoenah.nl\/26\/wp-json\/wp\/v2\/pages\/6485\/revisions\/17476"}],"up":[{"embeddable":true,"href":"https:\/\/beit-emoenah.nl\/26\/wp-json\/wp\/v2\/pages\/3133"}],"wp:attachment":[{"href":"https:\/\/beit-emoenah.nl\/26\/wp-json\/wp\/v2\/media?parent=6485"}],"curies":[{"name":"wp","href":"https:\/\/api.w.org\/{rel}","templated":true}]}}