{"id":769,"date":"2012-04-15T14:10:56","date_gmt":"2012-04-15T13:10:56","guid":{"rendered":"http:\/\/beit-emoenah.nl\/26\/?page_id=769"},"modified":"2022-03-05T14:26:16","modified_gmt":"2022-03-05T12:26:16","slug":"de-tegenstander-van-jhwh","status":"publish","type":"page","link":"https:\/\/beit-emoenah.nl\/26\/studies\/de-tegenstander-van-jhwh\/","title":{"rendered":"&#8220;de tegenstander van JHWH&#8221; versus &#8220;de Satan in onszelf&#8221;."},"content":{"rendered":"<p>Op deze pagina vindt u meer informatie over &#8220;de tegenstander van JHWH&#8221; versus &#8220;de Satan in onszelf&#8221;..<\/p>\n<p>Wie is de tegenstander van <strong>\u05d9\u05d4\u05d5\u05d4<\/strong> die door Yeshua overwonnen is?<\/p>\n<p>Velen onder U zullen zeggen: &#8220;vreemde vraag&#8221;. En ze zullen antwoorden dat hier Satan ter sprake komt.<br \/>\nMaar dat laatste is natuurlijk niet waar, maar is de vraag werkelijk zo vreemd als die lijkt?<br \/>\nHet kan toch niet zo zijn dat in het Heilige Koninkrijk van haShem er een tegenstander van haShem bestaat, of toch?<br \/>\nMisschien kunnen we de vraag anders formuleren:<br \/>\nHoe of waarin herkennen we de tegenstander van <strong>\u05d9\u05d4\u05d5\u05d4<\/strong> om ertegen op te staan in geestelijke strijd?<\/p>\n<p>Laten we eens een paar dingen benoemen en ze onder de loep nemen:<br \/>\n1\u00a0\u00a0\u00a0\u00a0\u00a0\u00a0\u00a0\u00a0\u00a0\u00a0\u00a0\u00a0\u00a0\u00a0 de VN, de EU, etc.<br \/>\n2\u00a0\u00a0\u00a0\u00a0\u00a0\u00a0\u00a0\u00a0\u00a0\u00a0\u00a0\u00a0\u00a0\u00a0 de media<br \/>\n3\u00a0\u00a0\u00a0\u00a0\u00a0\u00a0\u00a0\u00a0\u00a0\u00a0\u00a0\u00a0\u00a0\u00a0 de islam<br \/>\n4\u00a0\u00a0\u00a0\u00a0\u00a0\u00a0\u00a0\u00a0\u00a0\u00a0\u00a0\u00a0\u00a0\u00a0 het christendom<br \/>\n5\u00a0\u00a0\u00a0\u00a0\u00a0\u00a0\u00a0\u00a0\u00a0\u00a0\u00a0\u00a0\u00a0\u00a0 andere religies<br \/>\n6\u00a0\u00a0\u00a0\u00a0\u00a0\u00a0\u00a0\u00a0\u00a0\u00a0\u00a0\u00a0\u00a0\u00a0 vrijmetselarij<\/p>\n<p>Dit zijn allemaal tegenstanders van haShem, maar geen van allen kunnen de &#8220;Satan&#8221; zijn aangezien het organisaties of religies betreft.<br \/>\nWel kunnen we stellen dat het tegenstanders van hashem zijn die hun eigen macht nastreven en niet de eer en verheerlijking van hashem.<\/p>\n<p>ad. 1<br \/>\nde VN is een humanistische organisatie die voortgekomen is uit de Volkerenbond. Inmiddels is ook de VN onderverdeeld in verscheidene organisaties. Maar allemaal zijn ze gestoeld op humanistische grondslag.\u00a0De mens heeft hier dus de plaats van <strong>\u05d9\u05d4\u05d5\u05d4<\/strong> ingenomen in al zijn hoogmoed.<\/p>\n<p>Het eerste gebod van <strong>\u05d9\u05d4\u05d5\u05d4<\/strong> luidt:<br \/>\n<strong><em>Ik ben de HEERE, uw God, Die u uit het land Egypte, uit het slavenhuis, geleid heeft. U zult geen andere goden voor Mijn aangezicht hebben.<br \/>\n<\/em><\/strong>De VN en de vele andere vergelijkbare organisaties op deze wereld hebben echter zoals gezegd alleen nog oog voor de mens en hebben de mens op de troon geplaatst. We zien de gevolgen hiervan bijvoorbeeld heel sterk bij de UNHCR. Deze \u201cvredesorganisatie\u201d heeft inmiddels 93 resoluties aangenomen waarvan de overgrote meerderheid zijn gericht tegen het enige democratische land dat zij veroordelen namelijk Isra\u00ebl.<br \/>\nLanden die het met de mensenrechten en geloofsvrijheid niet zo nauw nemen krijgen nauwelijks of geen aandacht. Sterker nog: veel terroristische staten en organisaties krijgen zelfs steun.<br \/>\nHetzelfde geldt voor organisaties als de EU, de VS, de OESO, etc.<br \/>\nZijn dit tegenstanders van <strong>\u05d9\u05d4\u05d5\u05d4<\/strong>?<br \/>\n<span style=\"text-decoration: underline;\">Jazeker zijn ze dat<\/span>!<\/p>\n<p>Ad. 2<br \/>\nDe media zijn ook inmiddels verworden tot de spreekbuis van de tegenstanders van <strong>\u05d9\u05d4\u05d5\u05d4<\/strong>. Er is geen enkel geluid te horen dat het geloof in <strong>\u05d9\u05d4\u05d5\u05d4<\/strong> ondersteund, er zijn geen media die Isra\u00ebl als volk ondersteunen (ook niet als land overigens). Onder het mom van tolerantie en multicultureel worden de normen en waarden graag aan de kant geschoven. De gevolgen hiervan zijn duidelijk zichtbaar. Het geweld op straat en in huis, de criminaliteit, het gebrek aan wederzijds respect, etc. nemen hand over hand toe. En de daders? Ach het zijn arme mensen die een slechte jeugd hebben gehad of wat dies meer zij. En de media? Ze blijven het ondersteunen. Je hoort wel geluiden dat er iets aan gedaan moet worden maar net zo snel wordt er achteraan gezegd dat het tolerant en multicultureel en politiek correct moet.<br \/>\nHoe was ook weer het gezegde? Zachte heelmeesters \u2026\u2026..<br \/>\nEn de media gaan maar door met gif strooien in de harten en gedachten van mensen via radio, televisie, bladen, internet etc.<br \/>\nIs dit een tegenstander van de Eeuwige? Wis en waarachtig, ze zijn niet slechts de spreekbuis van de tegenstanders van \u05d4\u05d5\u05d4 nee, <span style=\"text-decoration: underline;\">ze zijn de tegenstanders<\/span>!<\/p>\n<p>Ad. 3<br \/>\nDe islam leert dat god geen zoon heeft, predikt geweld (Hebreeuws voor geweld is: hamas), onderdrukking van vrouwen en andersdenkenden, verheerlijkt straffen als amputaties, steniging en ophanging. En zo kunnen we nog even doorgaan. En het belangrijkste streven is islamisering door geweld van de hele wereld.<br \/>\nIs dit een godsdienst van liefde? Heeft dit ook maar iets te maken met <strong>\u05d9\u05d4\u05d5\u05d4<\/strong>?<br \/>\nAbsoluut niet! Het is eigenlijk de grootste <span style=\"text-decoration: underline;\">tegenstander van de Eeuwige op dit moment<\/span>. Maar niet voor altijd, Baruch HaShem!<br \/>\nHet gesprek met moslims is heel belangrijk, zowel om elkaar beter te begrijpen en elkaar als medemens te blijven zien maar vooral om als gelovige in <strong>\u05d9\u05d4\u05d5\u05d4<\/strong> de bevrijding en liefde van Hem, de God van Abraham, Iza\u00e4k en Jacob,\u00a0 in Yeshua\u00a0 door te geven. \u2028En het blijft net zo hard nodig, om de ware aard van de islam te ontmaskeren: een totalitair systeem, wat overal de democratie misbruikt om tot het kalifaat te komen.\u2028Hier ligt een taak voor ons als gelovigen, maar net zo goed voor liberaal denkende\u00a0 mensen zonder religie.\u2028 Hoort u bij de berustenden en\/of bij de \u201cislamieten die ons land overspoelen als het islampaard van Troje\u201d\u00a0 of staat u op voor de vrijheid van ons land voor alle mensen? Laat dat dan merken door actief te worden.\u2028 Maak u los uit de \u201cstilzwijgende meerderheid\u201d en sta voor <strong>\u05d9\u05d4\u05d5\u05d4<\/strong>, voor redding van hen die verloren dreigen te gaan en voor onze vrijheid.\u2028 Iedereen, zeker ook moslims, zijn uitgenodigd hierin mee te doen en te denken.\u2028 Er staat niet voor niets geschreven: &#8220;Jesaja 19:23-25: \u00a0<em>Op die dag zal er een gebaande weg zijn van Egypte naar Assyri\u00eb. De Assyri\u00ebrs zullen in Egypte komen en de Egyptenaren in Assyri\u00eb. De Egyptenaren zullen samen met de Assyri\u00ebrs de HEERE dienen.\u00a0Op die dag zal Isra\u00ebl de derde zijn naast Egypte en Assyri\u00eb, een zegen in het midden van de aarde.\u00a0Want de HEERE van de legermachten zal hen zegenen met de woorden: <strong>Gezegend zij Mijn volk Egypte, het werk van Mijn handen Assyri\u00eb, en Mijn eigendom Isra\u00ebl!<\/strong><\/em>&#8220;. \u00a0Shalom.<\/p>\n<p>Ad. 4<br \/>\nIs het christendom een tegenstander van <strong>\u05d9\u05d4\u05d5\u05d4<\/strong>?<br \/>\nIk ben bang dat we moeten constateren dat het antwoord bevestigend is.<br \/>\nWat zegt iemand die stelt \u201cik ben een christen\u201d bijvoorbeeld?<br \/>\nDe persoon zegt in feite dat hij\/zij een gezalfde volgt. Maar welke dan? Abraham? Mozes? David? Samuel? Ezechi\u00ebl? Salomo? Jesaja? Zij allen en vele anderen waren gezalfden.<br \/>\nEn waarom worden nog steeds eigen feesten gevierd in plaats van de feesten die <strong>\u05d9\u05d4\u05d5\u05d4<\/strong> heeft ingesteld? Waarom zijn deze allemaal verschoven naar feestdagen van afgoden en wordt daaraan krampachtig vastgehouden?<br \/>\nEn sommige kerken of geloofsgemeenschappen gaan zelfs nog verder en vereren andere heiligen dan <strong>\u05d9\u05d4\u05d5\u05d4<\/strong>. Ze stellen andere goden voor zich. Of nog gekker: ze gebruiken overleden dierbaren als middelaars tussen hen en <strong>\u05d9\u05d4\u05d5\u05d4<\/strong>. En wat zegt de Eeuwige hierover in Zijn woord: er is maar \u00e9\u00e9n Middelaar! Yeshua haMashiach, de Zoon van <strong>\u05d9\u05d4\u05d5\u05d4<\/strong> ofwel <strong>\u05d9\u05d4\u05d5\u05d4<\/strong> zelf!!<br \/>\nLaten we bidden en hopen dat velen zich zullen bekeren en dat Yeshua bij Zijn komst bevestigend kan antwoorden op Zijn eigen vraag: \u201c<em>zal Ik nog het ware geloof vinden op aarde?<\/em>\u201d<br \/>\nHet is een ramp maar grote delen van het christendom behoort tot de vijanden van <strong>\u05d9\u05d4\u05d5\u05d4<\/strong>. Het is niet voor niets dat de kerken leeglopen en geloofsgemeenschappen geen stand meer houden.<\/p>\n<p>Ad. 5<br \/>\nAndere religies spreken voor zich. Het aanbidden en vereren van andere goden dan <strong>\u05d9\u05d4\u05d5\u05d4<\/strong> is iets van de tegenstander. Als zelfs de schepping zelf al de Godheid van <strong>\u05d9\u05d4\u05d5\u05d4<\/strong> verkondigd wanneer dat nodig is dan kan een andere god alleen ingegeven worden door satan zelf.<\/p>\n<p>Ad. 6<br \/>\nDe vrijmetselarij en gelijksoortige organisaties spreken ook voor zich. De symboliek van \u05f4satan\u05f4 zelf zit overal in verweven. Zelfs bekende politici maken geen V symbool meer maar maken het symbool van satan met hun handen als ze groeten. Het streven naar een nieuwe wereldorde gaat in rasse schreden voorwaarts e de massa volgt als makke schapen.<br \/>\nDe vrijmetselarij, iluminati, Bilderberggroep, etc. zijn al zo ver in de samenleving binnengedrongen dat de meesten het niet eens meer opmerken. En als het al opvalt wordt het door de media of eerdergenoemde stromingen heel snel bedekt.<\/p>\n<p>Laten we opstaan en de wapenrusting aandoen het tweesnijdend zwaard oppakken en deze tegenstanders tegemoet treden.<\/p>\n<p>Blijft dus de grote vraag:<br \/>\n<span style=\"color: #ff0000;\"><strong>Wie of wat is de satan,\u00a0<\/strong><b>\u05e9\u05d8\u05df?<\/b><\/span><strong><br \/>\n<\/strong><\/p>\n<p><strong>\u05e9\u05d8\u05df betekent letterlijk: &#8220;iemand of iets dat weerstand biedt&#8221;<\/strong>. Is hij de gevallen engel des lichts die door haShem uit Zijn Koninkrijk is geworpen om de macht op aarde over te nemen?<br \/>\n<b>Gevallen engel<\/b>\u00a0zijn in Abrahamitische religies engelen die uit de hemel werden verbannen. <strong>De term komt niet voor in de Tenach, deBriet Chadasjah\u00a0of de Koran,<\/strong> maar wordt gebruikt om boodschappers aan te duiden die uit de hemel werden geworpen. Waarom is er dan een satan? Waarom bestaat er een wezen wiens naam onder andere\u00a0<em>aanklager\u00a0<\/em>betekent? Een \u2018duivel\u2019, wat <em>lasteraar<\/em> betekent, een \u2018<span style=\"text-decoration: underline;\">misleider van de hele wereld<\/span>\u2019 (Openbaring 12:9), een \u2018<span style=\"text-decoration: underline;\">vorst\u00a0van deze wereld<\/span>\u2019 (Johannes 12: 31; 14:30; 16:11), een \u2018<span style=\"text-decoration: underline;\">god van deze eeuw<\/span>\u2019 (2 Korinti\u00ebrs 4:4), een \u2018<span style=\"text-decoration: underline;\">prins van de macht der lucht<\/span>\u2019 (Efezi\u00ebrs 2:2), een \u2018<span style=\"text-decoration: underline;\">Be\u00eblzebul, de aanvoerder der demonen<\/span>\u2019 (Matthe\u00fcs 12:24)? Waar komt hij vandaan?<br \/>\nDe brieven van Judas en 2 Petrus lijken ons aanwijzingen te geven. Judas, vers 6, zegt: \u2018De engelen die hun oorspronkelijke staat niet hebben bewaard, maar hun eigen woonplaats verlaten hebben, heeft Hij voor het oordeel van de grote dag met eeuwige boeien in de duisternis in verzekerde bewaring gesteld.\u2019 En 2 Petrus 2 vers 4 zegt: \u2018God heeft de engelen niet gespaard toen zij zondigden, <span style=\"text-decoration: underline;\">maar heeft hen in de hel geworpen en overgegeven aan de ketenen van de duisternis<\/span> om tot het oordeel bewaard te worden.\u2019 Echter deze twee aanwijzingen maken duidelijk dat deze engelen (boodschappers) geen macht in deze wereld hebben.<\/p>\n<p><strong>Wat is er aan de hand?\u00a0&#8220;wie is die iemand of iets dat weerstand biedt&#8221;<\/strong><\/p>\n<p><span style=\"color: #ff0000;\">Duidelijk is inmiddels dat er geen engel of wezen is dat van buiten onszelf weerstand biedt tegen<\/span><strong><span style=\"color: #ff0000;\"> \u05d9\u05d4\u05d5\u05d4.<br \/>\n<\/span><\/strong>Er is dus maar een mogelijkheid over: <span style=\"text-decoration: underline;\"><span style=\"color: #ff0000; text-decoration: underline;\"><strong>&#8220;Satan, \u05e9\u05d8\u05df&#8221; is die kracht in onszelf<\/strong><\/span> <\/span>die <strong>weerstand biedt\u00a0<\/strong>tegen het deel icons dat vervuld is met de Ruch haKodesh van haShem.<br \/>\nDaarom staat er ook geschreven: \u00a0<span style=\"text-decoration: underline;\"><em>&#8220;Want wij hebben de strijd niet tegen vlees en bloed, maar tegen de overheden, tegen de machten, tegen de wereldbeheersers van de duisternis van dit tijdperk, tegen de geestelijke machten van het kwaad in de hemelse gewesten&#8221;<\/em><\/span>. Efeze 6:12<br \/>\nAls je goed leest zijn dit de aanklagers, duivel, etc zoals in de bovengenoemde teksten al zijn benoemd.. Deze verleiders zijn dus een deel van onszelf die ons van haShem proberen af te leiden.<br \/>\n<strong>MAAR:<\/strong><br \/>\n<span style=\"color: #ff0000;\"><strong>Wees niet bevreesd<\/strong><\/span>: Yeshua haMasjiach heeft al deze misleiders al overwonnen en wij als vrijgekochten door Zijn verzoening zijn <strong><em>&#8220;Meer dan overwinnaars&#8221;.<br \/>\n<\/em><\/strong>Daarom staat er ook geschreven:<strong><em> &#8220;Voorwaar, voorwaar, Ik zeg u: Wie in Mij gelooft, zal de werken die Ik doe, ook doen, en hij zal grotere doen dan deze, want Ik ga heen naar Mijn Vader.&#8221; <\/em><\/strong>Johannes 14:12<\/p>\n<p>Wat bedoelde Johannes toen hij schreef: &#8220;<i>en hij zal grotere doen dan deze&#8221;. <\/i><strong>Het is een geweldige boodschap die Yeshua voor ons mogelijk heeft gemaakt namelijk:<\/strong><br \/>\n<strong>Yeshua zond de machten en krachten weg, maar in Zijn Kracht van Emoenah zenden we ze niet weg maar behalen we een\u00a0allesvernietigende overwinning over hen!<\/strong><\/p>\n<h3><strong><span style=\"text-decoration: underline;\">Yeshua, niemand minder dan \u05d9\u05d4\u05d5\u05d4, heeft overwonnen en ons die overwinning doorgegeven!<\/span><\/strong><\/h3>\n<p><strong><span style=\"text-decoration: underline;\">Laten we deze overwinning proclameren op de wereld met onze houding door te leven naar Tora.<\/span><\/strong><\/p>\n","protected":false},"excerpt":{"rendered":"<p>Op deze pagina vindt u meer informatie over &#8220;de tegenstander van JHWH&#8221; versus &#8220;de Satan in onszelf&#8221;.. Wie is de tegenstander van [&hellip;]<\/p>\n","protected":false},"author":2,"featured_media":0,"parent":688,"menu_order":100,"comment_status":"closed","ping_status":"closed","template":"","meta":{"footnotes":""},"class_list":["post-769","page","type-page","status-publish","hentry"],"yoast_head":"<!-- This site is optimized with the Yoast SEO plugin v27.5 - https:\/\/yoast.com\/product\/yoast-seo-wordpress\/ -->\n<title>&#8220;de tegenstander van JHWH&#8221; versus... | Beit Emoenah<\/title>\n<meta name=\"description\" content=\"Wie is de tegenstander van \u05d9\u05d4\u05d5\u05d4 die door Yeshua overwonnen is? Velen onder U zullen zeggen: &quot;vreemde vraag&quot;. Bekijk het bij Beit Emoenah.\" \/>\n<meta name=\"robots\" content=\"index, follow, max-snippet:-1, max-image-preview:large, max-video-preview:-1\" \/>\n<link rel=\"canonical\" href=\"https:\/\/beit-emoenah.nl\/26\/studies\/de-tegenstander-van-jhwh\/\" \/>\n<meta property=\"og:locale\" content=\"nl_NL\" \/>\n<meta property=\"og:type\" content=\"article\" \/>\n<meta property=\"og:title\" content=\"&#8220;de tegenstander van JHWH&#8221; versus &#8220;de Satan in...\" \/>\n<meta property=\"og:description\" content=\"&#8220;de tegenstander van JHWH&#8221; versus &#8220;de Satan in onszelf&#8221;. - Alle informatie bij Beit Emoenah.\" \/>\n<meta property=\"og:url\" content=\"https:\/\/beit-emoenah.nl\/26\/studies\/de-tegenstander-van-jhwh\/\" \/>\n<meta property=\"og:site_name\" content=\"Beit Emoenah\" \/>\n<meta property=\"article:modified_time\" content=\"2022-03-05T12:26:16+00:00\" \/>\n<meta name=\"twitter:card\" content=\"summary_large_image\" \/>\n<meta name=\"twitter:title\" content=\"&#8220;de tegenstander van JHWH&#8221; versus &#8220;de Satan in...\" \/>\n<meta name=\"twitter:description\" content=\"&#8220;de tegenstander van JHWH&#8221; versus &#8220;de Satan in onszelf&#8221;. - Alle informatie bij Beit Emoenah.\" \/>\n<meta name=\"twitter:label1\" content=\"Geschatte leestijd\" \/>\n\t<meta name=\"twitter:data1\" content=\"9 minuten\" \/>\n<script type=\"application\/ld+json\" class=\"yoast-schema-graph\">{\"@context\":\"https:\\\/\\\/schema.org\",\"@graph\":[{\"@type\":\"WebPage\",\"@id\":\"https:\\\/\\\/beit-emoenah.nl\\\/26\\\/studies\\\/de-tegenstander-van-jhwh\\\/\",\"url\":\"https:\\\/\\\/beit-emoenah.nl\\\/26\\\/studies\\\/de-tegenstander-van-jhwh\\\/\",\"name\":\"&#8220;de tegenstander van JHWH&#8221; versus... | Beit Emoenah\",\"isPartOf\":{\"@id\":\"https:\\\/\\\/beit-emoenah.nl\\\/26\\\/#website\"},\"datePublished\":\"2012-04-15T13:10:56+00:00\",\"dateModified\":\"2022-03-05T12:26:16+00:00\",\"description\":\"Wie is de tegenstander van \u05d9\u05d4\u05d5\u05d4 die door Yeshua overwonnen is? Velen onder U zullen zeggen: \\\"vreemde vraag\\\". Bekijk het bij Beit Emoenah.\",\"breadcrumb\":{\"@id\":\"https:\\\/\\\/beit-emoenah.nl\\\/26\\\/studies\\\/de-tegenstander-van-jhwh\\\/#breadcrumb\"},\"inLanguage\":\"nl-NL\",\"potentialAction\":[{\"@type\":\"ReadAction\",\"target\":[\"https:\\\/\\\/beit-emoenah.nl\\\/26\\\/studies\\\/de-tegenstander-van-jhwh\\\/\"]}]},{\"@type\":\"BreadcrumbList\",\"@id\":\"https:\\\/\\\/beit-emoenah.nl\\\/26\\\/studies\\\/de-tegenstander-van-jhwh\\\/#breadcrumb\",\"itemListElement\":[{\"@type\":\"ListItem\",\"position\":1,\"name\":\"Home\",\"item\":\"https:\\\/\\\/beit-emoenah.nl\\\/26\\\/\"},{\"@type\":\"ListItem\",\"position\":2,\"name\":\"Studies\",\"item\":\"https:\\\/\\\/beit-emoenah.nl\\\/26\\\/studies\\\/\"},{\"@type\":\"ListItem\",\"position\":3,\"name\":\"&#8220;de tegenstander van JHWH&#8221; versus &#8220;de Satan in onszelf&#8221;.\"}]},{\"@type\":\"WebSite\",\"@id\":\"https:\\\/\\\/beit-emoenah.nl\\\/26\\\/#website\",\"url\":\"https:\\\/\\\/beit-emoenah.nl\\\/26\\\/\",\"name\":\"Beit Emoenah\",\"description\":\"Huis van geloof, vertrouwen, kracht en liefde\",\"publisher\":{\"@id\":\"https:\\\/\\\/beit-emoenah.nl\\\/26\\\/#organization\"},\"potentialAction\":[{\"@type\":\"SearchAction\",\"target\":{\"@type\":\"EntryPoint\",\"urlTemplate\":\"https:\\\/\\\/beit-emoenah.nl\\\/26\\\/?s={search_term_string}\"},\"query-input\":{\"@type\":\"PropertyValueSpecification\",\"valueRequired\":true,\"valueName\":\"search_term_string\"}}],\"inLanguage\":\"nl-NL\"},{\"@type\":\"Organization\",\"@id\":\"https:\\\/\\\/beit-emoenah.nl\\\/26\\\/#organization\",\"name\":\"Beit Emoenah\",\"url\":\"https:\\\/\\\/beit-emoenah.nl\\\/26\\\/\",\"logo\":{\"@type\":\"ImageObject\",\"inLanguage\":\"nl-NL\",\"@id\":\"https:\\\/\\\/beit-emoenah.nl\\\/26\\\/#\\\/schema\\\/logo\\\/image\\\/\",\"url\":\"https:\\\/\\\/beit-emoenah.nl\\\/26\\\/wp-content\\\/uploads\\\/2024\\\/07\\\/Logo-beit-emoenah.jpeg\",\"contentUrl\":\"https:\\\/\\\/beit-emoenah.nl\\\/26\\\/wp-content\\\/uploads\\\/2024\\\/07\\\/Logo-beit-emoenah.jpeg\",\"width\":573,\"height\":480,\"caption\":\"Beit Emoenah\"},\"image\":{\"@id\":\"https:\\\/\\\/beit-emoenah.nl\\\/26\\\/#\\\/schema\\\/logo\\\/image\\\/\"}}]}<\/script>\n<!-- \/ Yoast SEO plugin. -->","yoast_head_json":{"title":"&#8220;de tegenstander van JHWH&#8221; versus... | Beit Emoenah","description":"Wie is de tegenstander van \u05d9\u05d4\u05d5\u05d4 die door Yeshua overwonnen is? Velen onder U zullen zeggen: \"vreemde vraag\". Bekijk het bij Beit Emoenah.","robots":{"index":"index","follow":"follow","max-snippet":"max-snippet:-1","max-image-preview":"max-image-preview:large","max-video-preview":"max-video-preview:-1"},"canonical":"https:\/\/beit-emoenah.nl\/26\/studies\/de-tegenstander-van-jhwh\/","og_locale":"nl_NL","og_type":"article","og_title":"&#8220;de tegenstander van JHWH&#8221; versus &#8220;de Satan in...","og_description":"&#8220;de tegenstander van JHWH&#8221; versus &#8220;de Satan in onszelf&#8221;. - Alle informatie bij Beit Emoenah.","og_url":"https:\/\/beit-emoenah.nl\/26\/studies\/de-tegenstander-van-jhwh\/","og_site_name":"Beit Emoenah","article_modified_time":"2022-03-05T12:26:16+00:00","twitter_card":"summary_large_image","twitter_title":"&#8220;de tegenstander van JHWH&#8221; versus &#8220;de Satan in...","twitter_description":"&#8220;de tegenstander van JHWH&#8221; versus &#8220;de Satan in onszelf&#8221;. - Alle informatie bij Beit Emoenah.","twitter_misc":{"Geschatte leestijd":"9 minuten"},"schema":{"@context":"https:\/\/schema.org","@graph":[{"@type":"WebPage","@id":"https:\/\/beit-emoenah.nl\/26\/studies\/de-tegenstander-van-jhwh\/","url":"https:\/\/beit-emoenah.nl\/26\/studies\/de-tegenstander-van-jhwh\/","name":"&#8220;de tegenstander van JHWH&#8221; versus... | Beit Emoenah","isPartOf":{"@id":"https:\/\/beit-emoenah.nl\/26\/#website"},"datePublished":"2012-04-15T13:10:56+00:00","dateModified":"2022-03-05T12:26:16+00:00","description":"Wie is de tegenstander van \u05d9\u05d4\u05d5\u05d4 die door Yeshua overwonnen is? Velen onder U zullen zeggen: \"vreemde vraag\". Bekijk het bij Beit Emoenah.","breadcrumb":{"@id":"https:\/\/beit-emoenah.nl\/26\/studies\/de-tegenstander-van-jhwh\/#breadcrumb"},"inLanguage":"nl-NL","potentialAction":[{"@type":"ReadAction","target":["https:\/\/beit-emoenah.nl\/26\/studies\/de-tegenstander-van-jhwh\/"]}]},{"@type":"BreadcrumbList","@id":"https:\/\/beit-emoenah.nl\/26\/studies\/de-tegenstander-van-jhwh\/#breadcrumb","itemListElement":[{"@type":"ListItem","position":1,"name":"Home","item":"https:\/\/beit-emoenah.nl\/26\/"},{"@type":"ListItem","position":2,"name":"Studies","item":"https:\/\/beit-emoenah.nl\/26\/studies\/"},{"@type":"ListItem","position":3,"name":"&#8220;de tegenstander van JHWH&#8221; versus &#8220;de Satan in onszelf&#8221;."}]},{"@type":"WebSite","@id":"https:\/\/beit-emoenah.nl\/26\/#website","url":"https:\/\/beit-emoenah.nl\/26\/","name":"Beit Emoenah","description":"Huis van geloof, vertrouwen, kracht en liefde","publisher":{"@id":"https:\/\/beit-emoenah.nl\/26\/#organization"},"potentialAction":[{"@type":"SearchAction","target":{"@type":"EntryPoint","urlTemplate":"https:\/\/beit-emoenah.nl\/26\/?s={search_term_string}"},"query-input":{"@type":"PropertyValueSpecification","valueRequired":true,"valueName":"search_term_string"}}],"inLanguage":"nl-NL"},{"@type":"Organization","@id":"https:\/\/beit-emoenah.nl\/26\/#organization","name":"Beit Emoenah","url":"https:\/\/beit-emoenah.nl\/26\/","logo":{"@type":"ImageObject","inLanguage":"nl-NL","@id":"https:\/\/beit-emoenah.nl\/26\/#\/schema\/logo\/image\/","url":"https:\/\/beit-emoenah.nl\/26\/wp-content\/uploads\/2024\/07\/Logo-beit-emoenah.jpeg","contentUrl":"https:\/\/beit-emoenah.nl\/26\/wp-content\/uploads\/2024\/07\/Logo-beit-emoenah.jpeg","width":573,"height":480,"caption":"Beit Emoenah"},"image":{"@id":"https:\/\/beit-emoenah.nl\/26\/#\/schema\/logo\/image\/"}}]}},"_links":{"self":[{"href":"https:\/\/beit-emoenah.nl\/26\/wp-json\/wp\/v2\/pages\/769","targetHints":{"allow":["GET"]}}],"collection":[{"href":"https:\/\/beit-emoenah.nl\/26\/wp-json\/wp\/v2\/pages"}],"about":[{"href":"https:\/\/beit-emoenah.nl\/26\/wp-json\/wp\/v2\/types\/page"}],"author":[{"embeddable":true,"href":"https:\/\/beit-emoenah.nl\/26\/wp-json\/wp\/v2\/users\/2"}],"replies":[{"embeddable":true,"href":"https:\/\/beit-emoenah.nl\/26\/wp-json\/wp\/v2\/comments?post=769"}],"version-history":[{"count":5,"href":"https:\/\/beit-emoenah.nl\/26\/wp-json\/wp\/v2\/pages\/769\/revisions"}],"predecessor-version":[{"id":6818,"href":"https:\/\/beit-emoenah.nl\/26\/wp-json\/wp\/v2\/pages\/769\/revisions\/6818"}],"up":[{"embeddable":true,"href":"https:\/\/beit-emoenah.nl\/26\/wp-json\/wp\/v2\/pages\/688"}],"wp:attachment":[{"href":"https:\/\/beit-emoenah.nl\/26\/wp-json\/wp\/v2\/media?parent=769"}],"curies":[{"name":"wp","href":"https:\/\/api.w.org\/{rel}","templated":true}]}}